{"id":1717,"date":"2024-07-28T14:39:28","date_gmt":"2024-07-28T14:39:28","guid":{"rendered":"https:\/\/sausage-stuffer.com\/?post_type=product&#038;p=1717"},"modified":"2024-08-03T07:20:46","modified_gmt":"2024-08-03T07:20:46","slug":"commercial-bone-cutting-machine-jg210b","status":"publish","type":"product","link":"https:\/\/sausage-stuffer.com\/tr\/manufacturer\/commercial-bone-cutting-machine-jg210b\/","title":{"rendered":"Ticari Kemik Kesme Makinesi JG210B"},"content":{"rendered":"<p>Ticari kemik kesme makinesi, \u00f6zellikle ticari mutfaklarda, kasap d\u00fckkanlar\u0131nda ve et i\u015fleme tesislerinde kemikleri, donmu\u015f etleri ve di\u011fer sert malzemeleri kesmek i\u00e7in a\u011f\u0131r et i\u015fleme g\u00f6revleri i\u00e7in tasarlanm\u0131\u015f \u00f6zel bir ekipmand\u0131r. \u0130\u015fte bu t\u00fcr makineler i\u00e7in baz\u0131 temel \u00f6zellikler ve dikkat edilmesi gereken hususlar:<\/p>\n<h3><strong>\u00d6zellikler<\/strong><\/h3>\n<h4><strong>1. G\u00fc\u00e7l\u00fc Motor:<\/strong><\/h4>\n<ul>\n<li>\n<h4><span style=\"color: #333333; font-size: 14.4px;\">Zorlu malzemelerde p\u00fcr\u00fczs\u00fcz ve verimli kesim sa\u011flamak i\u00e7in y\u00fcksek g\u00fc\u00e7l\u00fc motorlar.<\/span><\/h4>\n<\/li>\n<\/ul>\n<h4><strong>2. Dayan\u0131kl\u0131 Yap\u0131:<\/strong><\/h4>\n<ul>\n<li>A\u011f\u0131r kullan\u0131ma dayanmas\u0131 ve uzun \u00f6m\u00fcrl\u00fc olmas\u0131 i\u00e7in paslanmaz \u00e7elik gibi sa\u011flam malzemelerden \u00fcretilmi\u015ftir.<\/li>\n<li>Korozyona dayan\u0131kl\u0131 \u00f6zellikler hijyen ve dayan\u0131kl\u0131l\u0131k i\u00e7in \u00f6nemlidir.<\/li>\n<\/ul>\n<h4><strong>3. G\u00fcvenlik \u00d6zellikleri:<\/strong><\/h4>\n<ul>\n<li>Kullan\u0131c\u0131 g\u00fcvenli\u011fini sa\u011flamak i\u00e7in g\u00fcvenlik korumalar\u0131, acil durdurma d\u00fc\u011fmeleri ve kaymaz tabanlarla donat\u0131lm\u0131\u015ft\u0131r.<\/li>\n<li>Baz\u0131 modellerde, \u00e7al\u0131\u015fma s\u0131ras\u0131nda makine a\u00e7\u0131l\u0131rsa otomatik b\u0131\u00e7ak kapatma \u00f6zelli\u011fi bulunur.<\/li>\n<\/ul>\n<h4><strong>4. Ayarlanabilir B\u0131\u00e7ak:<\/strong><\/h4>\n<ul>\n<li>Farkl\u0131 kal\u0131nl\u0131klara ve kesim t\u00fcrlerine uyum sa\u011flamak i\u00e7in ayarlanabilir b\u0131\u00e7ak ayarlar\u0131.<\/li>\n<li>Farkl\u0131 kesim ihtiya\u00e7lar\u0131 ve bak\u0131m i\u00e7in kolay de\u011fi\u015ftirilebilen b\u0131\u00e7aklar.<\/li>\n<\/ul>\n<h4><strong>5. Hijyenik Tasar\u0131m:<\/strong><\/h4>\n<ul>\n<li>Y\u00fcksek hijyen standartlar\u0131n\u0131 korumak i\u00e7in kolay temizlenecek \u015fekilde tasarlanm\u0131\u015ft\u0131r.<\/li>\n<li>Bula\u015f\u0131k makinesinde y\u0131kanabilen veya kolayca dezenfekte edilebilen \u00e7\u0131kar\u0131labilir par\u00e7alar.<\/li>\n<\/ul>\n<h4><strong>6. Hassas Kesim:<\/strong><\/h4>\n<ul>\n<li>Et porsiyonlar\u0131nda homojenlik sa\u011flamak i\u00e7in hassas ve tutarl\u0131 kesimler sunar.<\/li>\n<li>Baz\u0131 makineler kesin kesimler i\u00e7in \u00f6l\u00e7\u00fcm k\u0131lavuzlar\u0131yla birlikte gelir.<\/li>\n<\/ul>\n<h3><strong>Dikkate Al\u0131nmas\u0131 Gerekenler<\/strong><\/h3>\n<p><strong>1.Kapasite:<\/strong><\/p>\n<ul>\n<li>Makine, i\u015finiz i\u00e7in gereken i\u015flem hacmine uygun olmal\u0131d\u0131r.<\/li>\n<li>Kesme tablas\u0131n\u0131n boyutunu ve i\u015fleyebilece\u011fi maksimum kal\u0131nl\u0131\u011f\u0131 g\u00f6z \u00f6n\u00fcnde bulundurun.<\/li>\n<\/ul>\n<p><strong>2. Kullan\u0131m Kolayl\u0131\u011f\u0131:<\/strong><\/p>\n<ul>\n<li>Kullan\u0131c\u0131 dostu kontroller ve a\u00e7\u0131k talimatlar verimli \u00e7al\u0131\u015fma i\u00e7in \u00e7ok \u00f6nemlidir.<\/li>\n<li>Personel i\u00e7in e\u011fitim gereklilikleri de dikkate al\u0131nmal\u0131d\u0131r.<\/li>\n<\/ul>\n<p><strong>3.Bak\u0131m:<\/strong><\/p>\n<ul>\n<li>Bak\u0131m ve onar\u0131m i\u00e7in kolay eri\u015filebilir par\u00e7alara sahip makineler aray\u0131n.<\/li>\n<li>Yedek par\u00e7alar\u0131n mevcudiyeti ve \u00fcreticiden destek.<\/li>\n<\/ul>\n<p><strong>4. Enerji Verimlili\u011fi:<\/strong><\/p>\n<ul>\n<li>Enerji tasarrufu \u00f6zelliklerine sahip makineler zaman i\u00e7inde i\u015fletme maliyetlerini azaltabilir.<\/li>\n<\/ul>\n<p><strong>5.Maliyet:<\/strong><\/p>\n<ul>\n<li>\u0130lk yat\u0131r\u0131m\u0131 makinenin beklenen dayan\u0131kl\u0131l\u0131\u011f\u0131 ve performans\u0131 ile dengeleyin.<\/li>\n<li>Bak\u0131m ve i\u015fletme maliyetleri de dahil olmak \u00fczere toplam sahip olma maliyetini g\u00f6z \u00f6n\u00fcnde bulundurun.<\/li>\n<\/ul>\n<h3><strong>Ticari Kemik Kesme Makinesi Uygulamalar\u0131<\/strong><\/h3>\n<p><strong>Kasap D\u00fckkanlar\u0131:<\/strong><\/p>\n<ul>\n<li>B\u00fcy\u00fck et ve kemik par\u00e7alar\u0131n\u0131 hassas ve h\u0131zl\u0131 bir \u015fekilde kesmek i\u00e7in.<\/li>\n<\/ul>\n<p><strong>Et \u0130\u015fleme Tesisleri:<\/strong><\/p>\n<ul>\n<li>Et \u00fcr\u00fcnlerinin y\u00fcksek hacimli i\u015flenmesi i\u00e7in gereklidir.<\/li>\n<\/ul>\n<p><strong>Ticari Mutfaklar:<\/strong><\/p>\n<ul>\n<li>\u00d6nemli miktarda et haz\u0131rlayan restoranlar ve catering hizmetleri i\u00e7in kullan\u0131\u015fl\u0131d\u0131r.<\/li>\n<\/ul>","protected":false},"excerpt":{"rendered":"<h4><strong><span class=\"Y2IQFc\" lang=\"en\">Ticari Kemik Kesme Makinesi JG210B Teknik Parametreler\uff1a<\/span><\/strong><\/h4>\n<ul>\n<li class=\"tw-data-text tw-text-large tw-ta\" dir=\"ltr\" data-placeholder=\"Translation\" aria-label=\"\u00c7evrilmi\u015f metin\" data-ved=\"2ahUKEwj2ucO6-8mHAxXmh68BHRM1GoEQ3ewLegQIEBAU\">Gerilim \uff1a110 -220 v<\/li>\n<li class=\"tw-data-text tw-text-large tw-ta\" dir=\"ltr\" data-placeholder=\"Translation\" aria-label=\"\u00c7evrilmi\u015f metin\" data-ved=\"2ahUKEwj2ucO6-8mHAxXmh68BHRM1GoEQ3ewLegQIEBAU\"><span class=\"Y2IQFc\" lang=\"en\">Frekans \uff1a 50\/60 Hz<\/span><\/li>\n<li dir=\"ltr\" data-placeholder=\"Translation\" aria-label=\"\u00c7evrilmi\u015f metin\" data-ved=\"2ahUKEwj2ucO6-8mHAxXmh68BHRM1GoEQ3ewLegQIEBAU\">Motor g\u00fcc\u00fc: 1500 w<\/li>\n<li dir=\"ltr\" data-placeholder=\"Translation\" aria-label=\"\u00c7evrilmi\u015f metin\" data-ved=\"2ahUKEwj2ucO6-8mHAxXmh68BHRM1GoEQ3ewLegQIEBAU\">B\u0131\u00e7ak uzunlu\u011fu : 2400 mm<\/li>\n<li dir=\"ltr\" data-placeholder=\"Translation\" aria-label=\"\u00c7evrilmi\u015f metin\" data-ved=\"2ahUKEwj2ucO6-8mHAxXmh68BHRM1GoEQ3ewLegQIEBAU\">Masa \u00f6zellikleri: 506*416 mm<\/li>\n<li dir=\"ltr\" data-placeholder=\"Translation\" aria-label=\"\u00c7evrilmi\u015f metin\" data-ved=\"2ahUKEwj2ucO6-8mHAxXmh68BHRM1GoEQ3ewLegQIEBAU\">Kesme kal\u0131nl\u0131\u011f\u0131: 5-155 mm<\/li>\n<li dir=\"ltr\" data-placeholder=\"Translation\" aria-label=\"\u00c7evrilmi\u015f metin\" data-ved=\"2ahUKEwj2ucO6-8mHAxXmh68BHRM1GoEQ3ewLegQIEBAU\">G.W.N.W: 61 KG\/51 KG<\/li>\n<li dir=\"ltr\" data-placeholder=\"Translation\" aria-label=\"\u00c7evrilmi\u015f metin\" data-ved=\"2ahUKEwj2ucO6-8mHAxXmh68BHRM1GoEQ3ewLegQIEBAU\">\u00dcr\u00fcn boyutu: 52*56*97 cm<\/li>\n<li dir=\"ltr\" data-placeholder=\"Translation\" aria-label=\"\u00c7evrilmi\u015f metin\" data-ved=\"2ahUKEwj2ucO6-8mHAxXmh68BHRM1GoEQ3ewLegQIEBAU\">Paket boyutu: 62*66*107 cm<\/li>\n<\/ul>","protected":false},"featured_media":1862,"template":"","meta":[],"product_brand":[],"product_cat":[44],"product_tag":[],"class_list":{"0":"post-1717","1":"product","2":"type-product","3":"status-publish","4":"has-post-thumbnail","6":"product_cat-bone-cutting-machine","8":"first","9":"instock","10":"shipping-taxable","11":"product-type-simple"},"_links":{"self":[{"href":"https:\/\/sausage-stuffer.com\/tr\/wp-json\/wp\/v2\/product\/1717","targetHints":{"allow":["GET"]}}],"collection":[{"href":"https:\/\/sausage-stuffer.com\/tr\/wp-json\/wp\/v2\/product"}],"about":[{"href":"https:\/\/sausage-stuffer.com\/tr\/wp-json\/wp\/v2\/types\/product"}],"wp:featuredmedia":[{"embeddable":true,"href":"https:\/\/sausage-stuffer.com\/tr\/wp-json\/wp\/v2\/media\/1862"}],"wp:attachment":[{"href":"https:\/\/sausage-stuffer.com\/tr\/wp-json\/wp\/v2\/media?parent=1717"}],"wp:term":[{"taxonomy":"product_brand","embeddable":true,"href":"https:\/\/sausage-stuffer.com\/tr\/wp-json\/wp\/v2\/product_brand?post=1717"},{"taxonomy":"product_cat","embeddable":true,"href":"https:\/\/sausage-stuffer.com\/tr\/wp-json\/wp\/v2\/product_cat?post=1717"},{"taxonomy":"product_tag","embeddable":true,"href":"https:\/\/sausage-stuffer.com\/tr\/wp-json\/wp\/v2\/product_tag?post=1717"}],"curies":[{"name":"wp","href":"https:\/\/api.w.org\/{rel}","templated":true}]}}