{"id":1693,"date":"2024-07-26T10:28:23","date_gmt":"2024-07-26T10:28:23","guid":{"rendered":"https:\/\/sausage-stuffer.com\/?post_type=product&#038;p=1693"},"modified":"2024-08-03T07:19:27","modified_gmt":"2024-08-03T07:19:27","slug":"electric-bone-cutting-machine-jg210a","status":"publish","type":"product","link":"https:\/\/sausage-stuffer.com\/tr\/manufacturer\/electric-bone-cutting-machine-jg210a\/","title":{"rendered":"Elektrikli Kemik Kesme Makinesi JG210A"},"content":{"rendered":"<p>JG210 ile kar\u015f\u0131la\u015ft\u0131r\u0131ld\u0131\u011f\u0131nda, JG210A'n\u0131n kabu\u011fu esas olarak demir malzemeden yap\u0131lm\u0131\u015ft\u0131r ve g\u0131da g\u00fcvenli\u011fi standartlar\u0131n\u0131 kar\u015f\u0131layan paslanmaz \u00e7elik malzemeden yap\u0131lm\u0131\u015f ana par\u00e7ay\u0131 korurken, sprey boyama i\u015flemi ile g\u00f6r\u00fcn\u00fcm daha \u015f\u0131k hale getirilmi\u015ftir. Bu geli\u015ftirilmi\u015f tasar\u0131m, g\u0131da ile temas eden par\u00e7alar\u0131n g\u00fcvenli\u011fini sa\u011flarken \u00fcr\u00fcn\u00fcn g\u00f6rsel \u00e7ekicili\u011fini art\u0131rabilir.<\/p>\n<h4><strong>Kemik Kesme Makinesi Uygulamas\u0131:<\/strong><\/h4>\n<ul>\n<li>G\u0131da i\u015fleme fabrikas\u0131, catering end\u00fcstrisi, kantin i\u00e7in uygundur, her t\u00fcrl\u00fc kemik, dondurulmu\u015f et, dondurulmu\u015f bal\u0131k ve rasorial kesimi yapabilir.<\/li>\n<li>Makine donmu\u015f et kesimi ve normal s\u0131cakl\u0131ktaki etler i\u00e7in kullan\u0131l\u0131r, ancak normal s\u0131cakl\u0131ktaki kemiksiz etler i\u00e7in iyi de\u011fildir.<\/li>\n<\/ul>\n<p>&nbsp;<\/p>\n<p><strong><b>\u00d6zellikler:<\/b><\/strong><\/p>\n<ul>\n<li>Y\u00fcksek verimlilik, d\u00fc\u015f\u00fck t\u00fcketim, g\u00fcvenli ve g\u00fcvenilir.<\/li>\n<li>Kullan\u0131m\u0131 kolay, temiz, kullan\u0131\u015fl\u0131, istikrarl\u0131 performans<\/li>\n<li>Al\u00fcminyum ala\u015f\u0131ml\u0131 g\u00f6vde, g\u0131da ile temas eden par\u00e7alar 304 paslanmaz \u00e7elikten yap\u0131lm\u0131\u015ft\u0131r, testere b\u0131\u00e7a\u011f\u0131 sa\u011flam \u00e7elikten yap\u0131lm\u0131\u015ft\u0131r, sa\u011flam ve dayan\u0131kl\u0131d\u0131r<\/li>\n<li>Dahili su ge\u00e7irmez g\u00fcvenlik cihaz\u0131, makine d\u0131\u015f kapa\u011f\u0131 a\u00e7\u0131ld\u0131\u011f\u0131nda \u00e7al\u0131\u015fmay\u0131 durduracakt\u0131r<\/li>\n<\/ul>","protected":false},"excerpt":{"rendered":"<h4><strong><span class=\"Y2IQFc\" lang=\"en\">Kemik Kesme Makinesi JG210A Teknik Parametreler\uff1a<\/span><\/strong><\/h4>\n<ul>\n<li class=\"tw-data-text tw-text-large tw-ta\" dir=\"ltr\" data-placeholder=\"Translation\" aria-label=\"\u00c7evrilmi\u015f metin\" data-ved=\"2ahUKEwj2ucO6-8mHAxXmh68BHRM1GoEQ3ewLegQIEBAU\">Gerilim \uff1a110 -220 v<\/li>\n<li class=\"tw-data-text tw-text-large tw-ta\" dir=\"ltr\" data-placeholder=\"Translation\" aria-label=\"\u00c7evrilmi\u015f metin\" data-ved=\"2ahUKEwj2ucO6-8mHAxXmh68BHRM1GoEQ3ewLegQIEBAU\"><span class=\"Y2IQFc\" lang=\"en\">Frekans \uff1a 50\/60 Hz<\/span><\/li>\n<li dir=\"ltr\" data-placeholder=\"Translation\" aria-label=\"\u00c7evrilmi\u015f metin\" data-ved=\"2ahUKEwj2ucO6-8mHAxXmh68BHRM1GoEQ3ewLegQIEBAU\">Motor g\u00fcc\u00fc: 750 w<\/li>\n<li dir=\"ltr\" data-placeholder=\"Translation\" aria-label=\"\u00c7evrilmi\u015f metin\" data-ved=\"2ahUKEwj2ucO6-8mHAxXmh68BHRM1GoEQ3ewLegQIEBAU\">Masa \u00f6zellikleri: 400*510 mm<\/li>\n<li dir=\"ltr\" data-placeholder=\"Translation\" aria-label=\"\u00c7evrilmi\u015f metin\" data-ved=\"2ahUKEwj2ucO6-8mHAxXmh68BHRM1GoEQ3ewLegQIEBAU\">Kesme kal\u0131nl\u0131\u011f\u0131: 5-150 mm<\/li>\n<li dir=\"ltr\" data-placeholder=\"Translation\" aria-label=\"\u00c7evrilmi\u015f metin\" data-ved=\"2ahUKEwj2ucO6-8mHAxXmh68BHRM1GoEQ3ewLegQIEBAU\">Kesme y\u00fcksekli\u011fi :245 mm<\/li>\n<li dir=\"ltr\" data-placeholder=\"Translation\" aria-label=\"\u00c7evrilmi\u015f metin\" data-ved=\"2ahUKEwj2ucO6-8mHAxXmh68BHRM1GoEQ3ewLegQIEBAU\">G.W.N.W: 46 KG\/36 KG<\/li>\n<li dir=\"ltr\" data-placeholder=\"Translation\" aria-label=\"\u00c7evrilmi\u015f metin\" data-ved=\"2ahUKEwj2ucO6-8mHAxXmh68BHRM1GoEQ3ewLegQIEBAU\">\u00dcr\u00fcn boyutu: 51*51*86 cm<\/li>\n<li dir=\"ltr\" data-placeholder=\"Translation\" aria-label=\"\u00c7evrilmi\u015f metin\" data-ved=\"2ahUKEwj2ucO6-8mHAxXmh68BHRM1GoEQ3ewLegQIEBAU\">Paket boyutu: 61*61*96 cm<\/li>\n<\/ul>","protected":false},"featured_media":1761,"template":"","meta":[],"product_brand":[],"product_cat":[44],"product_tag":[],"class_list":{"0":"post-1693","1":"product","2":"type-product","3":"status-publish","4":"has-post-thumbnail","6":"product_cat-bone-cutting-machine","8":"first","9":"instock","10":"shipping-taxable","11":"product-type-simple"},"_links":{"self":[{"href":"https:\/\/sausage-stuffer.com\/tr\/wp-json\/wp\/v2\/product\/1693","targetHints":{"allow":["GET"]}}],"collection":[{"href":"https:\/\/sausage-stuffer.com\/tr\/wp-json\/wp\/v2\/product"}],"about":[{"href":"https:\/\/sausage-stuffer.com\/tr\/wp-json\/wp\/v2\/types\/product"}],"wp:featuredmedia":[{"embeddable":true,"href":"https:\/\/sausage-stuffer.com\/tr\/wp-json\/wp\/v2\/media\/1761"}],"wp:attachment":[{"href":"https:\/\/sausage-stuffer.com\/tr\/wp-json\/wp\/v2\/media?parent=1693"}],"wp:term":[{"taxonomy":"product_brand","embeddable":true,"href":"https:\/\/sausage-stuffer.com\/tr\/wp-json\/wp\/v2\/product_brand?post=1693"},{"taxonomy":"product_cat","embeddable":true,"href":"https:\/\/sausage-stuffer.com\/tr\/wp-json\/wp\/v2\/product_cat?post=1693"},{"taxonomy":"product_tag","embeddable":true,"href":"https:\/\/sausage-stuffer.com\/tr\/wp-json\/wp\/v2\/product_tag?post=1693"}],"curies":[{"name":"wp","href":"https:\/\/api.w.org\/{rel}","templated":true}]}}