{"id":1692,"date":"2024-07-26T10:26:16","date_gmt":"2024-07-26T10:26:16","guid":{"rendered":"https:\/\/sausage-stuffer.com\/?post_type=product&#038;p=1692"},"modified":"2024-07-28T15:09:30","modified_gmt":"2024-07-28T15:09:30","slug":"meat-bone-cutting-machine-jg210","status":"publish","type":"product","link":"https:\/\/sausage-stuffer.com\/tr\/manufacturer\/meat-bone-cutting-machine-jg210\/","title":{"rendered":"Et Kemik Kesme Makinesi JG210"},"content":{"rendered":"<h3><strong>Kemik Kesme Makinesi \u00d6zellikleri<\/strong><\/h3>\n<p><strong>1. Tasar\u0131m<\/strong>:<\/p>\n<ul>\n<li>Tipik olarak sa\u011flamd\u0131r ve a\u011f\u0131r i\u015flerin \u00fcstesinden gelmek i\u00e7in paslanmaz \u00e7elik gibi dayan\u0131kl\u0131 malzemelerden yap\u0131lm\u0131\u015ft\u0131r.<\/li>\n<li>K\u00fc\u00e7\u00fck i\u015fletmeler i\u00e7in kompakt modellerden b\u00fcy\u00fck end\u00fcstriyel makinelere kadar farkl\u0131 ihtiya\u00e7lara uygun \u00e7e\u015fitli boyutlarda gelir.<\/li>\n<\/ul>\n<p><strong>2.Blade<\/strong>:<\/p>\n<ul>\n<li>Kemik ve donmu\u015f eti kesebilen y\u00fcksek kaliteli, keskin b\u0131\u00e7aklar.<\/li>\n<li>Genellikle paslanmaz \u00e7elikten veya korozyona dayan\u0131kl\u0131 di\u011fer malzemelerden yap\u0131l\u0131r.<\/li>\n<li>Baz\u0131 modellerde farkl\u0131 kal\u0131nl\u0131klarda kesimler i\u00e7in ayarlanabilir b\u0131\u00e7aklar bulunur.<\/li>\n<\/ul>\n<p><strong>3.Motor<\/strong>:<\/p>\n<ul>\n<li>G\u00fc\u00e7l\u00fc bir motordan g\u00fc\u00e7 al\u0131r ve zorlu malzemeleri kesmek i\u00e7in gerekli torku sa\u011flar.<\/li>\n<li>Motor g\u00fcc\u00fc, makinenin boyutuna ve kullan\u0131m amac\u0131na g\u00f6re de\u011fi\u015fir; end\u00fcstriyel modeller daha g\u00fc\u00e7l\u00fc motorlara sahiptir.<\/li>\n<\/ul>\n<p><strong>4. G\u00fcvenlik \u00d6zellikleri<\/strong>:<\/p>\n<ul>\n<li>Kazalar\u0131 \u00f6nlemek i\u00e7in g\u00fcvenlik korumalar\u0131 ve acil durdurma d\u00fc\u011fmeleri ile donat\u0131lm\u0131\u015ft\u0131r.<\/li>\n<li>Baz\u0131 modellerde b\u0131\u00e7ak s\u0131k\u0131\u015f\u0131rsa veya a\u015f\u0131r\u0131 \u0131s\u0131n\u0131rsa otomatik kapanma mekanizmalar\u0131 bulunur.<\/li>\n<\/ul>\n<p><strong>5.Operasyon<\/strong>:<\/p>\n<ul>\n<li>Manuel, yar\u0131 otomatik veya tam otomatik olabilir.<\/li>\n<li>Manuel makineler daha fazla fiziksel \u00e7aba gerektirirken, otomatik olanlar daha fazla verimlilik ve kullan\u0131m kolayl\u0131\u011f\u0131 sunar.<\/li>\n<\/ul>\n<p><strong>6. Temizlik ve Bak\u0131m<\/strong>:<\/p>\n<ul>\n<li>Kapsaml\u0131 temizli\u011fi kolayla\u015ft\u0131rmak i\u00e7in kolay s\u00f6k\u00fclmek \u00fczere tasarlanm\u0131\u015ft\u0131r.<\/li>\n<li>Baz\u0131 modeller belirli par\u00e7alar i\u00e7in bula\u015f\u0131k makinesinde y\u0131kanabilir.<\/li>\n<\/ul>\n<h3><strong>Kemik Kesme Makinesi Faydalar\u0131<\/strong><\/h3>\n<p><strong>1. Verimlilik<\/strong>:<\/p>\n<ul>\n<li>Kemikleri ve donmu\u015f eti h\u0131zl\u0131 ve hassas bir \u015fekilde keserek zamandan ve emekten tasarruf sa\u011flar.<\/li>\n<li>Y\u00fcksek hacimli et i\u015fleme operasyonlar\u0131 i\u00e7in gereklidir.<\/li>\n<\/ul>\n<p><strong>2. Tutarl\u0131l\u0131k<\/strong>:<\/p>\n<ul>\n<li>Sunum ve pi\u015firme tutarl\u0131l\u0131\u011f\u0131 i\u00e7in \u00e7ok \u00f6nemli olan tek tip kesimler sa\u011flar.<\/li>\n<\/ul>\n<p><strong>3. G\u00fcvenlik<\/strong>:<\/p>\n<ul>\n<li>Kullan\u0131c\u0131y\u0131 yaralanmalardan korumak i\u00e7in birden fazla g\u00fcvenlik \u00f6zelli\u011fi ile tasarlanm\u0131\u015ft\u0131r.<\/li>\n<li>Manuel testere veya b\u0131\u00e7ak kullan\u0131m\u0131na k\u0131yasla kaza riskini azalt\u0131r.<\/li>\n<\/ul>\n<p><strong>4. \u00c7ok Y\u00f6nl\u00fcl\u00fck<\/strong>:<\/p>\n<ul>\n<li>S\u0131\u011f\u0131r eti, domuz eti, kuzu eti ve k\u00fcmes hayvanlar\u0131 dahil olmak \u00fczere \u00e7e\u015fitli et ve kemik t\u00fcrleri i\u00e7in uygundur.<\/li>\n<li>Baz\u0131 modeller dondurulmu\u015f \u00fcr\u00fcnleri ve bal\u0131klar\u0131 da i\u015fleyebilir.<\/li>\n<\/ul>","protected":false},"excerpt":{"rendered":"<h4><strong><span class=\"Y2IQFc\" lang=\"en\">Kemik Kesme Makinesi JG210 Proses parametreleri\uff1a<\/span><\/strong><\/h4>\n<ul>\n<li class=\"tw-data-text tw-text-large tw-ta\" dir=\"ltr\" data-placeholder=\"Translation\" aria-label=\"\u00c7evrilmi\u015f metin\" data-ved=\"2ahUKEwj2ucO6-8mHAxXmh68BHRM1GoEQ3ewLegQIEBAU\">Gerilim \uff1a110 -220 v<\/li>\n<li class=\"tw-data-text tw-text-large tw-ta\" dir=\"ltr\" data-placeholder=\"Translation\" aria-label=\"\u00c7evrilmi\u015f metin\" data-ved=\"2ahUKEwj2ucO6-8mHAxXmh68BHRM1GoEQ3ewLegQIEBAU\"><span class=\"Y2IQFc\" lang=\"en\">Frekans \uff1a 50\/60 Hz<\/span><\/li>\n<li dir=\"ltr\" data-placeholder=\"Translation\" aria-label=\"\u00c7evrilmi\u015f metin\" data-ved=\"2ahUKEwj2ucO6-8mHAxXmh68BHRM1GoEQ3ewLegQIEBAU\">Motor g\u00fcc\u00fc: 750 w<\/li>\n<li dir=\"ltr\" data-placeholder=\"Translation\" aria-label=\"\u00c7evrilmi\u015f metin\" data-ved=\"2ahUKEwj2ucO6-8mHAxXmh68BHRM1GoEQ3ewLegQIEBAU\">Masa \u00f6zellikleri: 400*510 mm<\/li>\n<li dir=\"ltr\" data-placeholder=\"Translation\" aria-label=\"\u00c7evrilmi\u015f metin\" data-ved=\"2ahUKEwj2ucO6-8mHAxXmh68BHRM1GoEQ3ewLegQIEBAU\">Kesme kal\u0131nl\u0131\u011f\u0131: 5-150 mm<\/li>\n<li dir=\"ltr\" data-placeholder=\"Translation\" aria-label=\"\u00c7evrilmi\u015f metin\" data-ved=\"2ahUKEwj2ucO6-8mHAxXmh68BHRM1GoEQ3ewLegQIEBAU\">Kesme y\u00fcksekli\u011fi :245 mm<\/li>\n<li dir=\"ltr\" data-placeholder=\"Translation\" aria-label=\"\u00c7evrilmi\u015f metin\" data-ved=\"2ahUKEwj2ucO6-8mHAxXmh68BHRM1GoEQ3ewLegQIEBAU\">G.W.N.W: 46 KG\/36 KG<\/li>\n<li dir=\"ltr\" data-placeholder=\"Translation\" aria-label=\"\u00c7evrilmi\u015f metin\" data-ved=\"2ahUKEwj2ucO6-8mHAxXmh68BHRM1GoEQ3ewLegQIEBAU\">\u00dcr\u00fcn boyutu: 51*51*86 cm<\/li>\n<li dir=\"ltr\" data-placeholder=\"Translation\" aria-label=\"\u00c7evrilmi\u015f metin\" data-ved=\"2ahUKEwj2ucO6-8mHAxXmh68BHRM1GoEQ3ewLegQIEBAU\">Paket boyutu: 61*61*96 cm<\/li>\n<\/ul>\n<p>&nbsp;<\/p>","protected":false},"featured_media":1716,"template":"","meta":[],"product_brand":[],"product_cat":[44],"product_tag":[],"class_list":{"0":"post-1692","1":"product","2":"type-product","3":"status-publish","4":"has-post-thumbnail","6":"product_cat-bone-cutting-machine","8":"first","9":"instock","10":"shipping-taxable","11":"product-type-simple"},"_links":{"self":[{"href":"https:\/\/sausage-stuffer.com\/tr\/wp-json\/wp\/v2\/product\/1692","targetHints":{"allow":["GET"]}}],"collection":[{"href":"https:\/\/sausage-stuffer.com\/tr\/wp-json\/wp\/v2\/product"}],"about":[{"href":"https:\/\/sausage-stuffer.com\/tr\/wp-json\/wp\/v2\/types\/product"}],"wp:featuredmedia":[{"embeddable":true,"href":"https:\/\/sausage-stuffer.com\/tr\/wp-json\/wp\/v2\/media\/1716"}],"wp:attachment":[{"href":"https:\/\/sausage-stuffer.com\/tr\/wp-json\/wp\/v2\/media?parent=1692"}],"wp:term":[{"taxonomy":"product_brand","embeddable":true,"href":"https:\/\/sausage-stuffer.com\/tr\/wp-json\/wp\/v2\/product_brand?post=1692"},{"taxonomy":"product_cat","embeddable":true,"href":"https:\/\/sausage-stuffer.com\/tr\/wp-json\/wp\/v2\/product_cat?post=1692"},{"taxonomy":"product_tag","embeddable":true,"href":"https:\/\/sausage-stuffer.com\/tr\/wp-json\/wp\/v2\/product_tag?post=1692"}],"curies":[{"name":"wp","href":"https:\/\/api.w.org\/{rel}","templated":true}]}}