{"id":1689,"date":"2024-07-26T10:22:24","date_gmt":"2024-07-26T10:22:24","guid":{"rendered":"https:\/\/sausage-stuffer.com\/?post_type=product&#038;p=1689"},"modified":"2024-08-06T12:10:30","modified_gmt":"2024-08-06T12:10:30","slug":"electric-vegetable-cutter-qc205","status":"publish","type":"product","link":"https:\/\/sausage-stuffer.com\/tr\/manufacturer\/electric-vegetable-cutter-qc205\/","title":{"rendered":"Elektrikli Sebze Kesici QC205"},"content":{"rendered":"<p>Elektrikli Sebze Kesici, Bu zaman kazand\u0131ran alet, hassasiyet ve tutarl\u0131l\u0131k sunarak her mutfa\u011fa de\u011ferli bir katk\u0131 sa\u011flar.<\/p>\n<h3><strong><b>Temel \u00d6zellikler<\/b><\/strong><\/h3>\n<ul>\n<li><strong>G\u00fc\u00e7l\u00fc Motor:<\/strong>\u00a0Sert sebzelerin bile etkili bir \u015fekilde kesilmesini sa\u011flar.<\/li>\n<li><strong>De\u011fi\u015ftirilebilir B\u0131\u00e7aklar:<\/strong>\u00a0Farkl\u0131 kesim stilleri i\u00e7in \u00e7ok y\u00f6nl\u00fcl\u00fck sunar.<\/li>\n<li><strong>G\u00fcvenlik \u00d6zellikleri:<\/strong>\u00a0G\u00fcvenli \u00e7al\u0131\u015fma i\u00e7in g\u00fcvenlik korumalar\u0131 ve kaymaz ayaklar i\u00e7erir.<\/li>\n<li><strong>Kolay Temizlik:<\/strong>\u00a0Kolay bak\u0131m i\u00e7in \u00e7o\u011fu bile\u015fen bula\u015f\u0131k makinesinde y\u0131kanabilir.<\/li>\n<li><strong>Kapasite:<\/strong>\u00a0K\u00fc\u00e7\u00fck tezgah \u00fcst\u00fc \u00fcnitelerden daha b\u00fcy\u00fck ticari modellere kadar modele ba\u011fl\u0131 olarak de\u011fi\u015fir.<\/li>\n<\/ul>\n<h3><strong><b>Avantajlar<\/b><\/strong><\/h3>\n<ul>\n<li><strong>Zaman Tasarrufu:<\/strong>\u00a0Salatalar, k\u0131zartmalar ve daha fazlas\u0131 i\u00e7in b\u00fcy\u00fck miktarlarda sebzeyi h\u0131zl\u0131ca haz\u0131rlay\u0131n.<\/li>\n<li><strong>Tutarl\u0131 Sonu\u00e7lar:<\/strong>\u00a0Kolayl\u0131kla d\u00fczg\u00fcn dilimler, par\u00e7alar veya \u0131zgaralar elde edin.<\/li>\n<li><strong><b>Azalt\u0131lm\u0131\u015f \u00c7aba: <\/b><\/strong>Manuel y\u00f6ntemlere k\u0131yasla minimum el i\u015f\u00e7ili\u011fi gerektirir.<\/li>\n<li><strong>G\u00fcvenlik:<\/strong>\u00a0B\u0131\u00e7aklarla ili\u015fkili kaza riskini en aza indirin.<\/li>\n<li><strong>\u00c7ok y\u00f6nl\u00fcl\u00fck:<\/strong>\u00a0Bir\u00e7ok model \u00e7e\u015fitli meyve ve sebzeleri i\u015fleyebilir.<\/li>\n<\/ul>\n<p>Kaliteli bir elektrikli sebze kesiciye yat\u0131r\u0131m yaparak yemek haz\u0131rlama s\u00fcrecinizi kolayla\u015ft\u0131rabilir ve m\u00fckemmel dilimlenmi\u015f malzemelerin rahatl\u0131\u011f\u0131n\u0131n keyfini \u00e7\u0131karabilirsiniz.<\/p>","protected":false},"excerpt":{"rendered":"<h4><strong>Elektrikli Sebze Kesici QC205 Parametre:<\/strong><\/h4>\n<p>B\u0131\u00e7ak \u00e7ana\u011f\u0131 \u00e7ap\u0131; \u2205205 mm<\/p>\n<p>G\u00fc\u00e7 :350 W<\/p>\n<p>Gerilim :220V50Hz<\/p>\n<p>\u00dcr\u00fcn boyutu :535*270*525(mm)<\/p>\n<p>Ambalaj boyutu: 580*385*550 (mm)<\/p>\n<p>G.W.N.W: 24,5 (KG)\/19 (KG)<\/p>","protected":false},"featured_media":1653,"template":"","meta":[],"product_brand":[],"product_cat":[43],"product_tag":[],"class_list":{"0":"post-1689","1":"product","2":"type-product","3":"status-publish","4":"has-post-thumbnail","6":"product_cat-vegetable-cutter","8":"first","9":"instock","10":"shipping-taxable","11":"product-type-simple"},"_links":{"self":[{"href":"https:\/\/sausage-stuffer.com\/tr\/wp-json\/wp\/v2\/product\/1689","targetHints":{"allow":["GET"]}}],"collection":[{"href":"https:\/\/sausage-stuffer.com\/tr\/wp-json\/wp\/v2\/product"}],"about":[{"href":"https:\/\/sausage-stuffer.com\/tr\/wp-json\/wp\/v2\/types\/product"}],"wp:featuredmedia":[{"embeddable":true,"href":"https:\/\/sausage-stuffer.com\/tr\/wp-json\/wp\/v2\/media\/1653"}],"wp:attachment":[{"href":"https:\/\/sausage-stuffer.com\/tr\/wp-json\/wp\/v2\/media?parent=1689"}],"wp:term":[{"taxonomy":"product_brand","embeddable":true,"href":"https:\/\/sausage-stuffer.com\/tr\/wp-json\/wp\/v2\/product_brand?post=1689"},{"taxonomy":"product_cat","embeddable":true,"href":"https:\/\/sausage-stuffer.com\/tr\/wp-json\/wp\/v2\/product_cat?post=1689"},{"taxonomy":"product_tag","embeddable":true,"href":"https:\/\/sausage-stuffer.com\/tr\/wp-json\/wp\/v2\/product_tag?post=1689"}],"curies":[{"name":"wp","href":"https:\/\/api.w.org\/{rel}","templated":true}]}}