{"id":1687,"date":"2024-07-26T10:20:59","date_gmt":"2024-07-26T10:20:59","guid":{"rendered":"https:\/\/sausage-stuffer.com\/?post_type=product&#038;p=1687"},"modified":"2024-07-31T12:58:28","modified_gmt":"2024-07-31T12:58:28","slug":"commercial-meat-slicer-320f","status":"publish","type":"product","link":"https:\/\/sausage-stuffer.com\/tr\/manufacturer\/commercial-meat-slicer-320f\/","title":{"rendered":"Ticari Et Dilimleyici 320F"},"content":{"rendered":"","protected":false},"excerpt":{"rendered":"<h3><strong>13 \"Tam otomatik F<\/strong><strong><span class=\"Y2IQFc\" lang=\"en\">Yere basan <\/span><\/strong><strong>Et Dilimleme Makinesi 320F <\/strong><strong>Parametre :<\/strong><\/h3>\n<p>Fonksiyon \uff1a Tam otomatik<\/p>\n<p>G\u00fczergah\u0131 kesin : 240 mm<\/p>\n<p>Kal\u0131nl\u0131\u011f\u0131 ayarlay\u0131n: 0~18 mm<\/p>\n<p>B\u0131\u00e7ak \u00e7ap\u0131: \u2205320 mm<\/p>\n<p>Balde motor g\u00fcc\u00fc : 270 W<\/p>\n<p>Dilim motor g\u00fcc\u00fc : 530 W<\/p>\n<p>Voltaj: 220V 50Hz-110V 60Hz<\/p>\n<p>\u00dcr\u00fcn boyutu: 740*575*1300 (mm)<\/p>\n<p>Paket boyutu: 820*720*1500 (mm)<\/p>\n<p>G\/\u00c7 :106\/82(KG)<\/p>","protected":false},"featured_media":1688,"template":"","meta":[],"product_brand":[],"product_cat":[42],"product_tag":[],"class_list":{"0":"post-1687","1":"product","2":"type-product","3":"status-publish","4":"has-post-thumbnail","6":"product_cat-meat-slicer","8":"first","9":"instock","10":"shipping-taxable","11":"product-type-simple"},"_links":{"self":[{"href":"https:\/\/sausage-stuffer.com\/tr\/wp-json\/wp\/v2\/product\/1687","targetHints":{"allow":["GET"]}}],"collection":[{"href":"https:\/\/sausage-stuffer.com\/tr\/wp-json\/wp\/v2\/product"}],"about":[{"href":"https:\/\/sausage-stuffer.com\/tr\/wp-json\/wp\/v2\/types\/product"}],"wp:featuredmedia":[{"embeddable":true,"href":"https:\/\/sausage-stuffer.com\/tr\/wp-json\/wp\/v2\/media\/1688"}],"wp:attachment":[{"href":"https:\/\/sausage-stuffer.com\/tr\/wp-json\/wp\/v2\/media?parent=1687"}],"wp:term":[{"taxonomy":"product_brand","embeddable":true,"href":"https:\/\/sausage-stuffer.com\/tr\/wp-json\/wp\/v2\/product_brand?post=1687"},{"taxonomy":"product_cat","embeddable":true,"href":"https:\/\/sausage-stuffer.com\/tr\/wp-json\/wp\/v2\/product_cat?post=1687"},{"taxonomy":"product_tag","embeddable":true,"href":"https:\/\/sausage-stuffer.com\/tr\/wp-json\/wp\/v2\/product_tag?post=1687"}],"curies":[{"name":"wp","href":"https:\/\/api.w.org\/{rel}","templated":true}]}}