{"id":1679,"date":"2024-07-26T10:10:28","date_gmt":"2024-07-26T10:10:28","guid":{"rendered":"https:\/\/sausage-stuffer.com\/?post_type=product&#038;p=1679"},"modified":"2024-07-29T15:18:57","modified_gmt":"2024-07-29T15:18:57","slug":"slicing-machine-250a","status":"publish","type":"product","link":"https:\/\/sausage-stuffer.com\/tr\/manufacturer\/slicing-machine-250a\/","title":{"rendered":"Dilimleme Makinesi 250A"},"content":{"rendered":"<h2 class=\"\" data-sourcepos=\"1:1-1:60\">Tam Otomatik Dilimleme Makinesi: Hassasiyet ve Verimlilik<\/h2>\n<p data-sourcepos=\"3:1-3:88\">Y\u00fcksek hacimli \u00fcretim i\u00e7in tasarlanan bu end\u00fcstriyel s\u0131n\u0131f ekipman benzersiz h\u0131z, do\u011fruluk ve tutarl\u0131l\u0131k sunar. Et, peynir, ekmek ve sebzeler dahil olmak \u00fczere \u00e7ok \u00e7e\u015fitli \u00fcr\u00fcnleri zahmetsizce dilimleyin.<\/p>\n<p data-sourcepos=\"5:1-5:17\"><strong>Anahtar \u00f6zellikler:<\/strong><\/p>\n<ul data-sourcepos=\"7:1-8:1\">\n<li data-sourcepos=\"7:1-7:70\"><strong>Y\u00fcksek h\u0131zl\u0131 dilimleme:<\/strong> B\u00fcy\u00fck miktarlarda \u00fcr\u00fcn\u00fc h\u0131zl\u0131 bir \u015fekilde i\u015fleyin.<\/li>\n<li data-sourcepos=\"8:1-8:1\"><strong>Hassas kal\u0131nl\u0131k kontrol\u00fc:<\/strong> Ayarlanabilir ayarlarla tutarl\u0131 dilim kal\u0131nl\u0131\u011f\u0131 elde edin.<\/li>\n<li data-sourcepos=\"9:1-9:64\"><strong>Dayan\u0131kl\u0131 yap\u0131:<\/strong> A\u011f\u0131r hizmet tipi ticari kullan\u0131m i\u00e7in \u00fcretilmi\u015ftir.<\/li>\n<li data-sourcepos=\"10:1-10:31\"><strong>Geli\u015fmi\u015f g\u00fcvenlik \u00f6zellikleri:<\/strong> Operat\u00f6rleri g\u00fcvenlik korumalar\u0131 ve acil durum durdurucular\u0131 ile koruyun.<\/li>\n<li data-sourcepos=\"11:1-12:0\"><strong>Kolay temizlik ve bak\u0131m:<\/strong> Verimli \u00e7al\u0131\u015fma ve bak\u0131m i\u00e7in tasarlanm\u0131\u015ft\u0131r.<\/li>\n<\/ul>","protected":false},"excerpt":{"rendered":"<h3><strong>10 \"Tam Otomatik Dilimleme Makinesi <\/strong><strong>Parametre<\/strong><\/h3>\n<p>Fonksiyon \uff1a Tam otomatik<\/p>\n<p>G\u00fczergah\u0131 kesin : 155 mm<\/p>\n<p>Kal\u0131nl\u0131\u011f\u0131 ayarlay\u0131n: 0~17 mm<\/p>\n<p>B\u0131\u00e7ak \u00e7ap\u0131: \u2205250 mm<\/p>\n<p>Balde motor g\u00fcc\u00fc : 240 W<\/p>\n<p>Dilim motor g\u00fcc\u00fc : 300 W<\/p>\n<p>Gerilim : 220V 50Hz<\/p>\n<p>Dilimleme h\u0131z\u0131: 45 Adet\/dk<\/p>\n<p>\u00dcr\u00fcn boyutu: 535*475*690 (mm)<\/p>\n<p>Paket boyutu: 610*540*790 (mm)<\/p>\n<p>G.\/N.W: 73.5\/53 (KG)<\/p>","protected":false},"featured_media":1635,"template":"","meta":[],"product_brand":[],"product_cat":[42],"product_tag":[],"class_list":{"0":"post-1679","1":"product","2":"type-product","3":"status-publish","4":"has-post-thumbnail","6":"product_cat-meat-slicer","8":"first","9":"instock","10":"shipping-taxable","11":"product-type-simple"},"_links":{"self":[{"href":"https:\/\/sausage-stuffer.com\/tr\/wp-json\/wp\/v2\/product\/1679","targetHints":{"allow":["GET"]}}],"collection":[{"href":"https:\/\/sausage-stuffer.com\/tr\/wp-json\/wp\/v2\/product"}],"about":[{"href":"https:\/\/sausage-stuffer.com\/tr\/wp-json\/wp\/v2\/types\/product"}],"wp:featuredmedia":[{"embeddable":true,"href":"https:\/\/sausage-stuffer.com\/tr\/wp-json\/wp\/v2\/media\/1635"}],"wp:attachment":[{"href":"https:\/\/sausage-stuffer.com\/tr\/wp-json\/wp\/v2\/media?parent=1679"}],"wp:term":[{"taxonomy":"product_brand","embeddable":true,"href":"https:\/\/sausage-stuffer.com\/tr\/wp-json\/wp\/v2\/product_brand?post=1679"},{"taxonomy":"product_cat","embeddable":true,"href":"https:\/\/sausage-stuffer.com\/tr\/wp-json\/wp\/v2\/product_cat?post=1679"},{"taxonomy":"product_tag","embeddable":true,"href":"https:\/\/sausage-stuffer.com\/tr\/wp-json\/wp\/v2\/product_tag?post=1679"}],"curies":[{"name":"wp","href":"https:\/\/api.w.org\/{rel}","templated":true}]}}