{"id":1678,"date":"2024-07-26T10:09:04","date_gmt":"2024-07-26T10:09:04","guid":{"rendered":"https:\/\/sausage-stuffer.com\/?post_type=product&#038;p=1678"},"modified":"2024-07-29T14:41:49","modified_gmt":"2024-07-29T14:41:49","slug":"meat-slicer-200b","status":"publish","type":"product","link":"https:\/\/sausage-stuffer.com\/tr\/manufacturer\/meat-slicer-200b\/","title":{"rendered":"Et Dilimleyici 200B"},"content":{"rendered":"<h2 class=\"\" data-sourcepos=\"1:1-1:49\">Elektrikli Yar\u0131 Otomatik Et Dilimleme Makinemiz<\/h2>\n<p data-sourcepos=\"3:1-3:74\">End\u00fcstriyel s\u0131n\u0131f elektrikli et dilimleyicimizle \u00fcretkenli\u011finizi ve hassasiyetinizi art\u0131r\u0131n. Zorlu ticari mutfaklar i\u00e7in tasarlanan bu makine, ola\u011fan\u00fcst\u00fc performans ve dayan\u0131kl\u0131l\u0131k sunar.<\/p>\n<p data-sourcepos=\"5:1-5:17\"><strong>Temel \u00d6zellikler:<\/strong><\/p>\n<ul data-sourcepos=\"7:1-7:32\">\n<li data-sourcepos=\"7:1-7:32\"><strong>Y\u00fcksek verimli motor:<\/strong> H\u0131zl\u0131 ve tutarl\u0131 dilimleme i\u00e7in 210 W giri\u015f g\u00fcc\u00fc.<\/li>\n<li data-sourcepos=\"8:1-8:79\"><strong>Ayarlanabilir dilim kal\u0131nl\u0131\u011f\u0131:<\/strong> Hassas ayar d\u00fc\u011fmesi ile dilim kal\u0131nl\u0131\u011f\u0131n\u0131 0 ila 13 mm aras\u0131nda kolayca \u00f6zelle\u015ftirin.<\/li>\n<li data-sourcepos=\"9:1-9:108\"><strong>Dayan\u0131kl\u0131 yap\u0131:<\/strong> Uzun \u00f6m\u00fcrl\u00fc kullan\u0131m i\u00e7in al\u00fcminyum d\u00f6k\u00fcm g\u00f6vde ve 10 in\u00e7 krom kaplamal\u0131 \u00e7elik b\u0131\u00e7ak.<\/li>\n<li data-sourcepos=\"10:1-10:1\"><strong>\u00d6nce g\u00fcvenlik:<\/strong> \u015eeffaf g\u00fcvenlik korumas\u0131, kaymaz taban ve g\u00fcvenli \u00e7al\u0131\u015fma i\u00e7in su ge\u00e7irmez g\u00fc\u00e7 anahtar\u0131.<\/li>\n<li data-sourcepos=\"11:1-12:0\"><strong>\u00c7ok y\u00f6nl\u00fc dilimleme:<\/strong> Et, peynir, ekmek ve sebze gibi \u00e7e\u015fitli yiyecekleri i\u015fler.<\/li>\n<\/ul>","protected":false},"excerpt":{"rendered":"<h3><strong>8 \"Yar\u0131 Otomatik Et Dilimleyici Parametresi<\/strong><\/h3>\n<p>Fonksiyon \uff1a Yar\u0131 otomatik<\/p>\n<p>G\u00fczergah\u0131 kesin : 140 mm<\/p>\n<p>Kal\u0131nl\u0131\u011f\u0131 ayarlay\u0131n: 0~13 mm<\/p>\n<p>B\u0131\u00e7ak \u00e7ap\u0131: \u2205220 mm<\/p>\n<p>G\u00fc\u00e7 : 210 W<\/p>\n<p>Gerilim : 220V 50Hz<\/p>\n<p>\u00dcr\u00fcn boyutu: 410 * 400 * 350 (mm)<\/p>\n<p>Paket boyutu: 465*355*425 (mm)<\/p>\n<p>G.\/N.W: 16.5\/14.5 (KG)<\/p>","protected":false},"featured_media":1630,"template":"","meta":[],"product_brand":[],"product_cat":[42],"product_tag":[],"class_list":{"0":"post-1678","1":"product","2":"type-product","3":"status-publish","4":"has-post-thumbnail","6":"product_cat-meat-slicer","8":"first","9":"instock","10":"shipping-taxable","11":"product-type-simple"},"_links":{"self":[{"href":"https:\/\/sausage-stuffer.com\/tr\/wp-json\/wp\/v2\/product\/1678","targetHints":{"allow":["GET"]}}],"collection":[{"href":"https:\/\/sausage-stuffer.com\/tr\/wp-json\/wp\/v2\/product"}],"about":[{"href":"https:\/\/sausage-stuffer.com\/tr\/wp-json\/wp\/v2\/types\/product"}],"wp:featuredmedia":[{"embeddable":true,"href":"https:\/\/sausage-stuffer.com\/tr\/wp-json\/wp\/v2\/media\/1630"}],"wp:attachment":[{"href":"https:\/\/sausage-stuffer.com\/tr\/wp-json\/wp\/v2\/media?parent=1678"}],"wp:term":[{"taxonomy":"product_brand","embeddable":true,"href":"https:\/\/sausage-stuffer.com\/tr\/wp-json\/wp\/v2\/product_brand?post=1678"},{"taxonomy":"product_cat","embeddable":true,"href":"https:\/\/sausage-stuffer.com\/tr\/wp-json\/wp\/v2\/product_cat?post=1678"},{"taxonomy":"product_tag","embeddable":true,"href":"https:\/\/sausage-stuffer.com\/tr\/wp-json\/wp\/v2\/product_tag?post=1678"}],"curies":[{"name":"wp","href":"https:\/\/api.w.org\/{rel}","templated":true}]}}