{"id":1609,"date":"2024-07-23T14:34:08","date_gmt":"2024-07-23T14:34:08","guid":{"rendered":"https:\/\/sausage-stuffer.com\/?post_type=product&#038;p=1609"},"modified":"2024-08-15T06:09:40","modified_gmt":"2024-08-15T06:09:40","slug":"sausage-maker-stuffer-sh5","status":"publish","type":"product","link":"https:\/\/sausage-stuffer.com\/tr\/manufacturer\/sausage-maker-stuffer-sh5\/","title":{"rendered":"Sosis Yap\u0131c\u0131 Doldurucu SH-5"},"content":{"rendered":"<h2><strong>Sosis Yap\u0131c\u0131 Doldurucu Avantajlar\u0131<\/strong><\/h2>\n<ol>\n<li><strong>Kontrol<\/strong>: Doldurma i\u015flemi \u00fczerinde hassas kontrol sa\u011flar, bu da daha kaliteli bir bitmi\u015f \u00fcr\u00fcnle sonu\u00e7lanabilir.<\/li>\n<li><strong>Dayan\u0131kl\u0131l\u0131k<\/strong>: Dikey modellere k\u0131yasla tipik olarak daha sa\u011flam ve dayan\u0131kl\u0131d\u0131r.<\/li>\n<li><strong>Kullan\u0131m Kolayl\u0131\u011f\u0131<\/strong>: Daha iyi kald\u0131ra\u00e7 sa\u011flayan yatay tasar\u0131m nedeniyle yeni ba\u015flayanlar i\u00e7in kullan\u0131m\u0131 genellikle daha kolayd\u0131r.<\/li>\n<\/ol>\n<p>&nbsp;<\/p>\n<h2><strong>Sosis Yap\u0131c\u0131 Doldurucu Dezavantajlar\u0131<\/strong><\/h2>\n<ol>\n<li><strong>Boyut<\/strong>: Dikey dolduruculara k\u0131yasla tezgahta daha fazla yer kaplayabilir.<\/li>\n<li><strong>A\u011f\u0131rl\u0131k<\/strong>: Ta\u015f\u0131nmas\u0131 veya depolanmas\u0131 a\u011f\u0131r ve hantal olabilir.<\/li>\n<\/ol>\n<p>&nbsp;<\/p>\n<h2><strong>Yayg\u0131n Kullan\u0131mlar<\/strong><\/h2>\n<ul>\n<li>Bratwurst, chorizo, \u0130talyan sosisi ve kahvalt\u0131l\u0131k sosis gibi \u00e7e\u015fitli sosis t\u00fcrlerinin yap\u0131lmas\u0131.<\/li>\n<li>Hem ev kullan\u0131m\u0131 hem de k\u00fc\u00e7\u00fck \u00f6l\u00e7ekli ticari kullan\u0131m i\u00e7in uygundur.<\/li>\n<\/ul>\n<p>&nbsp;<\/p>\n<h2><strong>Sosis Makinesi Doldurucu Bak\u0131m\u0131<\/strong><\/h2>\n<ol>\n<li><strong>Temizlik<\/strong>: Et kal\u0131nt\u0131lar\u0131n\u0131n birikmesini \u00f6nlemek ve g\u0131da g\u00fcvenli\u011fini sa\u011flamak i\u00e7in her kullan\u0131mdan sonra s\u00f6k\u00fcn ve iyice temizleyin.<\/li>\n<li><strong>Ya\u011flama<\/strong>: Sorunsuz \u00e7al\u0131\u015fmas\u0131n\u0131 sa\u011flamak i\u00e7in hareketli par\u00e7alar\u0131 ara s\u0131ra ya\u011flay\u0131n.<\/li>\n<\/ol>","protected":false},"excerpt":{"rendered":"<h4><strong><span class=\"Y2IQFc\" lang=\"en\">Temel parametreler<\/span><\/strong><\/h4>\n<p>Tip\uff1ayatay m<span class=\"Y2IQFc\" lang=\"en\">YILLIK<\/span>ausage stuffer<\/p>\n<p>Silindir \u00c7ap\u0131 xl (mm) \uff1a \uffe0140*320<\/p>\n<p>Boyut\uff1a288*360*690\uff08mm\uff09<\/p>\n<p>Net A\u011f\u0131rl\u0131k \uff1a 10 KG<\/p>\n<p id=\"tw-target-text\" class=\"tw-data-text tw-text-large tw-ta\" dir=\"ltr\" data-placeholder=\"Translation\" aria-label=\"\u00c7evrilmi\u015f metin\" data-ved=\"2ahUKEwikr8X52saHAxV4mq8BHbZ8AHMQ3ewLegQIEhAU\"><span class=\"Y2IQFc\" lang=\"en\">Hacim \uff1a 5L<\/span><\/p>","protected":false},"featured_media":1795,"template":"","meta":[],"product_brand":[],"product_cat":[48],"product_tag":[],"class_list":{"0":"post-1609","1":"product","2":"type-product","3":"status-publish","4":"has-post-thumbnail","6":"product_cat-horizontal-manual-sausage-stuffer","8":"first","9":"instock","10":"shipping-taxable","11":"product-type-simple"},"_links":{"self":[{"href":"https:\/\/sausage-stuffer.com\/tr\/wp-json\/wp\/v2\/product\/1609","targetHints":{"allow":["GET"]}}],"collection":[{"href":"https:\/\/sausage-stuffer.com\/tr\/wp-json\/wp\/v2\/product"}],"about":[{"href":"https:\/\/sausage-stuffer.com\/tr\/wp-json\/wp\/v2\/types\/product"}],"wp:featuredmedia":[{"embeddable":true,"href":"https:\/\/sausage-stuffer.com\/tr\/wp-json\/wp\/v2\/media\/1795"}],"wp:attachment":[{"href":"https:\/\/sausage-stuffer.com\/tr\/wp-json\/wp\/v2\/media?parent=1609"}],"wp:term":[{"taxonomy":"product_brand","embeddable":true,"href":"https:\/\/sausage-stuffer.com\/tr\/wp-json\/wp\/v2\/product_brand?post=1609"},{"taxonomy":"product_cat","embeddable":true,"href":"https:\/\/sausage-stuffer.com\/tr\/wp-json\/wp\/v2\/product_cat?post=1609"},{"taxonomy":"product_tag","embeddable":true,"href":"https:\/\/sausage-stuffer.com\/tr\/wp-json\/wp\/v2\/product_tag?post=1609"}],"curies":[{"name":"wp","href":"https:\/\/api.w.org\/{rel}","templated":true}]}}