{"id":1608,"date":"2024-07-23T14:33:33","date_gmt":"2024-07-23T14:33:33","guid":{"rendered":"https:\/\/sausage-stuffer.com\/?post_type=product&#038;p=1608"},"modified":"2024-08-15T06:06:06","modified_gmt":"2024-08-15T06:06:06","slug":"homemade-sausage-stuffer-sh7","status":"publish","type":"product","link":"https:\/\/sausage-stuffer.com\/tr\/manufacturer\/homemade-sausage-stuffer-sh7\/","title":{"rendered":"Ev Yap\u0131m\u0131 Sosis Doldurucu SH-7"},"content":{"rendered":"<h3><span style=\"color: #000000;\"><strong>Ev Yap\u0131m\u0131 Sosis Dolmas\u0131n\u0131n Faydalar\u0131<\/strong><\/span><\/h3>\n<p><span style=\"color: #000000;\"><strong>1. Hassas Kontrol<\/strong>:<\/span><\/p>\n<ul>\n<li><span style=\"color: #000000;\">Tutarl\u0131 bir dolum sa\u011flayarak hava bo\u015flu\u011fu riskini azalt\u0131r ve sosis kar\u0131\u015f\u0131m\u0131n\u0131n e\u015fit da\u011f\u0131l\u0131m\u0131n\u0131 sa\u011flar.<\/span><\/li>\n<\/ul>\n<p><span style=\"color: #000000;\"><strong>2. Dayan\u0131kl\u0131l\u0131k<\/strong>:<\/span><\/p>\n<ul>\n<li><span style=\"color: #000000;\">Paslanmaz \u00e7elik gibi y\u00fcksek kaliteli malzemeler uzun \u00f6m\u00fcrl\u00fc performans ve pas ve korozyona kar\u015f\u0131 diren\u00e7 sa\u011flar.<\/span><\/li>\n<\/ul>\n<p><span style=\"color: #000000;\"><strong>3. \u00c7ok Y\u00f6nl\u00fcl\u00fck<\/strong>:<\/span><\/p>\n<ul>\n<li><span style=\"color: #000000;\">Bratwurst, chorizo, \u0130talyan sosisi ve daha fazlas\u0131 dahil olmak \u00fczere \u00e7ok \u00e7e\u015fitli sosis t\u00fcrleri i\u00e7in uygundur.<\/span><\/li>\n<li><span style=\"color: #000000;\">Hem et hem de vejetaryen sosis tarifleri i\u00e7in kullan\u0131labilir.<\/span><\/li>\n<\/ul>\n<p><span style=\"color: #000000;\"><strong>4. Kullan\u0131m Kolayl\u0131\u011f\u0131<\/strong>:<\/span><\/p>\n<ul>\n<li><span style=\"color: #000000;\">Genel olarak montaj\u0131, kullan\u0131m\u0131 ve temizli\u011fi kolayd\u0131r, bu da onu hem yeni ba\u015flayanlar hem de deneyimli sosis \u00fcreticileri i\u00e7in eri\u015filebilir k\u0131lar.<\/span><\/li>\n<\/ul>\n<p>&nbsp;<\/p>\n<h3><span style=\"color: #000000;\"><strong>Ev Yap\u0131m\u0131 Sosis Dolgusu Bak\u0131m\u0131<\/strong><\/span><\/h3>\n<p><span style=\"color: #000000;\"><strong>1. D\u00fczenli Temizlik<\/strong>:<\/span><\/p>\n<ul>\n<li><span style=\"color: #000000;\">Her kullan\u0131mdan sonra makineyi s\u00f6k\u00fcn ve t\u00fcm par\u00e7alar\u0131 \u0131l\u0131k, sabunlu suyla temizleyin.<\/span><\/li>\n<li><span style=\"color: #000000;\">Bakteri \u00fcremesini \u00f6nlemek i\u00e7in t\u00fcm et kal\u0131nt\u0131lar\u0131n\u0131n temizlendi\u011finden emin olun.<\/span><\/li>\n<\/ul>\n<p><span style=\"color: #000000;\"><strong>2. Ya\u011flama<\/strong>:<\/span><\/p>\n<ul>\n<li><span style=\"color: #000000;\">Sorunsuz \u00e7al\u0131\u015fmas\u0131n\u0131 sa\u011flamak i\u00e7in krank kolu ve piston gibi hareketli par\u00e7alar\u0131 ara s\u0131ra g\u0131daya uygun ya\u011flay\u0131c\u0131 ile ya\u011flay\u0131n.<\/span><\/li>\n<\/ul>\n<p><span style=\"color: #000000;\"><strong>3.Tefti\u015f<\/strong>:<\/span><\/p>\n<ul>\n<li><span style=\"color: #000000;\">Makinede herhangi bir a\u015f\u0131nma veya hasar belirtisi olup olmad\u0131\u011f\u0131n\u0131 d\u00fczenli olarak kontrol edin. Performans\u0131 korumak i\u00e7in a\u015f\u0131nm\u0131\u015f par\u00e7alar\u0131 gerekti\u011fi gibi de\u011fi\u015ftirin.<\/span><\/li>\n<\/ul>","protected":false},"excerpt":{"rendered":"<h4><strong><span class=\"Y2IQFc\" lang=\"en\">Temel parametreler<\/span><\/strong><\/h4>\n<p>Tip\uff1ayatay m<span class=\"Y2IQFc\" lang=\"en\">YILLIK<\/span>ausage stuffer<\/p>\n<p>Silindir \u00c7ap\u0131 xl (mm) \uff1a \uffe0140*460<\/p>\n<p>Boyut\uff1a350*360*830\uff08mm\uff09<\/p>\n<p>Net A\u011f\u0131rl\u0131k \uff1a 11 KG<\/p>\n<p id=\"tw-target-text\" class=\"tw-data-text tw-text-large tw-ta\" dir=\"ltr\" data-placeholder=\"Translation\" aria-label=\"\u00c7evrilmi\u015f metin\" data-ved=\"2ahUKEwikr8X52saHAxV4mq8BHbZ8AHMQ3ewLegQIEhAU\"><span class=\"Y2IQFc\" lang=\"en\">Hacim \uff1a 7L<\/span><\/p>","protected":false},"featured_media":1796,"template":"","meta":[],"product_brand":[],"product_cat":[48],"product_tag":[],"class_list":{"0":"post-1608","1":"product","2":"type-product","3":"status-publish","4":"has-post-thumbnail","6":"product_cat-horizontal-manual-sausage-stuffer","8":"first","9":"instock","10":"shipping-taxable","11":"product-type-simple"},"_links":{"self":[{"href":"https:\/\/sausage-stuffer.com\/tr\/wp-json\/wp\/v2\/product\/1608","targetHints":{"allow":["GET"]}}],"collection":[{"href":"https:\/\/sausage-stuffer.com\/tr\/wp-json\/wp\/v2\/product"}],"about":[{"href":"https:\/\/sausage-stuffer.com\/tr\/wp-json\/wp\/v2\/types\/product"}],"wp:featuredmedia":[{"embeddable":true,"href":"https:\/\/sausage-stuffer.com\/tr\/wp-json\/wp\/v2\/media\/1796"}],"wp:attachment":[{"href":"https:\/\/sausage-stuffer.com\/tr\/wp-json\/wp\/v2\/media?parent=1608"}],"wp:term":[{"taxonomy":"product_brand","embeddable":true,"href":"https:\/\/sausage-stuffer.com\/tr\/wp-json\/wp\/v2\/product_brand?post=1608"},{"taxonomy":"product_cat","embeddable":true,"href":"https:\/\/sausage-stuffer.com\/tr\/wp-json\/wp\/v2\/product_cat?post=1608"},{"taxonomy":"product_tag","embeddable":true,"href":"https:\/\/sausage-stuffer.com\/tr\/wp-json\/wp\/v2\/product_tag?post=1608"}],"curies":[{"name":"wp","href":"https:\/\/api.w.org\/{rel}","templated":true}]}}