{"id":1607,"date":"2024-07-23T14:32:43","date_gmt":"2024-07-23T14:32:43","guid":{"rendered":"https:\/\/sausage-stuffer.com\/?post_type=product&#038;p=1607"},"modified":"2024-08-15T06:11:04","modified_gmt":"2024-08-15T06:11:04","slug":"sausage-stuffer-maker-sh3","status":"publish","type":"product","link":"https:\/\/sausage-stuffer.com\/tr\/manufacturer\/sausage-stuffer-maker-sh3\/","title":{"rendered":"Sosis Doldurma Makinesi SH-3"},"content":{"rendered":"<h2><strong>Sosis Doldurma Makinesi Tasar\u0131m\u0131 ve \u0130\u015flevselli\u011fi<\/strong><\/h2>\n<p>1. Yatay Tasar\u0131m: Bu tip doldurucu yatay olarak uzanan bir silindire sahiptir, bu da sosis k\u0131l\u0131flar\u0131n\u0131n daha tutarl\u0131 ve e\u015fit bir \u015fekilde doldurulmas\u0131n\u0131 sa\u011flar. Yatay tasar\u0131m, dikey dolduruculara k\u0131yasla genellikle daha stabildir.<\/p>\n<p>2. Manuel \u00c7al\u0131\u015fma: Bu doldurucular bir el krank\u0131yla \u00e7al\u0131\u015ft\u0131r\u0131l\u0131r ve kullan\u0131c\u0131ya sosis doldurma i\u015fleminin h\u0131z\u0131 ve bas\u0131nc\u0131 \u00fczerinde kontrol sa\u011flar. Bu manuel kontrol, sosislerde daha iyi tutarl\u0131l\u0131k ve daha az hava cebi ile sonu\u00e7lanabilir.<\/p>\n<p>3. Kapasite: Yatay manuel sosis doldurma makineleri, kullan\u0131c\u0131n\u0131n ihtiya\u00e7lar\u0131na ba\u011fl\u0131 olarak farkl\u0131 parti boyutlar\u0131n\u0131 bar\u0131nd\u0131ran, tipik olarak 5 pound ila 20 pound veya daha fazla aras\u0131nda de\u011fi\u015fen \u00e7e\u015fitli kapasitelerde gelir.<\/p>\n<p>4. Malzeme: Y\u00fcksek kaliteli yatay doldurucular genellikle paslanmaz \u00e7elikten veya temizlenmesi kolay, paslanmaya ve korozyona dayan\u0131kl\u0131 di\u011fer dayan\u0131kl\u0131 malzemelerden yap\u0131l\u0131r.<\/p>\n<p>5.Bile\u015fenler:<\/p>\n<ul>\n<li><strong>Silindir<\/strong>: Sosis kar\u0131\u015f\u0131m\u0131n\u0131n yerle\u015ftirildi\u011fi yer.<\/li>\n<li><strong>Piston<\/strong>: Kar\u0131\u015f\u0131m\u0131 silindir boyunca hareket ettirir.<\/li>\n<li><strong>Krank Kolu<\/strong>: Pistonu manuel olarak \u00e7al\u0131\u015ft\u0131r\u0131r.<\/li>\n<li><strong>Nozullar \/ T\u00fcneller<\/strong>: Farkl\u0131 sosis t\u00fcrleri i\u00e7in farkl\u0131 boyutlar.<\/li>\n<\/ul>","protected":false},"excerpt":{"rendered":"<h2><strong><span class=\"Y2IQFc\" lang=\"en\">Sosis Doldurma Makinesinin temel parametreleri<\/span><\/strong><\/h2>\n<p>Tip\uff1ayatay m<span class=\"Y2IQFc\" lang=\"en\">YILLIK<\/span>ausage stuffer<\/p>\n<p>Silindir \u00c7ap\u0131 xl (mm) \uff1a \uffe0140*200<\/p>\n<p>Boyut\uff1a288*360*570\uff08mm\uff09<\/p>\n<p>Net A\u011f\u0131rl\u0131k \uff1a 9 KG<\/p>\n<p id=\"tw-target-text\" class=\"tw-data-text tw-text-large tw-ta\" dir=\"ltr\" data-placeholder=\"Translation\" aria-label=\"\u00c7evrilmi\u015f metin\" data-ved=\"2ahUKEwikr8X52saHAxV4mq8BHbZ8AHMQ3ewLegQIEhAU\"><span class=\"Y2IQFc\" lang=\"en\">Hacim \uff1a 3 L<\/span><\/p>","protected":false},"featured_media":1794,"template":"","meta":[],"product_brand":[],"product_cat":[48],"product_tag":[],"class_list":{"0":"post-1607","1":"product","2":"type-product","3":"status-publish","4":"has-post-thumbnail","6":"product_cat-horizontal-manual-sausage-stuffer","8":"first","9":"instock","10":"shipping-taxable","11":"product-type-simple"},"_links":{"self":[{"href":"https:\/\/sausage-stuffer.com\/tr\/wp-json\/wp\/v2\/product\/1607","targetHints":{"allow":["GET"]}}],"collection":[{"href":"https:\/\/sausage-stuffer.com\/tr\/wp-json\/wp\/v2\/product"}],"about":[{"href":"https:\/\/sausage-stuffer.com\/tr\/wp-json\/wp\/v2\/types\/product"}],"wp:featuredmedia":[{"embeddable":true,"href":"https:\/\/sausage-stuffer.com\/tr\/wp-json\/wp\/v2\/media\/1794"}],"wp:attachment":[{"href":"https:\/\/sausage-stuffer.com\/tr\/wp-json\/wp\/v2\/media?parent=1607"}],"wp:term":[{"taxonomy":"product_brand","embeddable":true,"href":"https:\/\/sausage-stuffer.com\/tr\/wp-json\/wp\/v2\/product_brand?post=1607"},{"taxonomy":"product_cat","embeddable":true,"href":"https:\/\/sausage-stuffer.com\/tr\/wp-json\/wp\/v2\/product_cat?post=1607"},{"taxonomy":"product_tag","embeddable":true,"href":"https:\/\/sausage-stuffer.com\/tr\/wp-json\/wp\/v2\/product_tag?post=1607"}],"curies":[{"name":"wp","href":"https:\/\/api.w.org\/{rel}","templated":true}]}}