{"id":1606,"date":"2024-07-23T14:25:04","date_gmt":"2024-07-23T14:25:04","guid":{"rendered":"https:\/\/sausage-stuffer.com\/?post_type=product&#038;p=1606"},"modified":"2024-08-15T03:35:17","modified_gmt":"2024-08-15T03:35:17","slug":"15-pound-sausage-stuffer-sv15","status":"publish","type":"product","link":"https:\/\/sausage-stuffer.com\/tr\/manufacturer\/15-pound-sausage-stuffer-sv15\/","title":{"rendered":"15 Pound Sosis Doldurucu SV15"},"content":{"rendered":"<h2><strong>15 Pound<\/strong><strong>\u00a0<\/strong><strong>Sosis Doldurucu M<\/strong><strong>Makine:<\/strong><\/h2>\n<ul>\n<li>Paslanmaz \u00e7elik konstr\u00fcksiyon.<\/li>\n<li>H\u0131zl\u0131 serbest b\u0131rakma ve yava\u015f doldurma i\u00e7in iki h\u0131zl\u0131 tasar\u0131m.<\/li>\n<li>D\u00f6rt adet paslanmaz \u00e7elik nozul ile birlikte gelir.<\/li>\n<\/ul>\n<p>&nbsp;<\/p>\n<h2><span style=\"font-size: 100%;\"><strong>15 Pound Sosis Doldurucu Temel \u00d6zellikler<\/strong>:<\/span><\/h2>\n<div class=\"flex-shrink-0 flex flex-col relative items-end\">\n<div class=\"pt-0\">\n<ol>\n<li>Dikey Silindir: Dikey tasar\u0131m, yer\u00e7ekiminin doldurma i\u015flemine yard\u0131mc\u0131 olmas\u0131n\u0131 sa\u011flayarak et kar\u0131\u015f\u0131m\u0131n\u0131n i\u015flenmesini kolayla\u015ft\u0131r\u0131r.<\/li>\n<li>Manuel Krank: Bir el krank\u0131yla \u00e7al\u0131\u015ft\u0131r\u0131l\u0131r ve kullan\u0131c\u0131ya doldurma h\u0131z\u0131 \u00fczerinde kontrol sa\u011flar.<\/li>\n<li>Paslanmaz \u00c7elik Konstr\u00fcksiyon: Dayan\u0131kl\u0131 ve kolay temizlenir, paslanmay\u0131 \u00f6nler ve hijyeni korur.<\/li>\n<li>\u00c7oklu Nozullar: \u00c7e\u015fitli sosis t\u00fcrleri yapmak i\u00e7in farkl\u0131 boyutlarda doldurma t\u00fcpleri ile birlikte gelir.<\/li>\n<li>Kapasite: Farkl\u0131 parti boyutlar\u0131 i\u00e7in uygun, tipik olarak 5 ila 15 pound aras\u0131nda de\u011fi\u015fen \u00e7e\u015fitli kapasitelerde mevcuttur.<\/li>\n<li>\u00c7\u0131kar\u0131labilir Par\u00e7alar: Kapsaml\u0131 temizlik i\u00e7in kolay s\u00f6kme<\/li>\n<\/ol>\n<\/div>\n<\/div>","protected":false},"excerpt":{"rendered":"<h4><strong><span class=\"Y2IQFc\" lang=\"en\">Temel parametreler<\/span><\/strong><\/h4>\n<p>Tip\uff1a15 pound <span class=\"Y2IQFc\" lang=\"en\">s<\/span>ausage stuffer<\/p>\n<p>Silindir \u00c7ap\u0131 xl (mm): \uffe0219*400<\/p>\n<p>Boyut\uff1a370*330*710\uff08mm\uff09<\/p>\n<p>Net A\u011f\u0131rl\u0131k \uff1a 15 KG<\/p>\n<p id=\"tw-target-text\" class=\"tw-data-text tw-text-large tw-ta\" dir=\"ltr\" data-placeholder=\"Translation\" aria-label=\"\u00c7evrilmi\u015f metin\" data-ved=\"2ahUKEwikr8X52saHAxV4mq8BHbZ8AHMQ3ewLegQIEhAU\"><span class=\"Y2IQFc\" lang=\"en\">Hacim \uff1a 15 L<\/span><\/p>","protected":false},"featured_media":1558,"template":"","meta":[],"product_brand":[],"product_cat":[47],"product_tag":[],"class_list":{"0":"post-1606","1":"product","2":"type-product","3":"status-publish","4":"has-post-thumbnail","6":"product_cat-vertical-manual-sausage-stuffer","8":"first","9":"instock","10":"shipping-taxable","11":"product-type-simple"},"_links":{"self":[{"href":"https:\/\/sausage-stuffer.com\/tr\/wp-json\/wp\/v2\/product\/1606","targetHints":{"allow":["GET"]}}],"collection":[{"href":"https:\/\/sausage-stuffer.com\/tr\/wp-json\/wp\/v2\/product"}],"about":[{"href":"https:\/\/sausage-stuffer.com\/tr\/wp-json\/wp\/v2\/types\/product"}],"wp:featuredmedia":[{"embeddable":true,"href":"https:\/\/sausage-stuffer.com\/tr\/wp-json\/wp\/v2\/media\/1558"}],"wp:attachment":[{"href":"https:\/\/sausage-stuffer.com\/tr\/wp-json\/wp\/v2\/media?parent=1606"}],"wp:term":[{"taxonomy":"product_brand","embeddable":true,"href":"https:\/\/sausage-stuffer.com\/tr\/wp-json\/wp\/v2\/product_brand?post=1606"},{"taxonomy":"product_cat","embeddable":true,"href":"https:\/\/sausage-stuffer.com\/tr\/wp-json\/wp\/v2\/product_cat?post=1606"},{"taxonomy":"product_tag","embeddable":true,"href":"https:\/\/sausage-stuffer.com\/tr\/wp-json\/wp\/v2\/product_tag?post=1606"}],"curies":[{"name":"wp","href":"https:\/\/api.w.org\/{rel}","templated":true}]}}