{"id":1605,"date":"2024-07-23T14:24:10","date_gmt":"2024-07-23T14:24:10","guid":{"rendered":"https:\/\/sausage-stuffer.com\/?post_type=product&#038;p=1605"},"modified":"2024-08-15T03:56:37","modified_gmt":"2024-08-15T03:56:37","slug":"sausage-stuffer-commercial-sv12","status":"publish","type":"product","link":"https:\/\/sausage-stuffer.com\/tr\/manufacturer\/sausage-stuffer-commercial-sv12\/","title":{"rendered":"Sosis Doldurucu Ticari SV12"},"content":{"rendered":"<h2><strong>Sosis Doldurucu Ticari 12L:<\/strong><\/h2>\n<ul>\n<li>Paslanmaz \u00e7elik konstr\u00fcksiyon.<\/li>\n<li>H\u0131zl\u0131 serbest b\u0131rakma ve yava\u015f doldurma i\u00e7in iki h\u0131zl\u0131 tasar\u0131m.<\/li>\n<li>D\u00f6rt adet paslanmaz \u00e7elik nozul ile birlikte gelir.<\/li>\n<\/ul>\n<p>&nbsp;<\/p>\n<h2><strong>Sosis Doldurucu Ticari Faydalar\u0131:<\/strong><\/h2>\n<ul>\n<li><strong>Kontrol<\/strong>: Manuel \u00e7al\u0131\u015ft\u0131rma, doldurma i\u015flemi \u00fczerinde hassas kontrol sa\u011flar.<\/li>\n<li><strong>Ekonomiklik<\/strong>: Genellikle elektrikli modellerden daha uygun fiyatl\u0131d\u0131r.<\/li>\n<li><strong>Kompakt Tasar\u0131m<\/strong>: Yatay dolduruculara k\u0131yasla tezgahta daha az yer kaplar.<\/li>\n<li><strong>G\u00fcvenilirlik<\/strong>: Daha az mekanik par\u00e7a, daha az ar\u0131za potansiyeli anlam\u0131na gelir<\/li>\n<\/ul>","protected":false},"excerpt":{"rendered":"<h4><strong><span class=\"Y2IQFc\" lang=\"en\">Temel parametreler<\/span><\/strong><\/h4>\n<p>Tip\uff1adikey m<span class=\"Y2IQFc\" lang=\"en\">YILLIK<\/span>ausage stuffer<\/p>\n<p>Silindir \u00c7ap\u0131 xl (mm): \uffe0219*320<\/p>\n<p>Boyut\uff1a370*330*630\uff08mm\uff09<\/p>\n<p>Net A\u011f\u0131rl\u0131k \uff1a 13 KG<\/p>\n<p id=\"tw-target-text\" class=\"tw-data-text tw-text-large tw-ta\" dir=\"ltr\" data-placeholder=\"Translation\" aria-label=\"\u00c7evrilmi\u015f metin\" data-ved=\"2ahUKEwikr8X52saHAxV4mq8BHbZ8AHMQ3ewLegQIEhAU\"><span class=\"Y2IQFc\" lang=\"en\">Hacim \uff1a 12 L<\/span><\/p>","protected":false},"featured_media":1557,"template":"","meta":[],"product_brand":[],"product_cat":[47],"product_tag":[],"class_list":{"0":"post-1605","1":"product","2":"type-product","3":"status-publish","4":"has-post-thumbnail","6":"product_cat-vertical-manual-sausage-stuffer","8":"first","9":"instock","10":"shipping-taxable","11":"product-type-simple"},"_links":{"self":[{"href":"https:\/\/sausage-stuffer.com\/tr\/wp-json\/wp\/v2\/product\/1605","targetHints":{"allow":["GET"]}}],"collection":[{"href":"https:\/\/sausage-stuffer.com\/tr\/wp-json\/wp\/v2\/product"}],"about":[{"href":"https:\/\/sausage-stuffer.com\/tr\/wp-json\/wp\/v2\/types\/product"}],"wp:featuredmedia":[{"embeddable":true,"href":"https:\/\/sausage-stuffer.com\/tr\/wp-json\/wp\/v2\/media\/1557"}],"wp:attachment":[{"href":"https:\/\/sausage-stuffer.com\/tr\/wp-json\/wp\/v2\/media?parent=1605"}],"wp:term":[{"taxonomy":"product_brand","embeddable":true,"href":"https:\/\/sausage-stuffer.com\/tr\/wp-json\/wp\/v2\/product_brand?post=1605"},{"taxonomy":"product_cat","embeddable":true,"href":"https:\/\/sausage-stuffer.com\/tr\/wp-json\/wp\/v2\/product_cat?post=1605"},{"taxonomy":"product_tag","embeddable":true,"href":"https:\/\/sausage-stuffer.com\/tr\/wp-json\/wp\/v2\/product_tag?post=1605"}],"curies":[{"name":"wp","href":"https:\/\/api.w.org\/{rel}","templated":true}]}}