{"id":1604,"date":"2024-07-23T14:23:23","date_gmt":"2024-07-23T14:23:23","guid":{"rendered":"https:\/\/sausage-stuffer.com\/?post_type=product&#038;p=1604"},"modified":"2024-08-15T05:50:55","modified_gmt":"2024-08-15T05:50:55","slug":"cast-iron-sausage-stuffer-sv10","status":"publish","type":"product","link":"https:\/\/sausage-stuffer.com\/tr\/manufacturer\/cast-iron-sausage-stuffer-sv10\/","title":{"rendered":"D\u00f6kme Demir Sosis Doldurucu SV10"},"content":{"rendered":"<h2><strong>D\u00f6kme Demir Sosis Doldurucu 10lb:<\/strong><\/h2>\n<ul>\n<li>Paslanmaz \u00e7elik konstr\u00fcksiyon.<\/li>\n<li>H\u0131zl\u0131 serbest b\u0131rakma ve yava\u015f doldurma i\u00e7in iki h\u0131zl\u0131 tasar\u0131m.<\/li>\n<li>D\u00f6rt adet paslanmaz \u00e7elik nozul ile birlikte gelir.<\/li>\n<\/ul>\n<p>&nbsp;<\/p>\n<h2><strong>D\u00f6kme demir Sosis Doldurucu Kullan\u0131m \u0130pu\u00e7lar\u0131:<\/strong><\/h2>\n<ol>\n<li><strong>Eti So\u011futun<\/strong>: Et kar\u0131\u015f\u0131m\u0131n\u0131 so\u011fuk tutarak kolayca doldurulmas\u0131n\u0131 ve iyi bir doku elde edilmesini sa\u011flay\u0131n.<\/li>\n<li><strong>G\u00f6vdeleri Islat\u0131n<\/strong>: Do\u011fal k\u0131l\u0131flar\u0131 kullanmadan \u00f6nce \u0131l\u0131k suda bekleterek daha esnek ve kolay i\u015flenebilir hale getirin.<\/li>\n<li><strong>Tutarl\u0131 Bas\u0131n\u00e7<\/strong>: Sosislerin i\u00e7inde hava cepleri olu\u015fmas\u0131n\u0131 \u00f6nlemek i\u00e7in krank\u0131 sabit ve tutarl\u0131 bir h\u0131zda \u00e7evirin.<\/li>\n<li><strong>Nozulu Ya\u011flay\u0131n<\/strong>: Biraz su veya g\u0131da s\u0131n\u0131f\u0131 ya\u011f, muhafazalar\u0131n nozul \u00fczerinde daha d\u00fczg\u00fcn kaymas\u0131na yard\u0131mc\u0131 olabilir.<\/li>\n<li><strong>\u0130yice Temizleyin<\/strong>: Hijyeni korumak ve makinenin \u00f6mr\u00fcn\u00fc uzatmak i\u00e7in her kullan\u0131mdan sonra t\u00fcm par\u00e7alar\u0131 s\u00f6k\u00fcn ve temizleyin.<\/li>\n<\/ol>","protected":false},"excerpt":{"rendered":"<h4><strong>Temel parametreler<\/strong><\/h4>\n<p>Tip\uff1adikey manuel sosis doldurucu<\/p>\n<p>Silindir \u00c7ap\u0131 xl (mm): \uffe0219*70<\/p>\n<p>Boyut\uff1a370*330*580\uff08mm\uff09<\/p>\n<p>Net A\u011f\u0131rl\u0131k \uff1a 12 Kg<\/p>\n<p>Hacim \uff1a 10L<\/p>","protected":false},"featured_media":1556,"template":"","meta":[],"product_brand":[],"product_cat":[47],"product_tag":[],"class_list":{"0":"post-1604","1":"product","2":"type-product","3":"status-publish","4":"has-post-thumbnail","6":"product_cat-vertical-manual-sausage-stuffer","8":"first","9":"instock","10":"shipping-taxable","11":"product-type-simple"},"_links":{"self":[{"href":"https:\/\/sausage-stuffer.com\/tr\/wp-json\/wp\/v2\/product\/1604","targetHints":{"allow":["GET"]}}],"collection":[{"href":"https:\/\/sausage-stuffer.com\/tr\/wp-json\/wp\/v2\/product"}],"about":[{"href":"https:\/\/sausage-stuffer.com\/tr\/wp-json\/wp\/v2\/types\/product"}],"wp:featuredmedia":[{"embeddable":true,"href":"https:\/\/sausage-stuffer.com\/tr\/wp-json\/wp\/v2\/media\/1556"}],"wp:attachment":[{"href":"https:\/\/sausage-stuffer.com\/tr\/wp-json\/wp\/v2\/media?parent=1604"}],"wp:term":[{"taxonomy":"product_brand","embeddable":true,"href":"https:\/\/sausage-stuffer.com\/tr\/wp-json\/wp\/v2\/product_brand?post=1604"},{"taxonomy":"product_cat","embeddable":true,"href":"https:\/\/sausage-stuffer.com\/tr\/wp-json\/wp\/v2\/product_cat?post=1604"},{"taxonomy":"product_tag","embeddable":true,"href":"https:\/\/sausage-stuffer.com\/tr\/wp-json\/wp\/v2\/product_tag?post=1604"}],"curies":[{"name":"wp","href":"https:\/\/api.w.org\/{rel}","templated":true}]}}