{"id":1717,"date":"2024-07-28T14:39:28","date_gmt":"2024-07-28T14:39:28","guid":{"rendered":"https:\/\/sausage-stuffer.com\/?post_type=product&#038;p=1717"},"modified":"2024-08-03T07:20:46","modified_gmt":"2024-08-03T07:20:46","slug":"commercial-bone-cutting-machine-jg210b","status":"publish","type":"product","link":"https:\/\/sausage-stuffer.com\/sv\/manufacturer\/commercial-bone-cutting-machine-jg210b\/","title":{"rendered":"Kommersiell bensk\u00e4rningsmaskin JG210B"},"content":{"rendered":"<p>En kommersiell bensk\u00e4rmaskin \u00e4r en specialutrustning som \u00e4r utformad f\u00f6r tunga k\u00f6ttbearbetningsuppgifter, s\u00e4rskilt f\u00f6r att sk\u00e4ra genom ben, fryst k\u00f6tt och andra h\u00e5rda material i kommersiella k\u00f6k, slakterier och k\u00f6ttbearbetningsanl\u00e4ggningar. H\u00e4r \u00e4r n\u00e5gra viktiga funktioner och \u00f6verv\u00e4ganden f\u00f6r s\u00e5dana maskiner:<\/p>\n<h3><strong>Funktioner<\/strong><\/h3>\n<h4><strong>1. kraftfull motor :<\/strong><\/h4>\n<ul>\n<li>\n<h4><span style=\"color: #333333; font-size: 14.4px;\">H\u00f6geffektiva motorer f\u00f6r j\u00e4mn och effektiv kapning av tuffa material.<\/span><\/h4>\n<\/li>\n<\/ul>\n<h4><strong>2. Slitstark konstruktion:<\/strong><\/h4>\n<ul>\n<li>Tillverkad av robusta material som rostfritt st\u00e5l f\u00f6r att t\u00e5la tung anv\u00e4ndning och s\u00e4kerst\u00e4lla l\u00e5ng livsl\u00e4ngd.<\/li>\n<li>Korrosionsbest\u00e4ndiga egenskaper \u00e4r viktiga f\u00f6r hygien och h\u00e5llbarhet.<\/li>\n<\/ul>\n<h4><strong>3. S\u00e4kerhetsfunktioner:<\/strong><\/h4>\n<ul>\n<li>Utrustad med s\u00e4kerhetsskydd, n\u00f6dstoppsknappar och halkfria baser f\u00f6r att garantera anv\u00e4ndarens s\u00e4kerhet.<\/li>\n<li>Vissa modeller har automatisk bladavst\u00e4ngning om maskinen \u00f6ppnas under drift.<\/li>\n<\/ul>\n<h4><strong>4. justerbart blad:<\/strong><\/h4>\n<ul>\n<li>Justerbara bladinst\u00e4llningar f\u00f6r att passa olika tjocklekar och typer av snitt.<\/li>\n<li>L\u00e4tt utbytbara blad f\u00f6r olika sk\u00e4rbehov och underh\u00e5ll.<\/li>\n<\/ul>\n<h4><strong>5.Hygienisk design:<\/strong><\/h4>\n<ul>\n<li>Utformad f\u00f6r enkel reng\u00f6ring f\u00f6r att uppr\u00e4tth\u00e5lla en h\u00f6g hygienstandard.<\/li>\n<li>Avtagbara delar som t\u00e5l maskindisk eller \u00e4r l\u00e4tta att reng\u00f6ra.<\/li>\n<\/ul>\n<h4><strong>6.Precisionssk\u00e4rning:<\/strong><\/h4>\n<ul>\n<li>Ger exakta och konsekventa snitt f\u00f6r att s\u00e4kerst\u00e4lla enhetliga k\u00f6ttportioner.<\/li>\n<li>Vissa maskiner levereras med m\u00e5ttguider f\u00f6r exakta snitt.<\/li>\n<\/ul>\n<h3><strong>\u00d6verv\u00e4ganden<\/strong><\/h3>\n<p><strong>1.Kapacitet:<\/strong><\/p>\n<ul>\n<li>Maskinen ska vara anpassad till den bearbetningsvolym som beh\u00f6vs f\u00f6r din verksamhet.<\/li>\n<li>T\u00e4nk p\u00e5 storleken p\u00e5 sk\u00e4rbordet och den maximala tjocklek som det kan hantera.<\/li>\n<\/ul>\n<p><strong>2.Anv\u00e4ndarv\u00e4nlighet:<\/strong><\/p>\n<ul>\n<li>Anv\u00e4ndarv\u00e4nliga reglage och tydliga instruktioner \u00e4r avg\u00f6rande f\u00f6r en effektiv drift.<\/li>\n<li>Utbildningskraven f\u00f6r personalen b\u00f6r ocks\u00e5 beaktas.<\/li>\n<\/ul>\n<p><strong>3.Underh\u00e5ll:<\/strong><\/p>\n<ul>\n<li>Leta efter maskiner med l\u00e4tt\u00e5tkomliga delar f\u00f6r underh\u00e5ll och reparationer.<\/li>\n<li>Tillg\u00e5ng till reservdelar och support fr\u00e5n tillverkaren.<\/li>\n<\/ul>\n<p><strong>4. Energieffektivitet:<\/strong><\/p>\n<ul>\n<li>Maskiner med energisparande funktioner kan minska driftskostnaderna \u00f6ver tid.<\/li>\n<\/ul>\n<p><strong>5.Kostnad:<\/strong><\/p>\n<ul>\n<li>Balansera den initiala investeringen med maskinens f\u00f6rv\u00e4ntade livsl\u00e4ngd och prestanda.<\/li>\n<li>T\u00e4nk p\u00e5 den totala \u00e4gandekostnaden, inklusive underh\u00e5lls- och driftskostnader.<\/li>\n<\/ul>\n<h3><strong>Kommersiella till\u00e4mpningar f\u00f6r bensk\u00e4rningsmaskiner<\/strong><\/h3>\n<p><strong>Slakteributiker:<\/strong><\/p>\n<ul>\n<li>F\u00f6r att sk\u00e4ra igenom stora delar av k\u00f6tt och ben med precision och snabbhet.<\/li>\n<\/ul>\n<p><strong>Anl\u00e4ggningar f\u00f6r bearbetning av k\u00f6tt:<\/strong><\/p>\n<ul>\n<li>Oumb\u00e4rlig f\u00f6r bearbetning av k\u00f6ttprodukter i stora volymer.<\/li>\n<\/ul>\n<p><strong>Kommersiella k\u00f6k:<\/strong><\/p>\n<ul>\n<li>Anv\u00e4ndbar f\u00f6r restauranger och cateringfirmor som hanterar stora m\u00e4ngder k\u00f6ttberedning.<\/li>\n<\/ul>","protected":false},"excerpt":{"rendered":"<h4><strong><span class=\"Y2IQFc\" lang=\"en\">Kommersiell bensk\u00e4rmaskin JG210B Tekniska parametrar \uff1a.<\/span><\/strong><\/h4>\n<ul>\n<li class=\"tw-data-text tw-text-large tw-ta\" dir=\"ltr\" data-placeholder=\"Translation\" aria-label=\"\u00d6versatt text\" data-ved=\"2ahUKEwj2ucO6-8mHAxXmh68BHRM1GoEQ3ewLegQIEBAU\">Sp\u00e4nning \uff1a110 -220 v<\/li>\n<li class=\"tw-data-text tw-text-large tw-ta\" dir=\"ltr\" data-placeholder=\"Translation\" aria-label=\"\u00d6versatt text\" data-ved=\"2ahUKEwj2ucO6-8mHAxXmh68BHRM1GoEQ3ewLegQIEBAU\"><span class=\"Y2IQFc\" lang=\"en\">Frekvens \uff1a50\/60 Hz<\/span><\/li>\n<li dir=\"ltr\" data-placeholder=\"Translation\" aria-label=\"\u00d6versatt text\" data-ved=\"2ahUKEwj2ucO6-8mHAxXmh68BHRM1GoEQ3ewLegQIEBAU\">Motoreffekt :1500 w<\/li>\n<li dir=\"ltr\" data-placeholder=\"Translation\" aria-label=\"\u00d6versatt text\" data-ved=\"2ahUKEwj2ucO6-8mHAxXmh68BHRM1GoEQ3ewLegQIEBAU\">Bladets l\u00e4ngd: 2400 mm<\/li>\n<li dir=\"ltr\" data-placeholder=\"Translation\" aria-label=\"\u00d6versatt text\" data-ved=\"2ahUKEwj2ucO6-8mHAxXmh68BHRM1GoEQ3ewLegQIEBAU\">Specifikation f\u00f6r bord :506*416 mm<\/li>\n<li dir=\"ltr\" data-placeholder=\"Translation\" aria-label=\"\u00d6versatt text\" data-ved=\"2ahUKEwj2ucO6-8mHAxXmh68BHRM1GoEQ3ewLegQIEBAU\">Sk\u00e4rtjocklek :5-155 mm<\/li>\n<li dir=\"ltr\" data-placeholder=\"Translation\" aria-label=\"\u00d6versatt text\" data-ved=\"2ahUKEwj2ucO6-8mHAxXmh68BHRM1GoEQ3ewLegQIEBAU\">VIKT\/VIKT :61 KG\/51 KG<\/li>\n<li dir=\"ltr\" data-placeholder=\"Translation\" aria-label=\"\u00d6versatt text\" data-ved=\"2ahUKEwj2ucO6-8mHAxXmh68BHRM1GoEQ3ewLegQIEBAU\">Storlek p\u00e5 produkten :52*56*97 cm<\/li>\n<li dir=\"ltr\" data-placeholder=\"Translation\" aria-label=\"\u00d6versatt text\" data-ved=\"2ahUKEwj2ucO6-8mHAxXmh68BHRM1GoEQ3ewLegQIEBAU\">Storlek p\u00e5 f\u00f6rpackningen :62*66*107 cm<\/li>\n<\/ul>","protected":false},"featured_media":1862,"template":"","meta":[],"product_brand":[],"product_cat":[44],"product_tag":[],"class_list":{"0":"post-1717","1":"product","2":"type-product","3":"status-publish","4":"has-post-thumbnail","6":"product_cat-bone-cutting-machine","8":"first","9":"instock","10":"shipping-taxable","11":"product-type-simple"},"_links":{"self":[{"href":"https:\/\/sausage-stuffer.com\/sv\/wp-json\/wp\/v2\/product\/1717","targetHints":{"allow":["GET"]}}],"collection":[{"href":"https:\/\/sausage-stuffer.com\/sv\/wp-json\/wp\/v2\/product"}],"about":[{"href":"https:\/\/sausage-stuffer.com\/sv\/wp-json\/wp\/v2\/types\/product"}],"wp:featuredmedia":[{"embeddable":true,"href":"https:\/\/sausage-stuffer.com\/sv\/wp-json\/wp\/v2\/media\/1862"}],"wp:attachment":[{"href":"https:\/\/sausage-stuffer.com\/sv\/wp-json\/wp\/v2\/media?parent=1717"}],"wp:term":[{"taxonomy":"product_brand","embeddable":true,"href":"https:\/\/sausage-stuffer.com\/sv\/wp-json\/wp\/v2\/product_brand?post=1717"},{"taxonomy":"product_cat","embeddable":true,"href":"https:\/\/sausage-stuffer.com\/sv\/wp-json\/wp\/v2\/product_cat?post=1717"},{"taxonomy":"product_tag","embeddable":true,"href":"https:\/\/sausage-stuffer.com\/sv\/wp-json\/wp\/v2\/product_tag?post=1717"}],"curies":[{"name":"wp","href":"https:\/\/api.w.org\/{rel}","templated":true}]}}