{"id":1693,"date":"2024-07-26T10:28:23","date_gmt":"2024-07-26T10:28:23","guid":{"rendered":"https:\/\/sausage-stuffer.com\/?post_type=product&#038;p=1693"},"modified":"2024-08-03T07:19:27","modified_gmt":"2024-08-03T07:19:27","slug":"electric-bone-cutting-machine-jg210a","status":"publish","type":"product","link":"https:\/\/sausage-stuffer.com\/sv\/manufacturer\/electric-bone-cutting-machine-jg210a\/","title":{"rendered":"Elektrisk bensk\u00e4rningsmaskin JG210A"},"content":{"rendered":"<p>J\u00e4mf\u00f6rt med JG210 \u00e4r skalet p\u00e5 JG210A huvudsakligen tillverkat av j\u00e4rnmaterial, och utseendet \u00e4r mer modernt genom spraym\u00e5lningsprocessen, samtidigt som huvuddelen \u00e4r tillverkad av rostfritt st\u00e5lmaterial som uppfyller livsmedelss\u00e4kerhetsstandarder. Denna f\u00f6rb\u00e4ttrade design kan f\u00f6rb\u00e4ttra produktens visuella \u00f6verklagande samtidigt som s\u00e4kerheten f\u00f6r delar som kommer i kontakt med livsmedel s\u00e4kerst\u00e4lls.<\/p>\n<h4><strong>Bensk\u00e4rningsmaskin Till\u00e4mpning:<\/strong><\/h4>\n<ul>\n<li>L\u00e4mplig f\u00f6r livsmedelsbearbetningsfabrik, cateringindustri, matsal, den kan sk\u00e4ra alla typer av ben, fryst k\u00f6tt, fryst fisk och rasorialsk\u00e4rning.<\/li>\n<li>Maskinen anv\u00e4nds f\u00f6r fryst k\u00f6ttsk\u00e4rning och k\u00f6tt vid normal temperatur, men inte bra f\u00f6r k\u00f6tt utan ben vid normal temperatur.<\/li>\n<\/ul>\n<p>&nbsp;<\/p>\n<p><strong><b>Funktioner:<\/b><\/strong><\/p>\n<ul>\n<li>H\u00f6g effektivitet, l\u00e5g f\u00f6rbrukning, s\u00e4ker och tillf\u00f6rlitlig.<\/li>\n<li>L\u00e4ttanv\u00e4nd hantering, bekv\u00e4m reng\u00f6ring, stabil prestanda<\/li>\n<li>Aluminiumlegering, de delar som kommer i kontakt med livsmedel \u00e4r tillverkade av 304 rostfritt st\u00e5l, s\u00e5gbladet \u00e4r tillverkat av massivt st\u00e5l, fast och h\u00e5llbart<\/li>\n<li>Inbyggd vattent\u00e4t s\u00e4kerhetsanordning, n\u00e4r maskinens ytterh\u00f6lje \u00f6ppnas kommer den att sluta fungera<\/li>\n<\/ul>","protected":false},"excerpt":{"rendered":"<h4><strong><span class=\"Y2IQFc\" lang=\"en\">Bensk\u00e4rningsmaskin JG210A Tekniska parametrar\uff1a.<\/span><\/strong><\/h4>\n<ul>\n<li class=\"tw-data-text tw-text-large tw-ta\" dir=\"ltr\" data-placeholder=\"Translation\" aria-label=\"\u00d6versatt text\" data-ved=\"2ahUKEwj2ucO6-8mHAxXmh68BHRM1GoEQ3ewLegQIEBAU\">Sp\u00e4nning \uff1a110 -220 v<\/li>\n<li class=\"tw-data-text tw-text-large tw-ta\" dir=\"ltr\" data-placeholder=\"Translation\" aria-label=\"\u00d6versatt text\" data-ved=\"2ahUKEwj2ucO6-8mHAxXmh68BHRM1GoEQ3ewLegQIEBAU\"><span class=\"Y2IQFc\" lang=\"en\">Frekvens \uff1a50\/60 Hz<\/span><\/li>\n<li dir=\"ltr\" data-placeholder=\"Translation\" aria-label=\"\u00d6versatt text\" data-ved=\"2ahUKEwj2ucO6-8mHAxXmh68BHRM1GoEQ3ewLegQIEBAU\">Motoreffekt :750 w<\/li>\n<li dir=\"ltr\" data-placeholder=\"Translation\" aria-label=\"\u00d6versatt text\" data-ved=\"2ahUKEwj2ucO6-8mHAxXmh68BHRM1GoEQ3ewLegQIEBAU\">Specifikation f\u00f6r bordet :400*510 mm<\/li>\n<li dir=\"ltr\" data-placeholder=\"Translation\" aria-label=\"\u00d6versatt text\" data-ved=\"2ahUKEwj2ucO6-8mHAxXmh68BHRM1GoEQ3ewLegQIEBAU\">Sk\u00e4rtjocklek :5-150 mm<\/li>\n<li dir=\"ltr\" data-placeholder=\"Translation\" aria-label=\"\u00d6versatt text\" data-ved=\"2ahUKEwj2ucO6-8mHAxXmh68BHRM1GoEQ3ewLegQIEBAU\">Sk\u00e4rh\u00f6jd :245 mm<\/li>\n<li dir=\"ltr\" data-placeholder=\"Translation\" aria-label=\"\u00d6versatt text\" data-ved=\"2ahUKEwj2ucO6-8mHAxXmh68BHRM1GoEQ3ewLegQIEBAU\">VIKT\/VIKT :46 KG\/36 KG<\/li>\n<li dir=\"ltr\" data-placeholder=\"Translation\" aria-label=\"\u00d6versatt text\" data-ved=\"2ahUKEwj2ucO6-8mHAxXmh68BHRM1GoEQ3ewLegQIEBAU\">Storlek p\u00e5 produkten :51*51*86 cm<\/li>\n<li dir=\"ltr\" data-placeholder=\"Translation\" aria-label=\"\u00d6versatt text\" data-ved=\"2ahUKEwj2ucO6-8mHAxXmh68BHRM1GoEQ3ewLegQIEBAU\">Storlek p\u00e5 f\u00f6rpackningen :61*61*96 cm<\/li>\n<\/ul>","protected":false},"featured_media":1761,"template":"","meta":[],"product_brand":[],"product_cat":[44],"product_tag":[],"class_list":{"0":"post-1693","1":"product","2":"type-product","3":"status-publish","4":"has-post-thumbnail","6":"product_cat-bone-cutting-machine","8":"first","9":"instock","10":"shipping-taxable","11":"product-type-simple"},"_links":{"self":[{"href":"https:\/\/sausage-stuffer.com\/sv\/wp-json\/wp\/v2\/product\/1693","targetHints":{"allow":["GET"]}}],"collection":[{"href":"https:\/\/sausage-stuffer.com\/sv\/wp-json\/wp\/v2\/product"}],"about":[{"href":"https:\/\/sausage-stuffer.com\/sv\/wp-json\/wp\/v2\/types\/product"}],"wp:featuredmedia":[{"embeddable":true,"href":"https:\/\/sausage-stuffer.com\/sv\/wp-json\/wp\/v2\/media\/1761"}],"wp:attachment":[{"href":"https:\/\/sausage-stuffer.com\/sv\/wp-json\/wp\/v2\/media?parent=1693"}],"wp:term":[{"taxonomy":"product_brand","embeddable":true,"href":"https:\/\/sausage-stuffer.com\/sv\/wp-json\/wp\/v2\/product_brand?post=1693"},{"taxonomy":"product_cat","embeddable":true,"href":"https:\/\/sausage-stuffer.com\/sv\/wp-json\/wp\/v2\/product_cat?post=1693"},{"taxonomy":"product_tag","embeddable":true,"href":"https:\/\/sausage-stuffer.com\/sv\/wp-json\/wp\/v2\/product_tag?post=1693"}],"curies":[{"name":"wp","href":"https:\/\/api.w.org\/{rel}","templated":true}]}}