{"id":1692,"date":"2024-07-26T10:26:16","date_gmt":"2024-07-26T10:26:16","guid":{"rendered":"https:\/\/sausage-stuffer.com\/?post_type=product&#038;p=1692"},"modified":"2024-07-28T15:09:30","modified_gmt":"2024-07-28T15:09:30","slug":"meat-bone-cutting-machine-jg210","status":"publish","type":"product","link":"https:\/\/sausage-stuffer.com\/sv\/manufacturer\/meat-bone-cutting-machine-jg210\/","title":{"rendered":"Maskin f\u00f6r sk\u00e4rning av k\u00f6ttben JG210"},"content":{"rendered":"<h3><strong>Funktioner f\u00f6r bensk\u00e4rningsmaskin<\/strong><\/h3>\n<p><strong>1.Design<\/strong>:<\/p>\n<ul>\n<li>Vanligtvis robusta och tillverkade av h\u00e5llbara material som rostfritt st\u00e5l f\u00f6r att klara kr\u00e4vande uppgifter.<\/li>\n<li>Finns i olika storlekar f\u00f6r att passa olika behov, fr\u00e5n kompakta modeller f\u00f6r sm\u00e5 f\u00f6retag till stora industrimaskiner.<\/li>\n<\/ul>\n<p><strong>2.Blade<\/strong>:<\/p>\n<ul>\n<li>Vassa blad av h\u00f6g kvalitet som kan sk\u00e4ra genom ben och fryst k\u00f6tt.<\/li>\n<li>Ofta tillverkade av rostfritt st\u00e5l eller andra korrosionsbest\u00e4ndiga material.<\/li>\n<li>Vissa modeller har justerbara blad f\u00f6r olika tjocklek p\u00e5 sk\u00e4ret.<\/li>\n<\/ul>\n<p><strong>3.Motor<\/strong>:<\/p>\n<ul>\n<li>Drivs av en stark motor som ger det vridmoment som kr\u00e4vs f\u00f6r att sk\u00e4ra genom tuffa material.<\/li>\n<li>Motoreffekten varierar beroende p\u00e5 maskinens storlek och avsedda anv\u00e4ndning, d\u00e4r industrimodeller har kraftigare motorer.<\/li>\n<\/ul>\n<p><strong>4. S\u00e4kerhetsfunktioner<\/strong>:<\/p>\n<ul>\n<li>Utrustad med s\u00e4kerhetsskydd och n\u00f6dstoppsknappar f\u00f6r att f\u00f6rhindra olyckor.<\/li>\n<li>Vissa modeller har automatiska avst\u00e4ngningsmekanismer om bladet fastnar eller blir \u00f6verhettat.<\/li>\n<\/ul>\n<p><strong>5.Operation<\/strong>:<\/p>\n<ul>\n<li>Kan vara manuell, halvautomatisk eller helautomatisk.<\/li>\n<li>Manuella maskiner kr\u00e4ver mer fysisk anstr\u00e4ngning, medan automatiska maskiner \u00e4r mer effektiva och enkla att anv\u00e4nda.<\/li>\n<\/ul>\n<p><strong>6.Reng\u00f6ring och underh\u00e5ll<\/strong>:<\/p>\n<ul>\n<li>Designad f\u00f6r enkel demontering f\u00f6r att underl\u00e4tta grundlig reng\u00f6ring.<\/li>\n<li>Vissa delar av vissa modeller kan diskas i diskmaskin.<\/li>\n<\/ul>\n<h3><strong>F\u00f6rdelar med bensk\u00e4rningsmaskiner<\/strong><\/h3>\n<p><strong>1. Effektivitet<\/strong>:<\/p>\n<ul>\n<li>Sk\u00e4r igenom ben och fryst k\u00f6tt snabbt och exakt, vilket sparar tid och anstr\u00e4ngning.<\/li>\n<li>Oumb\u00e4rlig f\u00f6r k\u00f6ttbearbetning med stora volymer.<\/li>\n<\/ul>\n<p><strong>2. konsekvens<\/strong>:<\/p>\n<ul>\n<li>S\u00e4kerst\u00e4ller enhetliga snitt, vilket \u00e4r avg\u00f6rande f\u00f6r presentation och konsistens i tillagningen.<\/li>\n<\/ul>\n<p><strong>3. S\u00e4kerhet<\/strong>:<\/p>\n<ul>\n<li>Utformad med flera s\u00e4kerhetsfunktioner f\u00f6r att skydda anv\u00e4ndaren fr\u00e5n skador.<\/li>\n<li>Minskar risken f\u00f6r olyckor j\u00e4mf\u00f6rt med att anv\u00e4nda manuella s\u00e5gar eller knivar.<\/li>\n<\/ul>\n<p><strong>4. m\u00e5ngsidighet<\/strong>:<\/p>\n<ul>\n<li>L\u00e4mplig f\u00f6r olika typer av k\u00f6tt och ben, t.ex. n\u00f6tk\u00f6tt, fl\u00e4skk\u00f6tt, lamm och fj\u00e4derf\u00e4.<\/li>\n<li>Vissa modeller kan \u00e4ven hantera frysta produkter och fisk.<\/li>\n<\/ul>","protected":false},"excerpt":{"rendered":"<h4><strong><span class=\"Y2IQFc\" lang=\"en\">Bensk\u00e4rningsmaskin JG210 Processparametrar\uff1a.<\/span><\/strong><\/h4>\n<ul>\n<li class=\"tw-data-text tw-text-large tw-ta\" dir=\"ltr\" data-placeholder=\"Translation\" aria-label=\"\u00d6versatt text\" data-ved=\"2ahUKEwj2ucO6-8mHAxXmh68BHRM1GoEQ3ewLegQIEBAU\">Sp\u00e4nning \uff1a110 -220 v<\/li>\n<li class=\"tw-data-text tw-text-large tw-ta\" dir=\"ltr\" data-placeholder=\"Translation\" aria-label=\"\u00d6versatt text\" data-ved=\"2ahUKEwj2ucO6-8mHAxXmh68BHRM1GoEQ3ewLegQIEBAU\"><span class=\"Y2IQFc\" lang=\"en\">Frekvens \uff1a50\/60 Hz<\/span><\/li>\n<li dir=\"ltr\" data-placeholder=\"Translation\" aria-label=\"\u00d6versatt text\" data-ved=\"2ahUKEwj2ucO6-8mHAxXmh68BHRM1GoEQ3ewLegQIEBAU\">Motoreffekt :750 w<\/li>\n<li dir=\"ltr\" data-placeholder=\"Translation\" aria-label=\"\u00d6versatt text\" data-ved=\"2ahUKEwj2ucO6-8mHAxXmh68BHRM1GoEQ3ewLegQIEBAU\">Specifikation f\u00f6r bordet :400*510 mm<\/li>\n<li dir=\"ltr\" data-placeholder=\"Translation\" aria-label=\"\u00d6versatt text\" data-ved=\"2ahUKEwj2ucO6-8mHAxXmh68BHRM1GoEQ3ewLegQIEBAU\">Sk\u00e4rtjocklek :5-150 mm<\/li>\n<li dir=\"ltr\" data-placeholder=\"Translation\" aria-label=\"\u00d6versatt text\" data-ved=\"2ahUKEwj2ucO6-8mHAxXmh68BHRM1GoEQ3ewLegQIEBAU\">Sk\u00e4rh\u00f6jd :245 mm<\/li>\n<li dir=\"ltr\" data-placeholder=\"Translation\" aria-label=\"\u00d6versatt text\" data-ved=\"2ahUKEwj2ucO6-8mHAxXmh68BHRM1GoEQ3ewLegQIEBAU\">VIKT\/VIKT :46 KG\/36 KG<\/li>\n<li dir=\"ltr\" data-placeholder=\"Translation\" aria-label=\"\u00d6versatt text\" data-ved=\"2ahUKEwj2ucO6-8mHAxXmh68BHRM1GoEQ3ewLegQIEBAU\">Storlek p\u00e5 produkten :51*51*86 cm<\/li>\n<li dir=\"ltr\" data-placeholder=\"Translation\" aria-label=\"\u00d6versatt text\" data-ved=\"2ahUKEwj2ucO6-8mHAxXmh68BHRM1GoEQ3ewLegQIEBAU\">Storlek p\u00e5 f\u00f6rpackningen :61*61*96 cm<\/li>\n<\/ul>\n<p>&nbsp;<\/p>","protected":false},"featured_media":1716,"template":"","meta":[],"product_brand":[],"product_cat":[44],"product_tag":[],"class_list":{"0":"post-1692","1":"product","2":"type-product","3":"status-publish","4":"has-post-thumbnail","6":"product_cat-bone-cutting-machine","8":"first","9":"instock","10":"shipping-taxable","11":"product-type-simple"},"_links":{"self":[{"href":"https:\/\/sausage-stuffer.com\/sv\/wp-json\/wp\/v2\/product\/1692","targetHints":{"allow":["GET"]}}],"collection":[{"href":"https:\/\/sausage-stuffer.com\/sv\/wp-json\/wp\/v2\/product"}],"about":[{"href":"https:\/\/sausage-stuffer.com\/sv\/wp-json\/wp\/v2\/types\/product"}],"wp:featuredmedia":[{"embeddable":true,"href":"https:\/\/sausage-stuffer.com\/sv\/wp-json\/wp\/v2\/media\/1716"}],"wp:attachment":[{"href":"https:\/\/sausage-stuffer.com\/sv\/wp-json\/wp\/v2\/media?parent=1692"}],"wp:term":[{"taxonomy":"product_brand","embeddable":true,"href":"https:\/\/sausage-stuffer.com\/sv\/wp-json\/wp\/v2\/product_brand?post=1692"},{"taxonomy":"product_cat","embeddable":true,"href":"https:\/\/sausage-stuffer.com\/sv\/wp-json\/wp\/v2\/product_cat?post=1692"},{"taxonomy":"product_tag","embeddable":true,"href":"https:\/\/sausage-stuffer.com\/sv\/wp-json\/wp\/v2\/product_tag?post=1692"}],"curies":[{"name":"wp","href":"https:\/\/api.w.org\/{rel}","templated":true}]}}