{"id":1691,"date":"2024-07-26T10:25:10","date_gmt":"2024-07-26T10:25:10","guid":{"rendered":"https:\/\/sausage-stuffer.com\/?post_type=product&#038;p=1691"},"modified":"2024-08-06T12:03:54","modified_gmt":"2024-08-06T12:03:54","slug":"vegetable-cutter-slicer-qc205b","status":"publish","type":"product","link":"https:\/\/sausage-stuffer.com\/sv\/manufacturer\/vegetable-cutter-slicer-qc205b\/","title":{"rendered":"Gr\u00f6nsakssk\u00e4rare Skivare QC205B"},"content":{"rendered":"<h3><strong><b>Hur en gr\u00f6nsakssk\u00e4rare fungerar<\/b><\/strong><\/h3>\n<p>En crinkle cutter har vanligtvis ett blad av rostfritt st\u00e5l med ett v\u00e5gigt eller r\u00e4fflat m\u00f6nster. Gr\u00f6nsaker trycks genom bladet f\u00f6r att skapa det distinkta rynksk\u00e4ret. Vissa modeller kan ha ett handtag eller ett s\u00e4kerhetsskydd f\u00f6r enklare och s\u00e4krare anv\u00e4ndning.<\/p>\n<h3><strong><b>F\u00f6rdelar med att anv\u00e4nda en gr\u00f6nsakssk\u00e4rare<\/b><\/strong><\/h3>\n<ul>\n<li><strong>F\u00f6rb\u00e4ttrar presentationen:<\/strong>Gr\u00f6nsaker skurna i strimlor g\u00f6r sallader, wokr\u00e4tter och andra r\u00e4tter mer intressanta.<\/li>\n<li><strong>F\u00f6rb\u00e4ttrar texturen:<\/strong>De v\u00e5giga sk\u00e4rningarna kan f\u00f6rb\u00e4ttra texturen och smaken hos vissa gr\u00f6nsaker.<\/li>\n<li><strong>L\u00e4tt att anv\u00e4nda:<\/strong>De flesta crinkle cutters \u00e4r enkla att anv\u00e4nda, vilket g\u00f6r dem l\u00e4mpliga f\u00f6r b\u00e5de nyb\u00f6rjare och erfarna kockar.<\/li>\n<li><strong>M\u00e5ngsidig:<\/strong>Kan anv\u00e4ndas p\u00e5 en m\u00e4ngd olika gr\u00f6nsaker och frukter.<\/li>\n<\/ul>\n<h3><strong><b>Att v\u00e4lja r\u00e4tt gr\u00f6nsakssk\u00e4rare<\/b><\/strong><\/h3>\n<p>T\u00e4nk p\u00e5 f\u00f6ljande faktorer n\u00e4r du v\u00e4ljer en krusklippare:<\/p>\n<ul>\n<li><strong>Bladm\u00f6nster:<\/strong>Olika m\u00f6nster skapar olika effekter.<\/li>\n<li><strong>Storlek och form:<\/strong>V\u00e4lj en sk\u00e4rare som ligger bekv\u00e4mt i handen.<\/li>\n<li><strong>Material:<\/strong>Rostfritt st\u00e5l \u00e4r att f\u00f6redra f\u00f6r h\u00e5llbarhet och hygien.<\/li>\n<li><strong>S\u00e4kerhetsfunktioner:<\/strong>Leta efter halkfria grepp och bladskydd.<\/li>\n<\/ul>\n<p>Genom att inf\u00f6rliva en gr\u00f6nsakssk\u00e4rare i din k\u00f6ksarsenal kan du h\u00f6ja dina kulinariska skapelser och imponera p\u00e5 dina g\u00e4ster med din kreativa k\u00e4nsla.<\/p>","protected":false},"excerpt":{"rendered":"<h4><strong>Gr\u00f6nsakssk\u00e4rare Skivare QC205B Parameter :<\/strong><\/h4>\n<p>Knivsk\u00e5lens diameter ;\u2205205 mm<\/p>\n<p id=\"tw-target-text\" class=\"tw-data-text tw-text-large tw-ta\" dir=\"ltr\" data-placeholder=\"Translation\" aria-label=\"\u00d6versatt text\" data-ved=\"2ahUKEwi8jdCVo9GHAxWHcPUHHXifC8wQ3ewLegQICRAU\"><span class=\"Y2IQFc\" lang=\"en\">Antal knivar \uff1a5<\/span><\/p>\n<p>Effekt :1000 W<\/p>\n<p>Sp\u00e4nning :220V50Hz-110V60Hz<\/p>\n<p>Produktstorlek :580*385*550(mm)<\/p>\n<p>F\u00f6rpackningsstorlek :675*345*540(mm)<\/p>\n<p>VIKT\/VIKT :32(KG)\/27(KG)<\/p>","protected":false},"featured_media":1655,"template":"","meta":[],"product_brand":[],"product_cat":[43],"product_tag":[],"class_list":{"0":"post-1691","1":"product","2":"type-product","3":"status-publish","4":"has-post-thumbnail","6":"product_cat-vegetable-cutter","8":"first","9":"instock","10":"shipping-taxable","11":"product-type-simple"},"_links":{"self":[{"href":"https:\/\/sausage-stuffer.com\/sv\/wp-json\/wp\/v2\/product\/1691","targetHints":{"allow":["GET"]}}],"collection":[{"href":"https:\/\/sausage-stuffer.com\/sv\/wp-json\/wp\/v2\/product"}],"about":[{"href":"https:\/\/sausage-stuffer.com\/sv\/wp-json\/wp\/v2\/types\/product"}],"wp:featuredmedia":[{"embeddable":true,"href":"https:\/\/sausage-stuffer.com\/sv\/wp-json\/wp\/v2\/media\/1655"}],"wp:attachment":[{"href":"https:\/\/sausage-stuffer.com\/sv\/wp-json\/wp\/v2\/media?parent=1691"}],"wp:term":[{"taxonomy":"product_brand","embeddable":true,"href":"https:\/\/sausage-stuffer.com\/sv\/wp-json\/wp\/v2\/product_brand?post=1691"},{"taxonomy":"product_cat","embeddable":true,"href":"https:\/\/sausage-stuffer.com\/sv\/wp-json\/wp\/v2\/product_cat?post=1691"},{"taxonomy":"product_tag","embeddable":true,"href":"https:\/\/sausage-stuffer.com\/sv\/wp-json\/wp\/v2\/product_tag?post=1691"}],"curies":[{"name":"wp","href":"https:\/\/api.w.org\/{rel}","templated":true}]}}