{"id":1689,"date":"2024-07-26T10:22:24","date_gmt":"2024-07-26T10:22:24","guid":{"rendered":"https:\/\/sausage-stuffer.com\/?post_type=product&#038;p=1689"},"modified":"2024-08-06T12:10:30","modified_gmt":"2024-08-06T12:10:30","slug":"electric-vegetable-cutter-qc205","status":"publish","type":"product","link":"https:\/\/sausage-stuffer.com\/sv\/manufacturer\/electric-vegetable-cutter-qc205\/","title":{"rendered":"Elektrisk gr\u00f6nsakssk\u00e4rare QC205"},"content":{"rendered":"<p>Elektrisk gr\u00f6nsakssk\u00e4rare,Detta tidsbesparande verktyg erbjuder precision och konsistens, vilket g\u00f6r det till ett v\u00e4rdefullt tillskott till alla k\u00f6k.<\/p>\n<h3><strong><b>Viktiga funktioner<\/b><\/strong><\/h3>\n<ul>\n<li><strong>Kraftfull motor:<\/strong>\u00a0S\u00e4kerst\u00e4ller effektiv sk\u00e4rning \u00e4ven av tuffa gr\u00f6nsaker.<\/li>\n<li><strong>Utbytbara blad:<\/strong>\u00a0Erbjuder m\u00e5ngsidighet f\u00f6r olika klippstilar.<\/li>\n<li><strong>S\u00e4kerhetsfunktioner:<\/strong>\u00a0Inklusive s\u00e4kerhetsskydd och halkfria f\u00f6tter f\u00f6r s\u00e4ker drift.<\/li>\n<li><strong>Enkel reng\u00f6ring:<\/strong>\u00a0De flesta komponenterna t\u00e5l maskindisk f\u00f6r enkelt underh\u00e5ll.<\/li>\n<li><strong>Kapacitet:<\/strong>\u00a0Varierar beroende p\u00e5 modell, fr\u00e5n sm\u00e5 b\u00e4nksk\u00e5psenheter till st\u00f6rre kommersiella modeller.<\/li>\n<\/ul>\n<h3><strong><b>F\u00f6rdelar<\/b><\/strong><\/h3>\n<ul>\n<li><strong>Tidsbesparande:<\/strong>\u00a0F\u00f6rbered snabbt stora m\u00e4ngder gr\u00f6nsaker f\u00f6r sallader, wokar och mycket mer.<\/li>\n<li><strong>Konsekventa resultat:<\/strong>\u00a0Det \u00e4r enkelt att f\u00e5 till enhetliga skivor, strimlor eller rivj\u00e4rn.<\/li>\n<li><strong><b>Minskad arbetsinsats: <\/b><\/strong>Minimalt behov av manuellt arbete j\u00e4mf\u00f6rt med manuella metoder.<\/li>\n<li><strong>S\u00e4kerhet:<\/strong>\u00a0Minimera risken f\u00f6r olyckor i samband med knivar.<\/li>\n<li><strong>M\u00e5ngsidighet:<\/strong>\u00a0M\u00e5nga modeller kan hantera en m\u00e4ngd olika frukter och gr\u00f6nsaker.<\/li>\n<\/ul>\n<p>Genom att investera i en elektrisk gr\u00f6nsakssk\u00e4rare av h\u00f6g kvalitet kan du effektivisera din matlagningsprocess och njuta av bekv\u00e4mligheten med perfekt skivade ingredienser.<\/p>","protected":false},"excerpt":{"rendered":"<h4><strong>Elektrisk gr\u00f6nsakssk\u00e4rare QC205 Parameter :<\/strong><\/h4>\n<p>Knivsk\u00e5lens diameter ;\u2205205 mm<\/p>\n<p>Effekt :350 W<\/p>\n<p>Sp\u00e4nning :220V50Hz<\/p>\n<p>Produktstorlek :535*270*525(mm)<\/p>\n<p>F\u00f6rpackningsstorlek :580*385*550(mm)<\/p>\n<p>G.W\/N.W :24.5(KG)\/19(KG)<\/p>","protected":false},"featured_media":1653,"template":"","meta":[],"product_brand":[],"product_cat":[43],"product_tag":[],"class_list":{"0":"post-1689","1":"product","2":"type-product","3":"status-publish","4":"has-post-thumbnail","6":"product_cat-vegetable-cutter","8":"first","9":"instock","10":"shipping-taxable","11":"product-type-simple"},"_links":{"self":[{"href":"https:\/\/sausage-stuffer.com\/sv\/wp-json\/wp\/v2\/product\/1689","targetHints":{"allow":["GET"]}}],"collection":[{"href":"https:\/\/sausage-stuffer.com\/sv\/wp-json\/wp\/v2\/product"}],"about":[{"href":"https:\/\/sausage-stuffer.com\/sv\/wp-json\/wp\/v2\/types\/product"}],"wp:featuredmedia":[{"embeddable":true,"href":"https:\/\/sausage-stuffer.com\/sv\/wp-json\/wp\/v2\/media\/1653"}],"wp:attachment":[{"href":"https:\/\/sausage-stuffer.com\/sv\/wp-json\/wp\/v2\/media?parent=1689"}],"wp:term":[{"taxonomy":"product_brand","embeddable":true,"href":"https:\/\/sausage-stuffer.com\/sv\/wp-json\/wp\/v2\/product_brand?post=1689"},{"taxonomy":"product_cat","embeddable":true,"href":"https:\/\/sausage-stuffer.com\/sv\/wp-json\/wp\/v2\/product_cat?post=1689"},{"taxonomy":"product_tag","embeddable":true,"href":"https:\/\/sausage-stuffer.com\/sv\/wp-json\/wp\/v2\/product_tag?post=1689"}],"curies":[{"name":"wp","href":"https:\/\/api.w.org\/{rel}","templated":true}]}}