{"id":1680,"date":"2024-07-26T10:12:20","date_gmt":"2024-07-26T10:12:20","guid":{"rendered":"https:\/\/sausage-stuffer.com\/?post_type=product&#038;p=1680"},"modified":"2024-07-31T12:35:07","modified_gmt":"2024-07-31T12:35:07","slug":"slicer-machine-250b","status":"publish","type":"product","link":"https:\/\/sausage-stuffer.com\/sv\/manufacturer\/slicer-machine-250b\/","title":{"rendered":"Sk\u00e4rmaskin 250B"},"content":{"rendered":"<p>Denna k\u00f6ttskivserie tillverkad av aluminium-magnesiumlegering och anodiserad, de har tre st\u00f6rsta egenskaper:<\/p>\n<p>1. m\u00e5ste skydda knivr\u00e4tt att dra en stolpe att bryta en stav kontroll att utrusta.<\/p>\n<p>2.M\u00e5ste v\u00e4ssa ett knivskydd f\u00f6r att utrusta.<\/p>\n<p>3.M\u00e5ste l\u00e5sas f\u00f6r att utrusta.<\/p>","protected":false},"excerpt":{"rendered":"<h3><strong>250B halvautomatisk sk\u00e4rmaskin Parameter :<\/strong><\/h3>\n[tabell id=5 \/]","protected":false},"featured_media":1743,"template":"","meta":[],"product_brand":[],"product_cat":[42],"product_tag":[],"class_list":{"0":"post-1680","1":"product","2":"type-product","3":"status-publish","4":"has-post-thumbnail","6":"product_cat-meat-slicer","8":"first","9":"instock","10":"shipping-taxable","11":"product-type-simple"},"_links":{"self":[{"href":"https:\/\/sausage-stuffer.com\/sv\/wp-json\/wp\/v2\/product\/1680","targetHints":{"allow":["GET"]}}],"collection":[{"href":"https:\/\/sausage-stuffer.com\/sv\/wp-json\/wp\/v2\/product"}],"about":[{"href":"https:\/\/sausage-stuffer.com\/sv\/wp-json\/wp\/v2\/types\/product"}],"wp:featuredmedia":[{"embeddable":true,"href":"https:\/\/sausage-stuffer.com\/sv\/wp-json\/wp\/v2\/media\/1743"}],"wp:attachment":[{"href":"https:\/\/sausage-stuffer.com\/sv\/wp-json\/wp\/v2\/media?parent=1680"}],"wp:term":[{"taxonomy":"product_brand","embeddable":true,"href":"https:\/\/sausage-stuffer.com\/sv\/wp-json\/wp\/v2\/product_brand?post=1680"},{"taxonomy":"product_cat","embeddable":true,"href":"https:\/\/sausage-stuffer.com\/sv\/wp-json\/wp\/v2\/product_cat?post=1680"},{"taxonomy":"product_tag","embeddable":true,"href":"https:\/\/sausage-stuffer.com\/sv\/wp-json\/wp\/v2\/product_tag?post=1680"}],"curies":[{"name":"wp","href":"https:\/\/api.w.org\/{rel}","templated":true}]}}