{"id":1678,"date":"2024-07-26T10:09:04","date_gmt":"2024-07-26T10:09:04","guid":{"rendered":"https:\/\/sausage-stuffer.com\/?post_type=product&#038;p=1678"},"modified":"2024-07-29T14:41:49","modified_gmt":"2024-07-29T14:41:49","slug":"meat-slicer-200b","status":"publish","type":"product","link":"https:\/\/sausage-stuffer.com\/sv\/manufacturer\/meat-slicer-200b\/","title":{"rendered":"K\u00f6ttsk\u00e4rare 200B"},"content":{"rendered":"<h2 class=\"\" data-sourcepos=\"1:1-1:49\">V\u00e5r elektriska halvautomatiska k\u00f6ttskivare<\/h2>\n<p data-sourcepos=\"3:1-3:74\">\u00d6ka din produktivitet och precision med v\u00e5r elektriska k\u00f6ttskivare av industriell kvalitet. Den h\u00e4r maskinen \u00e4r utformad f\u00f6r kr\u00e4vande stork\u00f6k och ger exceptionell prestanda och h\u00e5llbarhet.<\/p>\n<p data-sourcepos=\"5:1-5:17\"><strong>Viktiga egenskaper:<\/strong><\/p>\n<ul data-sourcepos=\"7:1-7:32\">\n<li data-sourcepos=\"7:1-7:32\"><strong>Motor med h\u00f6g verkningsgrad:<\/strong> 210 W ing\u00e5ngseffekt f\u00f6r snabb och j\u00e4mn skivning.<\/li>\n<li data-sourcepos=\"8:1-8:79\"><strong>Justerbar tjocklek p\u00e5 skivan:<\/strong> Anpassa enkelt skivtjockleken fr\u00e5n 0 till 13 mm med den exakta justeringsratten.<\/li>\n<li data-sourcepos=\"9:1-9:108\"><strong>Slitstark konstruktion:<\/strong> Gjuten aluminiumkropp och 10-tums blad av f\u00f6rkromat st\u00e5l f\u00f6r l\u00e5ngvarig anv\u00e4ndning.<\/li>\n<li data-sourcepos=\"10:1-10:1\"><strong>S\u00e4kerheten f\u00f6rst:<\/strong> Transparent s\u00e4kerhetsskydd, halkfri bas och vattent\u00e4t str\u00f6mbrytare f\u00f6r s\u00e4ker drift.<\/li>\n<li data-sourcepos=\"11:1-12:0\"><strong>M\u00e5ngsidig skivning:<\/strong> Hanterar olika livsmedel, t.ex. k\u00f6tt, ost, br\u00f6d och gr\u00f6nsaker.<\/li>\n<\/ul>","protected":false},"excerpt":{"rendered":"<h3><strong>8\"Halvautomatisk k\u00f6ttskivare Parameter<\/strong><\/h3>\n<p>Funktion \uff1a Halvautomatisk<\/p>\n<p>Avsk\u00e4rning av resv\u00e4gen : 140 mm<\/p>\n<p>Justera tjockleken: 0~13 mm<\/p>\n<p>Bladdiameter :\u2205220 mm<\/p>\n<p>Effekt: 210 W<\/p>\n<p>Sp\u00e4nning : 220V 50Hz<\/p>\n<p>Storlek p\u00e5 produkten :410*400*350(mm)<\/p>\n<p>Storlek p\u00e5 f\u00f6rpackningen :465*355*425(mm)<\/p>\n<p>VIKT\/VIKT :16,5\/14,5(KG)<\/p>","protected":false},"featured_media":1630,"template":"","meta":[],"product_brand":[],"product_cat":[42],"product_tag":[],"class_list":{"0":"post-1678","1":"product","2":"type-product","3":"status-publish","4":"has-post-thumbnail","6":"product_cat-meat-slicer","8":"first","9":"instock","10":"shipping-taxable","11":"product-type-simple"},"_links":{"self":[{"href":"https:\/\/sausage-stuffer.com\/sv\/wp-json\/wp\/v2\/product\/1678","targetHints":{"allow":["GET"]}}],"collection":[{"href":"https:\/\/sausage-stuffer.com\/sv\/wp-json\/wp\/v2\/product"}],"about":[{"href":"https:\/\/sausage-stuffer.com\/sv\/wp-json\/wp\/v2\/types\/product"}],"wp:featuredmedia":[{"embeddable":true,"href":"https:\/\/sausage-stuffer.com\/sv\/wp-json\/wp\/v2\/media\/1630"}],"wp:attachment":[{"href":"https:\/\/sausage-stuffer.com\/sv\/wp-json\/wp\/v2\/media?parent=1678"}],"wp:term":[{"taxonomy":"product_brand","embeddable":true,"href":"https:\/\/sausage-stuffer.com\/sv\/wp-json\/wp\/v2\/product_brand?post=1678"},{"taxonomy":"product_cat","embeddable":true,"href":"https:\/\/sausage-stuffer.com\/sv\/wp-json\/wp\/v2\/product_cat?post=1678"},{"taxonomy":"product_tag","embeddable":true,"href":"https:\/\/sausage-stuffer.com\/sv\/wp-json\/wp\/v2\/product_tag?post=1678"}],"curies":[{"name":"wp","href":"https:\/\/api.w.org\/{rel}","templated":true}]}}