{"id":1608,"date":"2024-07-23T14:33:33","date_gmt":"2024-07-23T14:33:33","guid":{"rendered":"https:\/\/sausage-stuffer.com\/?post_type=product&#038;p=1608"},"modified":"2024-08-15T06:06:06","modified_gmt":"2024-08-15T06:06:06","slug":"homemade-sausage-stuffer-sh7","status":"publish","type":"product","link":"https:\/\/sausage-stuffer.com\/sv\/manufacturer\/homemade-sausage-stuffer-sh7\/","title":{"rendered":"Hemlagad korvstoppare SH-7"},"content":{"rendered":"<h3><span style=\"color: #000000;\"><strong>F\u00f6rdelar med hemlagad korvstoppning<\/strong><\/span><\/h3>\n<p><span style=\"color: #000000;\"><strong>1. Precisionskontroll<\/strong>:<\/span><\/p>\n<ul>\n<li><span style=\"color: #000000;\">M\u00f6jligg\u00f6r j\u00e4mn fyllning, minskar risken f\u00f6r luftfickor och s\u00e4kerst\u00e4ller j\u00e4mn f\u00f6rdelning av korvblandningen.<\/span><\/li>\n<\/ul>\n<p><span style=\"color: #000000;\"><strong>2. H\u00e5llbarhet<\/strong>:<\/span><\/p>\n<ul>\n<li><span style=\"color: #000000;\">H\u00f6gkvalitativa material som rostfritt st\u00e5l garanterar l\u00e5ngvarig prestanda och motst\u00e5ndskraft mot rost och korrosion.<\/span><\/li>\n<\/ul>\n<p><span style=\"color: #000000;\"><strong>3. m\u00e5ngsidighet<\/strong>:<\/span><\/p>\n<ul>\n<li><span style=\"color: #000000;\">L\u00e4mplig f\u00f6r ett brett utbud av korvtyper, inklusive bratwurst, chorizo, italiensk korv med mera.<\/span><\/li>\n<li><span style=\"color: #000000;\">Kan anv\u00e4ndas till b\u00e5de k\u00f6tt- och vegetariska korvrecept.<\/span><\/li>\n<\/ul>\n<p><span style=\"color: #000000;\"><strong>4. Anv\u00e4ndarv\u00e4nlighet<\/strong>:<\/span><\/p>\n<ul>\n<li><span style=\"color: #000000;\">Generellt sett enkel att montera, anv\u00e4nda och reng\u00f6ra, vilket g\u00f6r den tillg\u00e4nglig f\u00f6r b\u00e5de nyb\u00f6rjare och erfarna korvtillverkare.<\/span><\/li>\n<\/ul>\n<p>&nbsp;<\/p>\n<h3><span style=\"color: #000000;\"><strong>Hemlagad korvstoppning underh\u00e5ll<\/strong><\/span><\/h3>\n<p><span style=\"color: #000000;\"><strong>1.Regelbunden reng\u00f6ring<\/strong>:<\/span><\/p>\n<ul>\n<li><span style=\"color: #000000;\">Ta is\u00e4r maskinen efter varje anv\u00e4ndningstillf\u00e4lle och reng\u00f6r alla delar med varmt tv\u00e5lvatten.<\/span><\/li>\n<li><span style=\"color: #000000;\">Se till att alla k\u00f6ttrester avl\u00e4gsnas f\u00f6r att f\u00f6rhindra bakterietillv\u00e4xt.<\/span><\/li>\n<\/ul>\n<p><span style=\"color: #000000;\"><strong>2. sm\u00f6rjning<\/strong>:<\/span><\/p>\n<ul>\n<li><span style=\"color: #000000;\">Sm\u00f6rj ibland de r\u00f6rliga delarna, t.ex. vevhandtaget och kolven, med livsmedelsgodk\u00e4nt sm\u00f6rjmedel f\u00f6r att s\u00e4kerst\u00e4lla smidig drift.<\/span><\/li>\n<\/ul>\n<p><span style=\"color: #000000;\"><strong>3.Inspektion<\/strong>:<\/span><\/p>\n<ul>\n<li><span style=\"color: #000000;\">Inspektera regelbundet maskinen f\u00f6r att uppt\u00e4cka tecken p\u00e5 slitage eller skador. Byt ut slitna delar efter behov f\u00f6r att bibeh\u00e5lla prestandan.<\/span><\/li>\n<\/ul>","protected":false},"excerpt":{"rendered":"<h4><strong><span class=\"Y2IQFc\" lang=\"en\">Grundl\u00e4ggande parametrar<\/span><\/strong><\/h4>\n<p>Typ\uff1ahorisontell m<span class=\"Y2IQFc\" lang=\"en\">anuell s<\/span>uteservering<\/p>\n<p>Cylinder Dia.xl(mm)\uff1a\uffe0140*460<\/p>\n<p>Storlek \uff1a 350 * 360 * 830 \uff08mm\uff09<\/p>\n<p>Nettovikt \uff1a11 KG<\/p>\n<p id=\"tw-target-text\" class=\"tw-data-text tw-text-large tw-ta\" dir=\"ltr\" data-placeholder=\"Translation\" aria-label=\"\u00d6versatt text\" data-ved=\"2ahUKEwikr8X52saHAxV4mq8BHbZ8AHMQ3ewLegQIEhAU\"><span class=\"Y2IQFc\" lang=\"en\">Volym \uff1a7L<\/span><\/p>","protected":false},"featured_media":1796,"template":"","meta":[],"product_brand":[],"product_cat":[48],"product_tag":[],"class_list":{"0":"post-1608","1":"product","2":"type-product","3":"status-publish","4":"has-post-thumbnail","6":"product_cat-horizontal-manual-sausage-stuffer","8":"first","9":"instock","10":"shipping-taxable","11":"product-type-simple"},"_links":{"self":[{"href":"https:\/\/sausage-stuffer.com\/sv\/wp-json\/wp\/v2\/product\/1608","targetHints":{"allow":["GET"]}}],"collection":[{"href":"https:\/\/sausage-stuffer.com\/sv\/wp-json\/wp\/v2\/product"}],"about":[{"href":"https:\/\/sausage-stuffer.com\/sv\/wp-json\/wp\/v2\/types\/product"}],"wp:featuredmedia":[{"embeddable":true,"href":"https:\/\/sausage-stuffer.com\/sv\/wp-json\/wp\/v2\/media\/1796"}],"wp:attachment":[{"href":"https:\/\/sausage-stuffer.com\/sv\/wp-json\/wp\/v2\/media?parent=1608"}],"wp:term":[{"taxonomy":"product_brand","embeddable":true,"href":"https:\/\/sausage-stuffer.com\/sv\/wp-json\/wp\/v2\/product_brand?post=1608"},{"taxonomy":"product_cat","embeddable":true,"href":"https:\/\/sausage-stuffer.com\/sv\/wp-json\/wp\/v2\/product_cat?post=1608"},{"taxonomy":"product_tag","embeddable":true,"href":"https:\/\/sausage-stuffer.com\/sv\/wp-json\/wp\/v2\/product_tag?post=1608"}],"curies":[{"name":"wp","href":"https:\/\/api.w.org\/{rel}","templated":true}]}}