{"id":1607,"date":"2024-07-23T14:32:43","date_gmt":"2024-07-23T14:32:43","guid":{"rendered":"https:\/\/sausage-stuffer.com\/?post_type=product&#038;p=1607"},"modified":"2024-08-15T06:11:04","modified_gmt":"2024-08-15T06:11:04","slug":"sausage-stuffer-maker-sh3","status":"publish","type":"product","link":"https:\/\/sausage-stuffer.com\/sv\/manufacturer\/sausage-stuffer-maker-sh3\/","title":{"rendered":"Korvstoppningsmaskin SH-3"},"content":{"rendered":"<h2><strong>Korvstoppningsmaskinens design och funktionalitet<\/strong><\/h2>\n<p>1.Horisontell design: Den h\u00e4r typen av fyllare har en cylinder som ligger horisontellt, vilket ger en mer konsekvent och j\u00e4mn fyllning av korvhylsorna. Den horisontella designen \u00e4r ofta mer stabil j\u00e4mf\u00f6rt med vertikala stoppare.<\/p>\n<p>2.Manuell drift: Dessa korvstoppare drivs med en handvev, vilket ger anv\u00e4ndaren kontroll \u00f6ver hastigheten och trycket i korvstoppningsprocessen. Denna manuella kontroll kan resultera i b\u00e4ttre konsistens och f\u00e4rre luftfickor i korvarna.<\/p>\n<p>3.Kapacitet: Horisontella manuella korvstoppare finns i olika kapaciteter, vanligtvis fr\u00e5n 5 pund till 20 pund eller mer, vilket rymmer olika batchstorlekar beroende p\u00e5 anv\u00e4ndarens behov.<\/p>\n<p>4. material: Horisontella fyllningar av h\u00f6g kvalitet \u00e4r vanligtvis tillverkade av rostfritt st\u00e5l eller andra h\u00e5llbara material som \u00e4r l\u00e4tta att reng\u00f6ra och motst\u00e5ndskraftiga mot rost och korrosion.<\/p>\n<p>5.Komponenter:<\/p>\n<ul>\n<li><strong>Cylinder<\/strong>: D\u00e4r korvblandningen placeras.<\/li>\n<li><strong>Kolv<\/strong>: F\u00f6rflyttar blandningen genom cylindern.<\/li>\n<li><strong>Vevhandtag<\/strong>: Man\u00f6vrerar kolven manuellt.<\/li>\n<li><strong>Munstycken\/Tunnlar<\/strong>: Olika storlekar f\u00f6r olika korvtyper.<\/li>\n<\/ul>","protected":false},"excerpt":{"rendered":"<h2><strong><span class=\"Y2IQFc\" lang=\"en\">Grundl\u00e4ggande parametrar f\u00f6r Sausage Stuffer Maker<\/span><\/strong><\/h2>\n<p>Typ\uff1ahorisontell m<span class=\"Y2IQFc\" lang=\"en\">anuell s<\/span>uteservering<\/p>\n<p>Cylinder Dia.xl(mm)\uff1a\uffe0140*200<\/p>\n<p>Storlek \uff1a 288 * 360 * 570 mm\uff09<\/p>\n<p>Nettovikt \uff1a9 KG<\/p>\n<p id=\"tw-target-text\" class=\"tw-data-text tw-text-large tw-ta\" dir=\"ltr\" data-placeholder=\"Translation\" aria-label=\"\u00d6versatt text\" data-ved=\"2ahUKEwikr8X52saHAxV4mq8BHbZ8AHMQ3ewLegQIEhAU\"><span class=\"Y2IQFc\" lang=\"en\">Volym \uff1a3 L<\/span><\/p>","protected":false},"featured_media":1794,"template":"","meta":[],"product_brand":[],"product_cat":[48],"product_tag":[],"class_list":{"0":"post-1607","1":"product","2":"type-product","3":"status-publish","4":"has-post-thumbnail","6":"product_cat-horizontal-manual-sausage-stuffer","8":"first","9":"instock","10":"shipping-taxable","11":"product-type-simple"},"_links":{"self":[{"href":"https:\/\/sausage-stuffer.com\/sv\/wp-json\/wp\/v2\/product\/1607","targetHints":{"allow":["GET"]}}],"collection":[{"href":"https:\/\/sausage-stuffer.com\/sv\/wp-json\/wp\/v2\/product"}],"about":[{"href":"https:\/\/sausage-stuffer.com\/sv\/wp-json\/wp\/v2\/types\/product"}],"wp:featuredmedia":[{"embeddable":true,"href":"https:\/\/sausage-stuffer.com\/sv\/wp-json\/wp\/v2\/media\/1794"}],"wp:attachment":[{"href":"https:\/\/sausage-stuffer.com\/sv\/wp-json\/wp\/v2\/media?parent=1607"}],"wp:term":[{"taxonomy":"product_brand","embeddable":true,"href":"https:\/\/sausage-stuffer.com\/sv\/wp-json\/wp\/v2\/product_brand?post=1607"},{"taxonomy":"product_cat","embeddable":true,"href":"https:\/\/sausage-stuffer.com\/sv\/wp-json\/wp\/v2\/product_cat?post=1607"},{"taxonomy":"product_tag","embeddable":true,"href":"https:\/\/sausage-stuffer.com\/sv\/wp-json\/wp\/v2\/product_tag?post=1607"}],"curies":[{"name":"wp","href":"https:\/\/api.w.org\/{rel}","templated":true}]}}