{"id":1606,"date":"2024-07-23T14:25:04","date_gmt":"2024-07-23T14:25:04","guid":{"rendered":"https:\/\/sausage-stuffer.com\/?post_type=product&#038;p=1606"},"modified":"2024-08-15T03:35:17","modified_gmt":"2024-08-15T03:35:17","slug":"15-pound-sausage-stuffer-sv15","status":"publish","type":"product","link":"https:\/\/sausage-stuffer.com\/sv\/manufacturer\/15-pound-sausage-stuffer-sv15\/","title":{"rendered":"15 pund korvstoppare SV15"},"content":{"rendered":"<h2><strong>15 pund<\/strong><strong>\u00a0<\/strong><strong>Korvstoppning M<\/strong><strong>maskin:<\/strong><\/h2>\n<ul>\n<li>Konstruktion i rostfritt st\u00e5l.<\/li>\n<li>Tv\u00e5hastighetsdesign f\u00f6r snabb frig\u00f6ring och l\u00e5ngsam fyllning.<\/li>\n<li>Levereras med fyra munstycken i rostfritt st\u00e5l.<\/li>\n<\/ul>\n<p>&nbsp;<\/p>\n<h2><span style=\"font-size: 100%;\"><strong>15 pund korvstoppare Viktiga funktioner<\/strong>:<\/span><\/h2>\n<div class=\"flex-shrink-0 flex flex-col relative items-end\">\n<div class=\"pt-0\">\n<ol>\n<li>Vertikal cylinder: Den vertikala designen g\u00f6r att tyngdkraften kan hj\u00e4lpa till i fyllningsprocessen, vilket g\u00f6r det l\u00e4ttare att hantera k\u00f6ttblandningen.<\/li>\n<li>Manuell vev: Drivs med en handvev, vilket ger anv\u00e4ndaren kontroll \u00f6ver fyllningshastigheten.<\/li>\n<li>Konstruktion i rostfritt st\u00e5l: H\u00e5llbar och l\u00e4tt att reng\u00f6ra, vilket f\u00f6rhindrar rost och uppr\u00e4tth\u00e5ller hygienen.<\/li>\n<li>Flera munstycken: Levereras med stoppningsr\u00f6r i olika storlekar f\u00f6r att g\u00f6ra olika typer av korvar.<\/li>\n<li>Kapacitet: Finns i olika kapaciteter, vanligtvis fr\u00e5n 5 till 15 pund, l\u00e4mpliga f\u00f6r olika batchstorlekar.<\/li>\n<li>Avtagbara delar: Enkel demontering f\u00f6r grundlig reng\u00f6ring<\/li>\n<\/ol>\n<\/div>\n<\/div>","protected":false},"excerpt":{"rendered":"<h4><strong><span class=\"Y2IQFc\" lang=\"en\">Grundl\u00e4ggande parametrar<\/span><\/strong><\/h4>\n<p>Typ\uff1a15 pund <span class=\"Y2IQFc\" lang=\"en\">s<\/span>uteservering<\/p>\n<p>Cylinder Dia.xl(mm):\uffe0219*400<\/p>\n<p>Storlek:370*330*710(mm)<\/p>\n<p>Nettovikt \uff1a15 KG<\/p>\n<p id=\"tw-target-text\" class=\"tw-data-text tw-text-large tw-ta\" dir=\"ltr\" data-placeholder=\"Translation\" aria-label=\"\u00d6versatt text\" data-ved=\"2ahUKEwikr8X52saHAxV4mq8BHbZ8AHMQ3ewLegQIEhAU\"><span class=\"Y2IQFc\" lang=\"en\">Volym \uff1a15 L<\/span><\/p>","protected":false},"featured_media":1558,"template":"","meta":[],"product_brand":[],"product_cat":[47],"product_tag":[],"class_list":{"0":"post-1606","1":"product","2":"type-product","3":"status-publish","4":"has-post-thumbnail","6":"product_cat-vertical-manual-sausage-stuffer","8":"first","9":"instock","10":"shipping-taxable","11":"product-type-simple"},"_links":{"self":[{"href":"https:\/\/sausage-stuffer.com\/sv\/wp-json\/wp\/v2\/product\/1606","targetHints":{"allow":["GET"]}}],"collection":[{"href":"https:\/\/sausage-stuffer.com\/sv\/wp-json\/wp\/v2\/product"}],"about":[{"href":"https:\/\/sausage-stuffer.com\/sv\/wp-json\/wp\/v2\/types\/product"}],"wp:featuredmedia":[{"embeddable":true,"href":"https:\/\/sausage-stuffer.com\/sv\/wp-json\/wp\/v2\/media\/1558"}],"wp:attachment":[{"href":"https:\/\/sausage-stuffer.com\/sv\/wp-json\/wp\/v2\/media?parent=1606"}],"wp:term":[{"taxonomy":"product_brand","embeddable":true,"href":"https:\/\/sausage-stuffer.com\/sv\/wp-json\/wp\/v2\/product_brand?post=1606"},{"taxonomy":"product_cat","embeddable":true,"href":"https:\/\/sausage-stuffer.com\/sv\/wp-json\/wp\/v2\/product_cat?post=1606"},{"taxonomy":"product_tag","embeddable":true,"href":"https:\/\/sausage-stuffer.com\/sv\/wp-json\/wp\/v2\/product_tag?post=1606"}],"curies":[{"name":"wp","href":"https:\/\/api.w.org\/{rel}","templated":true}]}}