{"id":1562,"date":"2024-07-23T12:58:27","date_gmt":"2024-07-23T12:58:27","guid":{"rendered":"https:\/\/sausage-stuffer.com\/?post_type=product&#038;p=1562"},"modified":"2024-08-15T04:06:40","modified_gmt":"2024-08-15T04:06:40","slug":"5lb-sausage-stuffer-sv5","status":"publish","type":"product","link":"https:\/\/sausage-stuffer.com\/sv\/manufacturer\/5lb-sausage-stuffer-sv5\/","title":{"rendered":"5LB Korvstoppare SV5"},"content":{"rendered":"<h2><strong>5LB Korvstoppare:<\/strong><\/h2>\n<ul>\n<li>Konstruktion i rostfritt st\u00e5l.<\/li>\n<li>Tv\u00e5hastighetsdesign f\u00f6r snabb frig\u00f6ring och l\u00e5ngsam fyllning.<\/li>\n<li>Levereras med fyra munstycken i rostfritt st\u00e5l.<\/li>\n<\/ul>\n<p>&nbsp;<\/p>\n<h2><strong>5LB Korvstoppare F\u00f6rdelar:<\/strong><\/h2>\n<ul>\n<li><strong>Kontroll<\/strong>: Manuell drift ger exakt kontroll \u00f6ver fyllningsprocessen.<\/li>\n<li><strong>Prisv\u00e4rdhet<\/strong>: Generellt mer prisv\u00e4rda \u00e4n elektriska modeller.<\/li>\n<li><strong>Kompakt design<\/strong>: Tar mindre plats p\u00e5 b\u00e4nken j\u00e4mf\u00f6rt med horisontella fyllare.<\/li>\n<li><strong>Tillf\u00f6rlitlighet<\/strong>: F\u00e4rre mekaniska delar inneb\u00e4r mindre risk f\u00f6r haverier<\/li>\n<\/ul>","protected":false},"excerpt":{"rendered":"<h4><strong><span class=\"Y2IQFc\" lang=\"en\">Grundl\u00e4ggande parametrar<\/span><\/strong><\/h4>\n<p>Typ\uff1avertikal m<span class=\"Y2IQFc\" lang=\"en\">anuell s<\/span>uteservering<\/p>\n<p>Cylinder Dia.xl(mm):\uffe0140*320<\/p>\n<p>Storlek:300*340*690(mm)<\/p>\n<p>Nettovikt \uff1a 10,5 KG<\/p>\n<p id=\"tw-target-text\" class=\"tw-data-text tw-text-large tw-ta\" dir=\"ltr\" data-placeholder=\"Translation\" aria-label=\"\u00d6versatt text\" data-ved=\"2ahUKEwikr8X52saHAxV4mq8BHbZ8AHMQ3ewLegQIEhAU\"><span class=\"Y2IQFc\" lang=\"en\">Volym \uff1a5 L<\/span><\/p>","protected":false},"featured_media":1554,"template":"","meta":[],"product_brand":[],"product_cat":[47],"product_tag":[],"class_list":{"0":"post-1562","1":"product","2":"type-product","3":"status-publish","4":"has-post-thumbnail","6":"product_cat-vertical-manual-sausage-stuffer","8":"first","9":"instock","10":"shipping-taxable","11":"product-type-simple"},"_links":{"self":[{"href":"https:\/\/sausage-stuffer.com\/sv\/wp-json\/wp\/v2\/product\/1562","targetHints":{"allow":["GET"]}}],"collection":[{"href":"https:\/\/sausage-stuffer.com\/sv\/wp-json\/wp\/v2\/product"}],"about":[{"href":"https:\/\/sausage-stuffer.com\/sv\/wp-json\/wp\/v2\/types\/product"}],"wp:featuredmedia":[{"embeddable":true,"href":"https:\/\/sausage-stuffer.com\/sv\/wp-json\/wp\/v2\/media\/1554"}],"wp:attachment":[{"href":"https:\/\/sausage-stuffer.com\/sv\/wp-json\/wp\/v2\/media?parent=1562"}],"wp:term":[{"taxonomy":"product_brand","embeddable":true,"href":"https:\/\/sausage-stuffer.com\/sv\/wp-json\/wp\/v2\/product_brand?post=1562"},{"taxonomy":"product_cat","embeddable":true,"href":"https:\/\/sausage-stuffer.com\/sv\/wp-json\/wp\/v2\/product_cat?post=1562"},{"taxonomy":"product_tag","embeddable":true,"href":"https:\/\/sausage-stuffer.com\/sv\/wp-json\/wp\/v2\/product_tag?post=1562"}],"curies":[{"name":"wp","href":"https:\/\/api.w.org\/{rel}","templated":true}]}}