{"id":1561,"date":"2024-07-23T12:57:55","date_gmt":"2024-07-23T12:57:55","guid":{"rendered":"https:\/\/sausage-stuffer.com\/?post_type=product&#038;p=1561"},"modified":"2024-08-15T04:02:58","modified_gmt":"2024-08-15T04:02:58","slug":"hand-crank-sausage-stuffer-sv3","status":"publish","type":"product","link":"https:\/\/sausage-stuffer.com\/sv\/manufacturer\/hand-crank-sausage-stuffer-sv3\/","title":{"rendered":"Handvevad korvstoppare SV3"},"content":{"rendered":"<h2><strong>Handvevad korvstoppare SV3:<\/strong><\/h2>\n<ul>\n<li>Konstruktion i rostfritt st\u00e5l.<\/li>\n<li>Tv\u00e5hastighetsdesign f\u00f6r snabb frig\u00f6ring och l\u00e5ngsam fyllning.<\/li>\n<li>Levereras med fyra munstycken i rostfritt st\u00e5l.<\/li>\n<\/ul>\n<p>&nbsp;<\/p>\n<h2><strong>Handvevad korvstoppare Anv\u00e4ndningstips:<\/strong><\/h2>\n<ol>\n<li><strong>Kyl ner k\u00f6ttet<\/strong>: H\u00e5ll k\u00f6ttblandningen kall f\u00f6r att s\u00e4kerst\u00e4lla att den fylls l\u00e4tt och bibeh\u00e5ller en bra konsistens.<\/li>\n<li><strong>Bl\u00f6tl\u00e4ggning av tarmar<\/strong>: Bl\u00f6tl\u00e4gg naturtarmar i varmt vatten f\u00f6re anv\u00e4ndning f\u00f6r att g\u00f6ra dem mer f\u00f6ljsamma och l\u00e4ttare att hantera.<\/li>\n<li><strong>Konsekvent tryck<\/strong>: Vrid veven i ett stadigt, j\u00e4mnt tempo f\u00f6r att undvika luftfickor i korvarna.<\/li>\n<li><strong>Sm\u00f6rj munstycket<\/strong>: Lite vatten eller livsmedelsgodk\u00e4nd olja kan hj\u00e4lpa h\u00f6ljena att glida p\u00e5 munstycket smidigare.<\/li>\n<li><strong>Reng\u00f6r noggrant<\/strong>: Demontera och reng\u00f6r alla delar efter varje anv\u00e4ndningstillf\u00e4lle f\u00f6r att uppr\u00e4tth\u00e5lla hygienen och f\u00f6rl\u00e4nga maskinens livsl\u00e4ngd.<\/li>\n<\/ol>","protected":false},"excerpt":{"rendered":"<h4><strong>Grundl\u00e4ggande parametrar<\/strong><\/h4>\n<p>Typ \uff1a vertikal manuell korvstoppare<\/p>\n<p>Cylinder Dia.xl(mm):\uffe0140*200<\/p>\n<p>Storlek:300*340*570(mm)<\/p>\n<p>Nettovikt \uff1a9 kg<\/p>\n<p>Volym \uff1a3 L<\/p>","protected":false},"featured_media":1553,"template":"","meta":[],"product_brand":[],"product_cat":[47],"product_tag":[],"class_list":{"0":"post-1561","1":"product","2":"type-product","3":"status-publish","4":"has-post-thumbnail","6":"product_cat-vertical-manual-sausage-stuffer","8":"first","9":"instock","10":"shipping-taxable","11":"product-type-simple"},"_links":{"self":[{"href":"https:\/\/sausage-stuffer.com\/sv\/wp-json\/wp\/v2\/product\/1561","targetHints":{"allow":["GET"]}}],"collection":[{"href":"https:\/\/sausage-stuffer.com\/sv\/wp-json\/wp\/v2\/product"}],"about":[{"href":"https:\/\/sausage-stuffer.com\/sv\/wp-json\/wp\/v2\/types\/product"}],"wp:featuredmedia":[{"embeddable":true,"href":"https:\/\/sausage-stuffer.com\/sv\/wp-json\/wp\/v2\/media\/1553"}],"wp:attachment":[{"href":"https:\/\/sausage-stuffer.com\/sv\/wp-json\/wp\/v2\/media?parent=1561"}],"wp:term":[{"taxonomy":"product_brand","embeddable":true,"href":"https:\/\/sausage-stuffer.com\/sv\/wp-json\/wp\/v2\/product_brand?post=1561"},{"taxonomy":"product_cat","embeddable":true,"href":"https:\/\/sausage-stuffer.com\/sv\/wp-json\/wp\/v2\/product_cat?post=1561"},{"taxonomy":"product_tag","embeddable":true,"href":"https:\/\/sausage-stuffer.com\/sv\/wp-json\/wp\/v2\/product_tag?post=1561"}],"curies":[{"name":"wp","href":"https:\/\/api.w.org\/{rel}","templated":true}]}}