{"id":1717,"date":"2024-07-28T14:39:28","date_gmt":"2024-07-28T14:39:28","guid":{"rendered":"https:\/\/sausage-stuffer.com\/?post_type=product&#038;p=1717"},"modified":"2024-08-03T07:20:46","modified_gmt":"2024-08-03T07:20:46","slug":"commercial-bone-cutting-machine-jg210b","status":"publish","type":"product","link":"https:\/\/sausage-stuffer.com\/sl\/manufacturer\/commercial-bone-cutting-machine-jg210b\/","title":{"rendered":"Komercialni stroj za rezanje kosti JG210B"},"content":{"rendered":"<p>Trgovski stroj za rezanje kosti je specializirana oprema, zasnovana za te\u017eke naloge predelave mesa, zlasti za rezanje kosti, zamrznjenega mesa in drugih trdih materialov v komercialnih kuhinjah, mesnicah in obratih za predelavo mesa. V nadaljevanju je predstavljenih nekaj klju\u010dnih zna\u010dilnosti in vidikov za take stroje:<\/p>\n<h3><strong>Zna\u010dilnosti<\/strong><\/h3>\n<h4><strong>1.Powerful Motor:<\/strong><\/h4>\n<ul>\n<li>\n<h4><span style=\"color: #333333; font-size: 14.4px;\">Visokozmogljivi motorji zagotavljajo gladko in u\u010dinkovito rezanje te\u017ekih materialov.<\/span><\/h4>\n<\/li>\n<\/ul>\n<h4><strong>2.Durable Construction:<\/strong><\/h4>\n<ul>\n<li>Izdelan je iz robustnih materialov, kot je nerjavno jeklo, ki vzdr\u017ei intenzivno uporabo in zagotavlja dolgo \u017eivljenjsko dobo.<\/li>\n<li>Protikorozijske lastnosti so pomembne za higieno in trajnost.<\/li>\n<\/ul>\n<h4><strong>3.Varnostne funkcije:<\/strong><\/h4>\n<ul>\n<li>Opremljen je z varnostnimi varovali, gumbi za zaustavitev v sili in nedrse\u010dimi podstavki, ki zagotavljajo varnost uporabnika.<\/li>\n<li>Nekateri modeli so opremljeni s samodejnim izklopom rezil, \u010de se stroj med delovanjem odpre.<\/li>\n<\/ul>\n<h4><strong>4.Adjustable Blade:<\/strong><\/h4>\n<ul>\n<li>Nastavljive nastavitve rezila za razli\u010dne debeline in vrste rezov.<\/li>\n<li>Enostavno menjavanje rezil za razli\u010dne potrebe rezanja in vzdr\u017eevanja.<\/li>\n<\/ul>\n<h4><strong>5.Hygieni\u010dna zasnova:<\/strong><\/h4>\n<ul>\n<li>Zasnovan je za enostavno \u010di\u0161\u010denje, da se ohranijo visoki higienski standardi.<\/li>\n<li>Odstranljivi deli, ki jih je mogo\u010de pomivati v pomivalnem stroju ali enostavno razku\u017eevati.<\/li>\n<\/ul>\n<h4><strong>6.Precision Cutting:<\/strong><\/h4>\n<ul>\n<li>Zagotavlja natan\u010dne in dosledne kose, ki zagotavljajo enakomernost porcij mesa.<\/li>\n<li>Nekateri stroji so opremljeni z merilnimi vodili za natan\u010dne reze.<\/li>\n<\/ul>\n<h3><strong>Razmisleki<\/strong><\/h3>\n<p><strong>1.Zmogljivost:<\/strong><\/p>\n<ul>\n<li>Stroj mora ustrezati obsegu obdelave, ki ga potrebuje va\u0161e podjetje.<\/li>\n<li>Upo\u0161tevajte velikost rezalne mize in najve\u010djo debelino, ki jo lahko obdela.<\/li>\n<\/ul>\n<p><strong>2.Enostavnost uporabe:<\/strong><\/p>\n<ul>\n<li>Uporabniku prijazno upravljanje in jasna navodila so klju\u010dnega pomena za u\u010dinkovito delovanje.<\/li>\n<li>Upo\u0161tevati je treba tudi zahteve za usposabljanje osebja.<\/li>\n<\/ul>\n<p><strong>3.Vzdr\u017eevanje:<\/strong><\/p>\n<ul>\n<li>Poi\u0161\u010dite stroje z lahko dostopnimi deli za vzdr\u017eevanje in popravila.<\/li>\n<li>Razpolo\u017eljivost nadomestnih delov in podpore proizvajalca.<\/li>\n<\/ul>\n<p><strong>4.Energetska u\u010dinkovitost:<\/strong><\/p>\n<ul>\n<li>Stroji s funkcijami za var\u010devanje z energijo lahko s\u010dasoma zmanj\u0161ajo obratovalne stro\u0161ke.<\/li>\n<\/ul>\n<p><strong>5.Stro\u0161ki:<\/strong><\/p>\n<ul>\n<li>Uravnote\u017eite za\u010detno nalo\u017ebo s pri\u010dakovano vzdr\u017eljivostjo in zmogljivostjo stroja.<\/li>\n<li>Upo\u0161tevajte skupne stro\u0161ke lastni\u0161tva, vklju\u010dno s stro\u0161ki vzdr\u017eevanja in delovanja.<\/li>\n<\/ul>\n<h3><strong>Komercialni stroji za rezanje kosti<\/strong><\/h3>\n<p><strong>Mesnice:<\/strong><\/p>\n<ul>\n<li>Za natan\u010dno in hitro rezanje velikih kosov mesa in kosti.<\/li>\n<\/ul>\n<p><strong>Obrati za predelavo mesa:<\/strong><\/p>\n<ul>\n<li>Bistvenega pomena za predelavo mesnih izdelkov v velikih koli\u010dinah.<\/li>\n<\/ul>\n<p><strong>Poslovne kuhinje:<\/strong><\/p>\n<ul>\n<li>Uporabno za restavracije in gostinske storitve, ki pripravljajo ve\u010dje koli\u010dine mesa.<\/li>\n<\/ul>","protected":false},"excerpt":{"rendered":"<h4><strong><span class=\"Y2IQFc\" lang=\"en\">Komercialni stroj za rezanje kosti JG210B Tehni\u010dni parametri\uff1a<\/span><\/strong><\/h4>\n<ul>\n<li class=\"tw-data-text tw-text-large tw-ta\" dir=\"ltr\" data-placeholder=\"Translation\" aria-label=\"Prevedeno besedilo\" data-ved=\"2ahUKEwj2ucO6-8mHAxXmh68BHRM1GoEQ3ewLegQIEBAU\">Napetost \uff1a110 -220 v<\/li>\n<li class=\"tw-data-text tw-text-large tw-ta\" dir=\"ltr\" data-placeholder=\"Translation\" aria-label=\"Prevedeno besedilo\" data-ved=\"2ahUKEwj2ucO6-8mHAxXmh68BHRM1GoEQ3ewLegQIEBAU\"><span class=\"Y2IQFc\" lang=\"en\">Frekvenca \uff1a50\/60 Hz<\/span><\/li>\n<li dir=\"ltr\" data-placeholder=\"Translation\" aria-label=\"Prevedeno besedilo\" data-ved=\"2ahUKEwj2ucO6-8mHAxXmh68BHRM1GoEQ3ewLegQIEBAU\">Mo\u010d motorja: 1500 W<\/li>\n<li dir=\"ltr\" data-placeholder=\"Translation\" aria-label=\"Prevedeno besedilo\" data-ved=\"2ahUKEwj2ucO6-8mHAxXmh68BHRM1GoEQ3ewLegQIEBAU\">Dol\u017eina rezila: 2400 mm<\/li>\n<li dir=\"ltr\" data-placeholder=\"Translation\" aria-label=\"Prevedeno besedilo\" data-ved=\"2ahUKEwj2ucO6-8mHAxXmh68BHRM1GoEQ3ewLegQIEBAU\">Specifikacija mize: 506 * 416 mm<\/li>\n<li dir=\"ltr\" data-placeholder=\"Translation\" aria-label=\"Prevedeno besedilo\" data-ved=\"2ahUKEwj2ucO6-8mHAxXmh68BHRM1GoEQ3ewLegQIEBAU\">Debelina rezanja: 5-155 mm<\/li>\n<li dir=\"ltr\" data-placeholder=\"Translation\" aria-label=\"Prevedeno besedilo\" data-ved=\"2ahUKEwj2ucO6-8mHAxXmh68BHRM1GoEQ3ewLegQIEBAU\">G.W\/N.W :61 KG\/51 KG<\/li>\n<li dir=\"ltr\" data-placeholder=\"Translation\" aria-label=\"Prevedeno besedilo\" data-ved=\"2ahUKEwj2ucO6-8mHAxXmh68BHRM1GoEQ3ewLegQIEBAU\">Velikost izdelka: 52 * 56 * 97 cm<\/li>\n<li dir=\"ltr\" data-placeholder=\"Translation\" aria-label=\"Prevedeno besedilo\" data-ved=\"2ahUKEwj2ucO6-8mHAxXmh68BHRM1GoEQ3ewLegQIEBAU\">Velikost paketa: 62 * 66 * 107 cm<\/li>\n<\/ul>","protected":false},"featured_media":1862,"template":"","meta":[],"product_brand":[],"product_cat":[44],"product_tag":[],"class_list":{"0":"post-1717","1":"product","2":"type-product","3":"status-publish","4":"has-post-thumbnail","6":"product_cat-bone-cutting-machine","8":"first","9":"instock","10":"shipping-taxable","11":"product-type-simple"},"_links":{"self":[{"href":"https:\/\/sausage-stuffer.com\/sl\/wp-json\/wp\/v2\/product\/1717","targetHints":{"allow":["GET"]}}],"collection":[{"href":"https:\/\/sausage-stuffer.com\/sl\/wp-json\/wp\/v2\/product"}],"about":[{"href":"https:\/\/sausage-stuffer.com\/sl\/wp-json\/wp\/v2\/types\/product"}],"wp:featuredmedia":[{"embeddable":true,"href":"https:\/\/sausage-stuffer.com\/sl\/wp-json\/wp\/v2\/media\/1862"}],"wp:attachment":[{"href":"https:\/\/sausage-stuffer.com\/sl\/wp-json\/wp\/v2\/media?parent=1717"}],"wp:term":[{"taxonomy":"product_brand","embeddable":true,"href":"https:\/\/sausage-stuffer.com\/sl\/wp-json\/wp\/v2\/product_brand?post=1717"},{"taxonomy":"product_cat","embeddable":true,"href":"https:\/\/sausage-stuffer.com\/sl\/wp-json\/wp\/v2\/product_cat?post=1717"},{"taxonomy":"product_tag","embeddable":true,"href":"https:\/\/sausage-stuffer.com\/sl\/wp-json\/wp\/v2\/product_tag?post=1717"}],"curies":[{"name":"wp","href":"https:\/\/api.w.org\/{rel}","templated":true}]}}