{"id":1692,"date":"2024-07-26T10:26:16","date_gmt":"2024-07-26T10:26:16","guid":{"rendered":"https:\/\/sausage-stuffer.com\/?post_type=product&#038;p=1692"},"modified":"2024-07-28T15:09:30","modified_gmt":"2024-07-28T15:09:30","slug":"meat-bone-cutting-machine-jg210","status":"publish","type":"product","link":"https:\/\/sausage-stuffer.com\/sl\/manufacturer\/meat-bone-cutting-machine-jg210\/","title":{"rendered":"Stroj za rezanje kosti mesa JG210"},"content":{"rendered":"<h3><strong>Lastnosti stroja za rezanje kosti<\/strong><\/h3>\n<p><strong>1.Oblikovanje<\/strong>:<\/p>\n<ul>\n<li>Obi\u010dajno so robustni in izdelani iz trpe\u017enih materialov, kot je nerjavno jeklo, da lahko opravljajo te\u017eke naloge.<\/li>\n<li>Na voljo so v razli\u010dnih velikostih, ki ustrezajo razli\u010dnim potrebam, od kompaktnih modelov za mala podjetja do velikih industrijskih strojev.<\/li>\n<\/ul>\n<p><strong>2.Blade<\/strong>:<\/p>\n<ul>\n<li>Visokokakovostna, ostra rezila, ki lahko re\u017eejo kosti in zamrznjeno meso.<\/li>\n<li>Pogosto so izdelani iz nerjave\u010dega jekla ali drugih materialov, odpornih proti koroziji.<\/li>\n<li>Nekateri modeli imajo nastavljiva rezila za razli\u010dne debeline rezov.<\/li>\n<\/ul>\n<p><strong>3.Motor<\/strong>:<\/p>\n<ul>\n<li>Poganja ga mo\u010dan motor, ki zagotavlja potreben navor za rezanje te\u017ekih materialov.<\/li>\n<li>Mo\u010d motorja je odvisna od velikosti in namena uporabe stroja, pri \u010demer imajo industrijski modeli mo\u010dnej\u0161e motorje.<\/li>\n<\/ul>\n<p><strong>4.Safety Features<\/strong>:<\/p>\n<ul>\n<li>Opremljen je z varnostnimi varovali in gumbi za zaustavitev v sili, ki prepre\u010dujejo nesre\u010de.<\/li>\n<li>Nekateri modeli so opremljeni s samodejnim izklopom, \u010de se rezilo zatakne ali pregreje.<\/li>\n<\/ul>\n<p><strong>5.Operacija<\/strong>:<\/p>\n<ul>\n<li>Lahko je ro\u010dno, polavtomatsko ali popolnoma samodejno.<\/li>\n<li>Ro\u010dni stroji zahtevajo ve\u010d fizi\u010dnega napora, medtem ko so avtomatski stroji bolj u\u010dinkoviti in enostavni za uporabo.<\/li>\n<\/ul>\n<p><strong>6.\u010ci\u0161\u010denje in vzdr\u017eevanje<\/strong>:<\/p>\n<ul>\n<li>Zasnovan je tako, da ga je mogo\u010de enostavno razstaviti in tako omogo\u010diti temeljito \u010di\u0161\u010denje.<\/li>\n<li>Nekatere dele nekaterih modelov je mogo\u010de pomivati v pomivalnem stroju.<\/li>\n<\/ul>\n<h3><strong>Prednosti stroja za rezanje kosti<\/strong><\/h3>\n<p><strong>1.U\u010dinkovitost<\/strong>:<\/p>\n<ul>\n<li>Hitro in natan\u010dno razre\u017ee kosti in zamrznjeno meso ter tako prihrani \u010das in trud.<\/li>\n<li>Nujno za postopke predelave mesa v velikih koli\u010dinah.<\/li>\n<\/ul>\n<p><strong>2.Doslednost<\/strong>:<\/p>\n<ul>\n<li>Zagotavlja enakomerne kose, kar je klju\u010dnega pomena za predstavitev in doslednost pri kuhanju.<\/li>\n<\/ul>\n<p><strong>3.Varnost<\/strong>:<\/p>\n<ul>\n<li>Zasnovan je s \u0161tevilnimi varnostnimi funkcijami za za\u0161\u010dito uporabnika pred po\u0161kodbami.<\/li>\n<li>V primerjavi z ro\u010dnimi \u017eagami ali no\u017ei zmanj\u0161uje nevarnost nesre\u010d.<\/li>\n<\/ul>\n<p><strong>4.Versatility<\/strong>:<\/p>\n<ul>\n<li>Primeren je za razli\u010dne vrste mesa in kosti, vklju\u010dno z govedino, svinjino, jagnjetino in perutnino.<\/li>\n<li>Nekateri modeli lahko obdelujejo tudi zamrznjene izdelke in ribe.<\/li>\n<\/ul>","protected":false},"excerpt":{"rendered":"<h4><strong><span class=\"Y2IQFc\" lang=\"en\">Stroj za rezanje kosti JG210 Procesni parametri\uff1a<\/span><\/strong><\/h4>\n<ul>\n<li class=\"tw-data-text tw-text-large tw-ta\" dir=\"ltr\" data-placeholder=\"Translation\" aria-label=\"Prevedeno besedilo\" data-ved=\"2ahUKEwj2ucO6-8mHAxXmh68BHRM1GoEQ3ewLegQIEBAU\">Napetost \uff1a110 -220 v<\/li>\n<li class=\"tw-data-text tw-text-large tw-ta\" dir=\"ltr\" data-placeholder=\"Translation\" aria-label=\"Prevedeno besedilo\" data-ved=\"2ahUKEwj2ucO6-8mHAxXmh68BHRM1GoEQ3ewLegQIEBAU\"><span class=\"Y2IQFc\" lang=\"en\">Frekvenca \uff1a50\/60 Hz<\/span><\/li>\n<li dir=\"ltr\" data-placeholder=\"Translation\" aria-label=\"Prevedeno besedilo\" data-ved=\"2ahUKEwj2ucO6-8mHAxXmh68BHRM1GoEQ3ewLegQIEBAU\">Mo\u010d motorja: 750 W<\/li>\n<li dir=\"ltr\" data-placeholder=\"Translation\" aria-label=\"Prevedeno besedilo\" data-ved=\"2ahUKEwj2ucO6-8mHAxXmh68BHRM1GoEQ3ewLegQIEBAU\">Specifikacija mize: 400*510 mm<\/li>\n<li dir=\"ltr\" data-placeholder=\"Translation\" aria-label=\"Prevedeno besedilo\" data-ved=\"2ahUKEwj2ucO6-8mHAxXmh68BHRM1GoEQ3ewLegQIEBAU\">Debelina rezanja: 5-150 mm<\/li>\n<li dir=\"ltr\" data-placeholder=\"Translation\" aria-label=\"Prevedeno besedilo\" data-ved=\"2ahUKEwj2ucO6-8mHAxXmh68BHRM1GoEQ3ewLegQIEBAU\">Vi\u0161ina rezanja: 245 mm<\/li>\n<li dir=\"ltr\" data-placeholder=\"Translation\" aria-label=\"Prevedeno besedilo\" data-ved=\"2ahUKEwj2ucO6-8mHAxXmh68BHRM1GoEQ3ewLegQIEBAU\">G.W\/N.W :46 KG\/36 KG<\/li>\n<li dir=\"ltr\" data-placeholder=\"Translation\" aria-label=\"Prevedeno besedilo\" data-ved=\"2ahUKEwj2ucO6-8mHAxXmh68BHRM1GoEQ3ewLegQIEBAU\">Velikost izdelka: 51 * 51 * 86 cm<\/li>\n<li dir=\"ltr\" data-placeholder=\"Translation\" aria-label=\"Prevedeno besedilo\" data-ved=\"2ahUKEwj2ucO6-8mHAxXmh68BHRM1GoEQ3ewLegQIEBAU\">Velikost paketa: 61*61*96 cm<\/li>\n<\/ul>\n<p>&nbsp;<\/p>","protected":false},"featured_media":1716,"template":"","meta":[],"product_brand":[],"product_cat":[44],"product_tag":[],"class_list":{"0":"post-1692","1":"product","2":"type-product","3":"status-publish","4":"has-post-thumbnail","6":"product_cat-bone-cutting-machine","8":"first","9":"instock","10":"shipping-taxable","11":"product-type-simple"},"_links":{"self":[{"href":"https:\/\/sausage-stuffer.com\/sl\/wp-json\/wp\/v2\/product\/1692","targetHints":{"allow":["GET"]}}],"collection":[{"href":"https:\/\/sausage-stuffer.com\/sl\/wp-json\/wp\/v2\/product"}],"about":[{"href":"https:\/\/sausage-stuffer.com\/sl\/wp-json\/wp\/v2\/types\/product"}],"wp:featuredmedia":[{"embeddable":true,"href":"https:\/\/sausage-stuffer.com\/sl\/wp-json\/wp\/v2\/media\/1716"}],"wp:attachment":[{"href":"https:\/\/sausage-stuffer.com\/sl\/wp-json\/wp\/v2\/media?parent=1692"}],"wp:term":[{"taxonomy":"product_brand","embeddable":true,"href":"https:\/\/sausage-stuffer.com\/sl\/wp-json\/wp\/v2\/product_brand?post=1692"},{"taxonomy":"product_cat","embeddable":true,"href":"https:\/\/sausage-stuffer.com\/sl\/wp-json\/wp\/v2\/product_cat?post=1692"},{"taxonomy":"product_tag","embeddable":true,"href":"https:\/\/sausage-stuffer.com\/sl\/wp-json\/wp\/v2\/product_tag?post=1692"}],"curies":[{"name":"wp","href":"https:\/\/api.w.org\/{rel}","templated":true}]}}