{"id":1691,"date":"2024-07-26T10:25:10","date_gmt":"2024-07-26T10:25:10","guid":{"rendered":"https:\/\/sausage-stuffer.com\/?post_type=product&#038;p=1691"},"modified":"2024-08-06T12:03:54","modified_gmt":"2024-08-06T12:03:54","slug":"vegetable-cutter-slicer-qc205b","status":"publish","type":"product","link":"https:\/\/sausage-stuffer.com\/sl\/manufacturer\/vegetable-cutter-slicer-qc205b\/","title":{"rendered":"Rezalnik za zelenjavo QC205B"},"content":{"rendered":"<h3><strong><b>Kako deluje rezalnik za zelenjavo<\/b><\/strong><\/h3>\n<p>Rezalnik za gubanje ima obi\u010dajno rezilo iz nerjavnega jekla z valovitim ali grebenastim vzorcem. Zelenjava se potisne skozi rezilo, da se ustvari zna\u010dilen gubast rez. Nekateri modeli lahko vklju\u010dujejo ro\u010daj ali varnostno za\u0161\u010dito za la\u017eje in varnej\u0161e upravljanje.<\/p>\n<h3><strong><b>Prednosti uporabe rezalnika za zelenjavo<\/b><\/strong><\/h3>\n<ul>\n<li><strong>Izbolj\u0161a predstavitev:<\/strong>V gubice narezana zelenjava je vizualno zanimiva za solate, ocvrt krompir\u010dek in druge jedi.<\/li>\n<li><strong>Izbolj\u0161a teksturo:<\/strong>Valoviti rezi lahko izbolj\u0161ajo teksturo in okus dolo\u010dene zelenjave.<\/li>\n<li><strong>Enostavna uporaba:<\/strong>Ve\u010dina rezalnikov za mehkobo je preprosta za uporabo, zato so primerni tako za za\u010detnike kot za izku\u0161ene kuharje.<\/li>\n<li><strong>Vsestranski:<\/strong>Uporablja se lahko za razli\u010dne vrste zelenjave in sadja.<\/li>\n<\/ul>\n<h3><strong><b>Izbira pravega rezalnika za zelenjavo<\/b><\/strong><\/h3>\n<p>Pri izbiri stroja za rezanje gub upo\u0161tevajte naslednje dejavnike:<\/p>\n<ul>\n<li><strong>Vzorec rezila:<\/strong>Razli\u010dni vzorci ustvarjajo razli\u010dne u\u010dinke.<\/li>\n<li><strong>Velikost in oblika:<\/strong>Izberite rezalnik, ki vam bo udobno sedel v roko.<\/li>\n<li><strong>Material:<\/strong>Zaradi trajnosti in higiene je najprimernej\u0161e nerjave\u010de jeklo.<\/li>\n<li><strong>Varnostne funkcije:<\/strong>Poi\u0161\u010dite nedrse\u010de ro\u010daje in za\u0161\u010dite rezil.<\/li>\n<\/ul>\n<p>\u010ce v svoj kuhinjski arzenal vklju\u010dite rezalnik za zelenjavo, lahko izbolj\u0161ate svoje kulinari\u010dne stvaritve in navdu\u0161ite goste s svojim ustvarjalnim talentom.<\/p>","protected":false},"excerpt":{"rendered":"<h4><strong>Rezalnik za zelenjavo Slicer QC205B Parameter :<\/strong><\/h4>\n<p>Premer kro\u017enika za no\u017ee ;\u2205205 mm<\/p>\n<p id=\"tw-target-text\" class=\"tw-data-text tw-text-large tw-ta\" dir=\"ltr\" data-placeholder=\"Translation\" aria-label=\"Prevedeno besedilo\" data-ved=\"2ahUKEwi8jdCVo9GHAxWHcPUHHXifC8wQ3ewLegQICRAU\"><span class=\"Y2IQFc\" lang=\"en\">\u0160tevilo no\u017eev \uff1a5<\/span><\/p>\n<p>Mo\u010d: 1000 W<\/p>\n<p>Napetost: 220V50Hz-110V60Hz<\/p>\n<p>Velikost izdelka: 580 * 385 * 550 (mm)<\/p>\n<p>Velikost pakiranja: 675 * 345 * 540 (mm)<\/p>\n<p>G.W\/N.W :32(KG)\/27(KG)<\/p>","protected":false},"featured_media":1655,"template":"","meta":[],"product_brand":[],"product_cat":[43],"product_tag":[],"class_list":{"0":"post-1691","1":"product","2":"type-product","3":"status-publish","4":"has-post-thumbnail","6":"product_cat-vegetable-cutter","8":"first","9":"instock","10":"shipping-taxable","11":"product-type-simple"},"_links":{"self":[{"href":"https:\/\/sausage-stuffer.com\/sl\/wp-json\/wp\/v2\/product\/1691","targetHints":{"allow":["GET"]}}],"collection":[{"href":"https:\/\/sausage-stuffer.com\/sl\/wp-json\/wp\/v2\/product"}],"about":[{"href":"https:\/\/sausage-stuffer.com\/sl\/wp-json\/wp\/v2\/types\/product"}],"wp:featuredmedia":[{"embeddable":true,"href":"https:\/\/sausage-stuffer.com\/sl\/wp-json\/wp\/v2\/media\/1655"}],"wp:attachment":[{"href":"https:\/\/sausage-stuffer.com\/sl\/wp-json\/wp\/v2\/media?parent=1691"}],"wp:term":[{"taxonomy":"product_brand","embeddable":true,"href":"https:\/\/sausage-stuffer.com\/sl\/wp-json\/wp\/v2\/product_brand?post=1691"},{"taxonomy":"product_cat","embeddable":true,"href":"https:\/\/sausage-stuffer.com\/sl\/wp-json\/wp\/v2\/product_cat?post=1691"},{"taxonomy":"product_tag","embeddable":true,"href":"https:\/\/sausage-stuffer.com\/sl\/wp-json\/wp\/v2\/product_tag?post=1691"}],"curies":[{"name":"wp","href":"https:\/\/api.w.org\/{rel}","templated":true}]}}