{"id":1689,"date":"2024-07-26T10:22:24","date_gmt":"2024-07-26T10:22:24","guid":{"rendered":"https:\/\/sausage-stuffer.com\/?post_type=product&#038;p=1689"},"modified":"2024-08-06T12:10:30","modified_gmt":"2024-08-06T12:10:30","slug":"electric-vegetable-cutter-qc205","status":"publish","type":"product","link":"https:\/\/sausage-stuffer.com\/sl\/manufacturer\/electric-vegetable-cutter-qc205\/","title":{"rendered":"Elektri\u010dni rezalnik zelenjave QC205"},"content":{"rendered":"<p>Elektri\u010dni rezalnik zelenjave,To orodje, ki prihrani \u010das, zagotavlja natan\u010dnost in doslednost, zato je dragocen dodatek v vsaki kuhinji.<\/p>\n<h3><strong><b>Klju\u010dne lastnosti<\/b><\/strong><\/h3>\n<ul>\n<li><strong>Zmogljiv motor:<\/strong>\u00a0Zagotavlja u\u010dinkovito rezanje tudi trde zelenjave.<\/li>\n<li><strong>Zamenljiva rezila:<\/strong>\u00a0Omogo\u010da vsestranskost za razli\u010dne stile rezanja.<\/li>\n<li><strong>Varnostne funkcije:<\/strong>\u00a0Vklju\u010duje varnostna varovala in nedrse\u010de noge za varno delovanje.<\/li>\n<li><strong>Enostavno \u010di\u0161\u010denje:<\/strong>\u00a0Ve\u010dino sestavnih delov je mogo\u010de pomivati v pomivalnem stroju, kar omogo\u010da priro\u010dno vzdr\u017eevanje.<\/li>\n<li><strong>Zmogljivost:<\/strong>\u00a0Odvisno od modela, od majhnih namiznih enot do ve\u010djih komercialnih modelov.<\/li>\n<\/ul>\n<h3><strong><b>Prednosti<\/b><\/strong><\/h3>\n<ul>\n<li><strong>Var\u010devanje s \u010dasom:<\/strong>\u00a0Hitro pripravite velike koli\u010dine zelenjave za solate, me\u0161anje krompirja in drugo.<\/li>\n<li><strong>Dosledni rezultati:<\/strong>\u00a0Z lahkoto dose\u017eete enakomerne rezine, rezine ali re\u0161etke.<\/li>\n<li><strong><b>Zmanj\u0161ani napori: <\/b><\/strong>V primerjavi z ro\u010dnimi metodami je potrebno minimalno ro\u010dno delo.<\/li>\n<li><strong>Varnost:<\/strong>\u00a0Zmanj\u0161ajte tveganje za nesre\u010de, povezane z no\u017ei.<\/li>\n<li><strong>Vsestranskost:<\/strong>\u00a0\u0160tevilni modeli lahko obdelujejo razli\u010dne vrste sadja in zelenjave.<\/li>\n<\/ul>\n<p>Z nalo\u017ebo v kakovosten elektri\u010dni rezalnik zelenjave lahko poenostavite postopek priprave hrane in u\u017eivate v udobju popolnoma narezanih sestavin.<\/p>","protected":false},"excerpt":{"rendered":"<h4><strong>Elektri\u010dni rezalnik zelenjave QC205 Parameter:<\/strong><\/h4>\n<p>Premer kro\u017enika za no\u017ee ;\u2205205 mm<\/p>\n<p>Mo\u010d: 350 W<\/p>\n<p>Napetost :220V50Hz<\/p>\n<p>Velikost izdelka: 535*270*525 (mm)<\/p>\n<p>Velikost pakiranja: 580 * 385 * 550 (mm)<\/p>\n<p>G.W\/N.W :24,5 (KG)\/19 (KG)<\/p>","protected":false},"featured_media":1653,"template":"","meta":[],"product_brand":[],"product_cat":[43],"product_tag":[],"class_list":{"0":"post-1689","1":"product","2":"type-product","3":"status-publish","4":"has-post-thumbnail","6":"product_cat-vegetable-cutter","8":"first","9":"instock","10":"shipping-taxable","11":"product-type-simple"},"_links":{"self":[{"href":"https:\/\/sausage-stuffer.com\/sl\/wp-json\/wp\/v2\/product\/1689","targetHints":{"allow":["GET"]}}],"collection":[{"href":"https:\/\/sausage-stuffer.com\/sl\/wp-json\/wp\/v2\/product"}],"about":[{"href":"https:\/\/sausage-stuffer.com\/sl\/wp-json\/wp\/v2\/types\/product"}],"wp:featuredmedia":[{"embeddable":true,"href":"https:\/\/sausage-stuffer.com\/sl\/wp-json\/wp\/v2\/media\/1653"}],"wp:attachment":[{"href":"https:\/\/sausage-stuffer.com\/sl\/wp-json\/wp\/v2\/media?parent=1689"}],"wp:term":[{"taxonomy":"product_brand","embeddable":true,"href":"https:\/\/sausage-stuffer.com\/sl\/wp-json\/wp\/v2\/product_brand?post=1689"},{"taxonomy":"product_cat","embeddable":true,"href":"https:\/\/sausage-stuffer.com\/sl\/wp-json\/wp\/v2\/product_cat?post=1689"},{"taxonomy":"product_tag","embeddable":true,"href":"https:\/\/sausage-stuffer.com\/sl\/wp-json\/wp\/v2\/product_tag?post=1689"}],"curies":[{"name":"wp","href":"https:\/\/api.w.org\/{rel}","templated":true}]}}