{"id":1680,"date":"2024-07-26T10:12:20","date_gmt":"2024-07-26T10:12:20","guid":{"rendered":"https:\/\/sausage-stuffer.com\/?post_type=product&#038;p=1680"},"modified":"2024-07-31T12:35:07","modified_gmt":"2024-07-31T12:35:07","slug":"slicer-machine-250b","status":"publish","type":"product","link":"https:\/\/sausage-stuffer.com\/sl\/manufacturer\/slicer-machine-250b\/","title":{"rendered":"Stroj za rezanje 250B"},"content":{"rendered":"<p>Ta serija rezalnikov mesa je izdelana iz aluminijevo-magnezijeve zlitine in anodizirana, imajo tri najve\u010dje zna\u010dilnosti:<\/p>\n<p>1.Morate za\u0161\u010dititi no\u017eno posodo, da potegnete palico, da zlomite nadzor nad palico, da jo opremite.<\/p>\n<p>2.Have za whet za\u0161\u010dito no\u017ea opremiti.<\/p>\n<p>3.Morate blokirati, da se opremite.<\/p>","protected":false},"excerpt":{"rendered":"<h3><strong>250B polavtomatski stroj za rezanje Parameter :<\/strong><\/h3>\n[tabela id=5 \/]","protected":false},"featured_media":1743,"template":"","meta":[],"product_brand":[],"product_cat":[42],"product_tag":[],"class_list":{"0":"post-1680","1":"product","2":"type-product","3":"status-publish","4":"has-post-thumbnail","6":"product_cat-meat-slicer","8":"first","9":"instock","10":"shipping-taxable","11":"product-type-simple"},"_links":{"self":[{"href":"https:\/\/sausage-stuffer.com\/sl\/wp-json\/wp\/v2\/product\/1680","targetHints":{"allow":["GET"]}}],"collection":[{"href":"https:\/\/sausage-stuffer.com\/sl\/wp-json\/wp\/v2\/product"}],"about":[{"href":"https:\/\/sausage-stuffer.com\/sl\/wp-json\/wp\/v2\/types\/product"}],"wp:featuredmedia":[{"embeddable":true,"href":"https:\/\/sausage-stuffer.com\/sl\/wp-json\/wp\/v2\/media\/1743"}],"wp:attachment":[{"href":"https:\/\/sausage-stuffer.com\/sl\/wp-json\/wp\/v2\/media?parent=1680"}],"wp:term":[{"taxonomy":"product_brand","embeddable":true,"href":"https:\/\/sausage-stuffer.com\/sl\/wp-json\/wp\/v2\/product_brand?post=1680"},{"taxonomy":"product_cat","embeddable":true,"href":"https:\/\/sausage-stuffer.com\/sl\/wp-json\/wp\/v2\/product_cat?post=1680"},{"taxonomy":"product_tag","embeddable":true,"href":"https:\/\/sausage-stuffer.com\/sl\/wp-json\/wp\/v2\/product_tag?post=1680"}],"curies":[{"name":"wp","href":"https:\/\/api.w.org\/{rel}","templated":true}]}}