{"id":1678,"date":"2024-07-26T10:09:04","date_gmt":"2024-07-26T10:09:04","guid":{"rendered":"https:\/\/sausage-stuffer.com\/?post_type=product&#038;p=1678"},"modified":"2024-07-29T14:41:49","modified_gmt":"2024-07-29T14:41:49","slug":"meat-slicer-200b","status":"publish","type":"product","link":"https:\/\/sausage-stuffer.com\/sl\/manufacturer\/meat-slicer-200b\/","title":{"rendered":"Rezalnik mesa 200B"},"content":{"rendered":"<h2 class=\"\" data-sourcepos=\"1:1-1:49\">Na\u0161 elektri\u010dni polavtomatski rezalnik mesa<\/h2>\n<p data-sourcepos=\"3:1-3:74\">Pove\u010dajte svojo produktivnost in natan\u010dnost z na\u0161im industrijskim elektri\u010dnim rezalnikom mesa. Ta stroj je zasnovan za zahtevne komercialne kuhinje in zagotavlja izjemno zmogljivost in vzdr\u017eljivost.<\/p>\n<p data-sourcepos=\"5:1-5:17\"><strong>Klju\u010dne lastnosti:<\/strong><\/p>\n<ul data-sourcepos=\"7:1-7:32\">\n<li data-sourcepos=\"7:1-7:32\"><strong>Motor z visokim izkoristkom:<\/strong> 210 W vhodne mo\u010di za hitro in enakomerno rezanje.<\/li>\n<li data-sourcepos=\"8:1-8:79\"><strong>Nastavljiva debelina rezine:<\/strong> Z natan\u010dnim nastavitvenim gumbom enostavno prilagodite debelino rezine od 0 do 13 mm.<\/li>\n<li data-sourcepos=\"9:1-9:108\"><strong>Trpe\u017ena konstrukcija:<\/strong> Telo iz litega aluminija in 10-pal\u010dno kromirano jekleno rezilo za dolgotrajno uporabo.<\/li>\n<li data-sourcepos=\"10:1-10:1\"><strong>Varnost na prvem mestu:<\/strong> Prozorno varnostno varovalo, nedrse\u010da podlaga in vodoodporno stikalo za napajanje zagotavljajo varno delovanje.<\/li>\n<li data-sourcepos=\"11:1-12:0\"><strong>Vsestransko rezanje:<\/strong> Obdeluje razli\u010dna \u017eivila, vklju\u010dno z mesom, sirom, kruhom in zelenjavo.<\/li>\n<\/ul>","protected":false},"excerpt":{"rendered":"<h3><strong>8 \"polavtomatski rezalnik mesa Parameter<\/strong><\/h3>\n<p>Funkcija \uff1a polavtomatska<\/p>\n<p>Odrezan itinerarij: 140 mm<\/p>\n<p>Prilagodite debelino: 0 ~ 13 mm<\/p>\n<p>Premer rezila: \u2205220 mm<\/p>\n<p>Mo\u010d: 210 W<\/p>\n<p>Napetost: 220V 50Hz<\/p>\n<p>Velikost izdelka: 410 * 400 * 350 (mm)<\/p>\n<p>Velikost paketa: 465 * 355 * 425 (mm)<\/p>\n<p>G.W\/N.W :16,5\/14,5 (KG)<\/p>","protected":false},"featured_media":1630,"template":"","meta":[],"product_brand":[],"product_cat":[42],"product_tag":[],"class_list":{"0":"post-1678","1":"product","2":"type-product","3":"status-publish","4":"has-post-thumbnail","6":"product_cat-meat-slicer","8":"first","9":"instock","10":"shipping-taxable","11":"product-type-simple"},"_links":{"self":[{"href":"https:\/\/sausage-stuffer.com\/sl\/wp-json\/wp\/v2\/product\/1678","targetHints":{"allow":["GET"]}}],"collection":[{"href":"https:\/\/sausage-stuffer.com\/sl\/wp-json\/wp\/v2\/product"}],"about":[{"href":"https:\/\/sausage-stuffer.com\/sl\/wp-json\/wp\/v2\/types\/product"}],"wp:featuredmedia":[{"embeddable":true,"href":"https:\/\/sausage-stuffer.com\/sl\/wp-json\/wp\/v2\/media\/1630"}],"wp:attachment":[{"href":"https:\/\/sausage-stuffer.com\/sl\/wp-json\/wp\/v2\/media?parent=1678"}],"wp:term":[{"taxonomy":"product_brand","embeddable":true,"href":"https:\/\/sausage-stuffer.com\/sl\/wp-json\/wp\/v2\/product_brand?post=1678"},{"taxonomy":"product_cat","embeddable":true,"href":"https:\/\/sausage-stuffer.com\/sl\/wp-json\/wp\/v2\/product_cat?post=1678"},{"taxonomy":"product_tag","embeddable":true,"href":"https:\/\/sausage-stuffer.com\/sl\/wp-json\/wp\/v2\/product_tag?post=1678"}],"curies":[{"name":"wp","href":"https:\/\/api.w.org\/{rel}","templated":true}]}}