{"id":1609,"date":"2024-07-23T14:34:08","date_gmt":"2024-07-23T14:34:08","guid":{"rendered":"https:\/\/sausage-stuffer.com\/?post_type=product&#038;p=1609"},"modified":"2024-08-15T06:09:40","modified_gmt":"2024-08-15T06:09:40","slug":"sausage-maker-stuffer-sh5","status":"publish","type":"product","link":"https:\/\/sausage-stuffer.com\/sl\/manufacturer\/sausage-maker-stuffer-sh5\/","title":{"rendered":"Izdelovalec klobas Stuffer SH-5"},"content":{"rendered":"<h2><strong>Klobase Maker Stuffer Prednosti<\/strong><\/h2>\n<ol>\n<li><strong>Nadzor<\/strong>: Omogo\u010da natan\u010den nadzor nad postopkom polnjenja, kar lahko privede do vi\u0161je kakovosti kon\u010dnega izdelka.<\/li>\n<li><strong>Trajnost<\/strong>: V primerjavi z navpi\u010dnimi modeli so obi\u010dajno robustnej\u0161i in trajnej\u0161i.<\/li>\n<li><strong>Enostavnost uporabe<\/strong>: Zaradi vodoravne zasnove, ki omogo\u010da bolj\u0161i vzvod, je uporaba za za\u010detnike pogosto la\u017eja.<\/li>\n<\/ol>\n<p>&nbsp;<\/p>\n<h2><strong>Slabosti Sausage Maker Stuffer<\/strong><\/h2>\n<ol>\n<li><strong>Velikost<\/strong>: V primerjavi z navpi\u010dnimi polnilci lahko zavzame ve\u010d prostora na pultu.<\/li>\n<li><strong>Te\u017ea<\/strong>: Lahko so te\u017eki in okorni za premikanje ali shranjevanje.<\/li>\n<\/ol>\n<p>&nbsp;<\/p>\n<h2><strong>Obi\u010dajne uporabe<\/strong><\/h2>\n<ul>\n<li>Priprava razli\u010dnih vrst klobas, kot so klobase, klobase chorizo, italijanske klobase in klobase za zajtrk.<\/li>\n<li>Primeren je tako za doma\u010do kot tudi za manj\u0161o komercialno uporabo.<\/li>\n<\/ul>\n<p>&nbsp;<\/p>\n<h2><strong>Vzdr\u017eevanje stroja za izdelavo klobas Stuffer<\/strong><\/h2>\n<ol>\n<li><strong>\u010ci\u0161\u010denje<\/strong>: Po vsaki uporabi ga razstavite in temeljito o\u010distite, da prepre\u010dite nabiranje ostankov mesa in zagotovite varnost hrane.<\/li>\n<li><strong>Mazanje<\/strong>: Ob\u010dasno nama\u017eite gibljive dele, da zagotovite nemoteno delovanje.<\/li>\n<\/ol>","protected":false},"excerpt":{"rendered":"<h4><strong><span class=\"Y2IQFc\" lang=\"en\">Osnovni parametri<\/span><\/strong><\/h4>\n<p>Vrsta\uff1ahorizontalni m<span class=\"Y2IQFc\" lang=\"en\">priro\u010dnik s<\/span>ausage stuffer<\/p>\n<p>Dia.xl (mm)\uff1a\uffe0140*320<\/p>\n<p>Velikost\uff1a288*360*690\uff08mm\uff09<\/p>\n<p>Neto te\u017ea \uff1a10 KG<\/p>\n<p id=\"tw-target-text\" class=\"tw-data-text tw-text-large tw-ta\" dir=\"ltr\" data-placeholder=\"Translation\" aria-label=\"Prevedeno besedilo\" data-ved=\"2ahUKEwikr8X52saHAxV4mq8BHbZ8AHMQ3ewLegQIEhAU\"><span class=\"Y2IQFc\" lang=\"en\">Prostornina \uff1a5L<\/span><\/p>","protected":false},"featured_media":1795,"template":"","meta":[],"product_brand":[],"product_cat":[48],"product_tag":[],"class_list":{"0":"post-1609","1":"product","2":"type-product","3":"status-publish","4":"has-post-thumbnail","6":"product_cat-horizontal-manual-sausage-stuffer","8":"first","9":"instock","10":"shipping-taxable","11":"product-type-simple"},"_links":{"self":[{"href":"https:\/\/sausage-stuffer.com\/sl\/wp-json\/wp\/v2\/product\/1609","targetHints":{"allow":["GET"]}}],"collection":[{"href":"https:\/\/sausage-stuffer.com\/sl\/wp-json\/wp\/v2\/product"}],"about":[{"href":"https:\/\/sausage-stuffer.com\/sl\/wp-json\/wp\/v2\/types\/product"}],"wp:featuredmedia":[{"embeddable":true,"href":"https:\/\/sausage-stuffer.com\/sl\/wp-json\/wp\/v2\/media\/1795"}],"wp:attachment":[{"href":"https:\/\/sausage-stuffer.com\/sl\/wp-json\/wp\/v2\/media?parent=1609"}],"wp:term":[{"taxonomy":"product_brand","embeddable":true,"href":"https:\/\/sausage-stuffer.com\/sl\/wp-json\/wp\/v2\/product_brand?post=1609"},{"taxonomy":"product_cat","embeddable":true,"href":"https:\/\/sausage-stuffer.com\/sl\/wp-json\/wp\/v2\/product_cat?post=1609"},{"taxonomy":"product_tag","embeddable":true,"href":"https:\/\/sausage-stuffer.com\/sl\/wp-json\/wp\/v2\/product_tag?post=1609"}],"curies":[{"name":"wp","href":"https:\/\/api.w.org\/{rel}","templated":true}]}}