{"id":1608,"date":"2024-07-23T14:33:33","date_gmt":"2024-07-23T14:33:33","guid":{"rendered":"https:\/\/sausage-stuffer.com\/?post_type=product&#038;p=1608"},"modified":"2024-08-15T06:06:06","modified_gmt":"2024-08-15T06:06:06","slug":"homemade-sausage-stuffer-sh7","status":"publish","type":"product","link":"https:\/\/sausage-stuffer.com\/sl\/manufacturer\/homemade-sausage-stuffer-sh7\/","title":{"rendered":"Doma\u010di klobasni nadevnik SH-7"},"content":{"rendered":"<h3><span style=\"color: #000000;\"><strong>Doma\u010da klobasa Stuffer Prednosti<\/strong><\/span><\/h3>\n<p><span style=\"color: #000000;\"><strong>1.Precision Control<\/strong>:<\/span><\/p>\n<ul>\n<li><span style=\"color: #000000;\">Omogo\u010da enakomerno polnjenje, zmanj\u0161uje tveganje zra\u010dnih \u017eepov in zagotavlja enakomerno porazdelitev me\u0161anice klobas.<\/span><\/li>\n<\/ul>\n<p><span style=\"color: #000000;\"><strong>2.Durability<\/strong>:<\/span><\/p>\n<ul>\n<li><span style=\"color: #000000;\">Visokokakovostni materiali, kot je nerjavno jeklo, zagotavljajo dolgotrajno delovanje ter odpornost proti rji in koroziji.<\/span><\/li>\n<\/ul>\n<p><span style=\"color: #000000;\"><strong>3.Versatility<\/strong>:<\/span><\/p>\n<ul>\n<li><span style=\"color: #000000;\">Primeren je za razli\u010dne vrste klobas, vklju\u010dno s klobasami bratwurst, chorizo, italijansko klobaso in drugimi.<\/span><\/li>\n<li><span style=\"color: #000000;\">Uporablja se lahko za mesne in vegetarijanske recepte za klobase.<\/span><\/li>\n<\/ul>\n<p><span style=\"color: #000000;\"><strong>4.Enostavnost uporabe<\/strong>:<\/span><\/p>\n<ul>\n<li><span style=\"color: #000000;\">Na splo\u0161no je enostaven za sestavljanje, uporabo in \u010di\u0161\u010denje, zato ga lahko uporabljajo tako za\u010detniki kot izku\u0161eni izdelovalci klobas.<\/span><\/li>\n<\/ul>\n<p>&nbsp;<\/p>\n<h3><span style=\"color: #000000;\"><strong>Doma\u010da klobasa Stuffer Vzdr\u017eevanje<\/strong><\/span><\/h3>\n<p><span style=\"color: #000000;\"><strong>1.Regularno \u010di\u0161\u010denje<\/strong>:<\/span><\/p>\n<ul>\n<li><span style=\"color: #000000;\">Po vsaki uporabi stroj razstavite in vse dele o\u010distite s toplo milnico.<\/span><\/li>\n<li><span style=\"color: #000000;\">Poskrbite, da odstranite vse ostanke mesa, da prepre\u010dite rast bakterij.<\/span><\/li>\n<\/ul>\n<p><span style=\"color: #000000;\"><strong>2.Lubrication<\/strong>:<\/span><\/p>\n<ul>\n<li><span style=\"color: #000000;\">Ob\u010dasno nama\u017eite gibljive dele, kot sta ro\u010dica in bat, z mazivom, ki je varno za \u017eivila, da zagotovite nemoteno delovanje.<\/span><\/li>\n<\/ul>\n<p><span style=\"color: #000000;\"><strong>3.Pregled<\/strong>:<\/span><\/p>\n<ul>\n<li><span style=\"color: #000000;\">Redno pregledujte stroj, \u010de so na njem vidni znaki obrabe ali po\u0161kodb. Po potrebi zamenjajte obrabljene dele, da ohranite u\u010dinkovitost.<\/span><\/li>\n<\/ul>","protected":false},"excerpt":{"rendered":"<h4><strong><span class=\"Y2IQFc\" lang=\"en\">Osnovni parametri<\/span><\/strong><\/h4>\n<p>Vrsta\uff1ahorizontalni m<span class=\"Y2IQFc\" lang=\"en\">priro\u010dnik s<\/span>ausage stuffer<\/p>\n<p>Dia.xl (mm)\uff1a\uffe0140*460<\/p>\n<p>Velikost\uff1a350*360*830\uff08mm\uff09<\/p>\n<p>Neto te\u017ea \uff1a11 KG<\/p>\n<p id=\"tw-target-text\" class=\"tw-data-text tw-text-large tw-ta\" dir=\"ltr\" data-placeholder=\"Translation\" aria-label=\"Prevedeno besedilo\" data-ved=\"2ahUKEwikr8X52saHAxV4mq8BHbZ8AHMQ3ewLegQIEhAU\"><span class=\"Y2IQFc\" lang=\"en\">Prostornina \uff1a7L<\/span><\/p>","protected":false},"featured_media":1796,"template":"","meta":[],"product_brand":[],"product_cat":[48],"product_tag":[],"class_list":{"0":"post-1608","1":"product","2":"type-product","3":"status-publish","4":"has-post-thumbnail","6":"product_cat-horizontal-manual-sausage-stuffer","8":"first","9":"instock","10":"shipping-taxable","11":"product-type-simple"},"_links":{"self":[{"href":"https:\/\/sausage-stuffer.com\/sl\/wp-json\/wp\/v2\/product\/1608","targetHints":{"allow":["GET"]}}],"collection":[{"href":"https:\/\/sausage-stuffer.com\/sl\/wp-json\/wp\/v2\/product"}],"about":[{"href":"https:\/\/sausage-stuffer.com\/sl\/wp-json\/wp\/v2\/types\/product"}],"wp:featuredmedia":[{"embeddable":true,"href":"https:\/\/sausage-stuffer.com\/sl\/wp-json\/wp\/v2\/media\/1796"}],"wp:attachment":[{"href":"https:\/\/sausage-stuffer.com\/sl\/wp-json\/wp\/v2\/media?parent=1608"}],"wp:term":[{"taxonomy":"product_brand","embeddable":true,"href":"https:\/\/sausage-stuffer.com\/sl\/wp-json\/wp\/v2\/product_brand?post=1608"},{"taxonomy":"product_cat","embeddable":true,"href":"https:\/\/sausage-stuffer.com\/sl\/wp-json\/wp\/v2\/product_cat?post=1608"},{"taxonomy":"product_tag","embeddable":true,"href":"https:\/\/sausage-stuffer.com\/sl\/wp-json\/wp\/v2\/product_tag?post=1608"}],"curies":[{"name":"wp","href":"https:\/\/api.w.org\/{rel}","templated":true}]}}