{"id":1607,"date":"2024-07-23T14:32:43","date_gmt":"2024-07-23T14:32:43","guid":{"rendered":"https:\/\/sausage-stuffer.com\/?post_type=product&#038;p=1607"},"modified":"2024-08-15T06:11:04","modified_gmt":"2024-08-15T06:11:04","slug":"sausage-stuffer-maker-sh3","status":"publish","type":"product","link":"https:\/\/sausage-stuffer.com\/sl\/manufacturer\/sausage-stuffer-maker-sh3\/","title":{"rendered":"Izdelovalec klobas SH-3"},"content":{"rendered":"<h2><strong>Oblikovanje in funkcionalnost izdelovalca klobas<\/strong><\/h2>\n<p>1.Horizontalna zasnova: Ta vrsta polnilnika ima valj, ki le\u017ei vodoravno, kar omogo\u010da bolj dosledno in enakomerno polnjenje \u010drevesa klobas. Horizontalna zasnova je v primerjavi z vertikalnimi polnilniki pogosto bolj stabilna.<\/p>\n<p>2.Ro\u010dno upravljanje: Pri teh polnilcih se uporablja ro\u010dica, ki uporabniku omogo\u010da nadzor nad hitrostjo in pritiskom pri polnjenju klobas. Ro\u010dni nadzor lahko zagotovi bolj\u0161o konsistenco in manj zra\u010dnih \u017eepov v klobasah.<\/p>\n<p>3.Zmogljivost: Vro\u010de polnjenje klobas ima razli\u010dne zmogljivosti, obi\u010dajno od 5 do 20 kilogramov ali ve\u010d, kar omogo\u010da prilagajanje razli\u010dnim velikostim serij glede na potrebe uporabnika.<\/p>\n<p>4.Material: Visokokakovostni vodoravni polnilci so obi\u010dajno izdelani iz nerjavnega jekla ali drugih trajnih materialov, ki jih je enostavno \u010distiti in so odporni proti rjavenju in koroziji.<\/p>\n<p>5.Komponente:<\/p>\n<ul>\n<li><strong>Cilinder<\/strong>: V njem je me\u0161anica klobas.<\/li>\n<li><strong>Batni mehanizem<\/strong>: Me\u0161anico premika po valju.<\/li>\n<li><strong>Ro\u010dica za ro\u010dico<\/strong>: Ro\u010dno upravlja bat.<\/li>\n<li><strong>\u0160obe\/Funnels<\/strong>: Razli\u010dne velikosti za razli\u010dne vrste klobas.<\/li>\n<\/ul>","protected":false},"excerpt":{"rendered":"<h2><strong><span class=\"Y2IQFc\" lang=\"en\">Osnovni parametri Sausage Stuffer Maker<\/span><\/strong><\/h2>\n<p>Vrsta\uff1ahorizontalni m<span class=\"Y2IQFc\" lang=\"en\">priro\u010dnik s<\/span>ausage stuffer<\/p>\n<p>Dia.xl (mm)\uff1a\uffe0140*200<\/p>\n<p>Velikost\uff1a288*360*570\uff08mm\uff09<\/p>\n<p>Neto te\u017ea \uff1a9 KG<\/p>\n<p id=\"tw-target-text\" class=\"tw-data-text tw-text-large tw-ta\" dir=\"ltr\" data-placeholder=\"Translation\" aria-label=\"Prevedeno besedilo\" data-ved=\"2ahUKEwikr8X52saHAxV4mq8BHbZ8AHMQ3ewLegQIEhAU\"><span class=\"Y2IQFc\" lang=\"en\">Prostornina \uff1a3 L<\/span><\/p>","protected":false},"featured_media":1794,"template":"","meta":[],"product_brand":[],"product_cat":[48],"product_tag":[],"class_list":{"0":"post-1607","1":"product","2":"type-product","3":"status-publish","4":"has-post-thumbnail","6":"product_cat-horizontal-manual-sausage-stuffer","8":"first","9":"instock","10":"shipping-taxable","11":"product-type-simple"},"_links":{"self":[{"href":"https:\/\/sausage-stuffer.com\/sl\/wp-json\/wp\/v2\/product\/1607","targetHints":{"allow":["GET"]}}],"collection":[{"href":"https:\/\/sausage-stuffer.com\/sl\/wp-json\/wp\/v2\/product"}],"about":[{"href":"https:\/\/sausage-stuffer.com\/sl\/wp-json\/wp\/v2\/types\/product"}],"wp:featuredmedia":[{"embeddable":true,"href":"https:\/\/sausage-stuffer.com\/sl\/wp-json\/wp\/v2\/media\/1794"}],"wp:attachment":[{"href":"https:\/\/sausage-stuffer.com\/sl\/wp-json\/wp\/v2\/media?parent=1607"}],"wp:term":[{"taxonomy":"product_brand","embeddable":true,"href":"https:\/\/sausage-stuffer.com\/sl\/wp-json\/wp\/v2\/product_brand?post=1607"},{"taxonomy":"product_cat","embeddable":true,"href":"https:\/\/sausage-stuffer.com\/sl\/wp-json\/wp\/v2\/product_cat?post=1607"},{"taxonomy":"product_tag","embeddable":true,"href":"https:\/\/sausage-stuffer.com\/sl\/wp-json\/wp\/v2\/product_tag?post=1607"}],"curies":[{"name":"wp","href":"https:\/\/api.w.org\/{rel}","templated":true}]}}