{"id":1606,"date":"2024-07-23T14:25:04","date_gmt":"2024-07-23T14:25:04","guid":{"rendered":"https:\/\/sausage-stuffer.com\/?post_type=product&#038;p=1606"},"modified":"2024-08-15T03:35:17","modified_gmt":"2024-08-15T03:35:17","slug":"15-pound-sausage-stuffer-sv15","status":"publish","type":"product","link":"https:\/\/sausage-stuffer.com\/sl\/manufacturer\/15-pound-sausage-stuffer-sv15\/","title":{"rendered":"15-kilogramski polnilec klobas SV15"},"content":{"rendered":"<h2><strong>15 funtov<\/strong><strong>\u00a0<\/strong><strong>Polnilo za klobase M<\/strong><strong>ahine:<\/strong><\/h2>\n<ul>\n<li>Konstrukcija iz nerjave\u010dega jekla.<\/li>\n<li>Dvostopenjska zasnova za hitro spro\u0161\u010danje in po\u010dasno polnjenje.<\/li>\n<li>Na voljo so \u0161tiri \u0161obe iz nerjave\u010dega jekla.<\/li>\n<\/ul>\n<p>&nbsp;<\/p>\n<h2><span style=\"font-size: 100%;\"><strong>Klju\u010dne lastnosti 15-kilogramskega polnilca klobas<\/strong>:<\/span><\/h2>\n<div class=\"flex-shrink-0 flex flex-col relative items-end\">\n<div class=\"pt-0\">\n<ol>\n<li>Navpi\u010dni valj: Navpi\u010dna zasnova omogo\u010da, da pri polnjenju pomaga gravitacija, kar olaj\u0161a ravnanje z mesno me\u0161anico.<\/li>\n<li>Ro\u010dna ro\u010dica: Uporabnik lahko nadzoruje hitrost polnjenja z ro\u010dno ro\u010dico.<\/li>\n<li>Konstrukcija iz nerjave\u010dega jekla: Iz nerjave\u010dega jekla: trpe\u017ena in enostavna za \u010di\u0161\u010denje, prepre\u010duje rjavenje in ohranja higieno.<\/li>\n<li>Ve\u010d \u0161ob: Za pripravo razli\u010dnih vrst klobas so prilo\u017eene cevi za polnjenje razli\u010dnih velikosti.<\/li>\n<li>Zmogljivost: Na voljo so razli\u010dne zmogljivosti, obi\u010dajno od 5 do 15 kilogramov, primerne za razli\u010dne velikosti serij.<\/li>\n<li>Odstranljivi deli: Enostavno razstavljanje za temeljito \u010di\u0161\u010denje<\/li>\n<\/ol>\n<\/div>\n<\/div>","protected":false},"excerpt":{"rendered":"<h4><strong><span class=\"Y2IQFc\" lang=\"en\">Osnovni parametri<\/span><\/strong><\/h4>\n<p>Vrsta\uff1a15 funtov <span class=\"Y2IQFc\" lang=\"en\">s<\/span>ausage stuffer<\/p>\n<p>Dia.xl (mm) cilindra: \uffe0219*400<\/p>\n<p>Velikost\uff1a370*330*710\uff08mm\uff09<\/p>\n<p>Neto te\u017ea \uff1a15 KG<\/p>\n<p id=\"tw-target-text\" class=\"tw-data-text tw-text-large tw-ta\" dir=\"ltr\" data-placeholder=\"Translation\" aria-label=\"Prevedeno besedilo\" data-ved=\"2ahUKEwikr8X52saHAxV4mq8BHbZ8AHMQ3ewLegQIEhAU\"><span class=\"Y2IQFc\" lang=\"en\">Prostornina \uff1a15 L<\/span><\/p>","protected":false},"featured_media":1558,"template":"","meta":[],"product_brand":[],"product_cat":[47],"product_tag":[],"class_list":{"0":"post-1606","1":"product","2":"type-product","3":"status-publish","4":"has-post-thumbnail","6":"product_cat-vertical-manual-sausage-stuffer","8":"first","9":"instock","10":"shipping-taxable","11":"product-type-simple"},"_links":{"self":[{"href":"https:\/\/sausage-stuffer.com\/sl\/wp-json\/wp\/v2\/product\/1606","targetHints":{"allow":["GET"]}}],"collection":[{"href":"https:\/\/sausage-stuffer.com\/sl\/wp-json\/wp\/v2\/product"}],"about":[{"href":"https:\/\/sausage-stuffer.com\/sl\/wp-json\/wp\/v2\/types\/product"}],"wp:featuredmedia":[{"embeddable":true,"href":"https:\/\/sausage-stuffer.com\/sl\/wp-json\/wp\/v2\/media\/1558"}],"wp:attachment":[{"href":"https:\/\/sausage-stuffer.com\/sl\/wp-json\/wp\/v2\/media?parent=1606"}],"wp:term":[{"taxonomy":"product_brand","embeddable":true,"href":"https:\/\/sausage-stuffer.com\/sl\/wp-json\/wp\/v2\/product_brand?post=1606"},{"taxonomy":"product_cat","embeddable":true,"href":"https:\/\/sausage-stuffer.com\/sl\/wp-json\/wp\/v2\/product_cat?post=1606"},{"taxonomy":"product_tag","embeddable":true,"href":"https:\/\/sausage-stuffer.com\/sl\/wp-json\/wp\/v2\/product_tag?post=1606"}],"curies":[{"name":"wp","href":"https:\/\/api.w.org\/{rel}","templated":true}]}}