{"id":1605,"date":"2024-07-23T14:24:10","date_gmt":"2024-07-23T14:24:10","guid":{"rendered":"https:\/\/sausage-stuffer.com\/?post_type=product&#038;p=1605"},"modified":"2024-08-15T03:56:37","modified_gmt":"2024-08-15T03:56:37","slug":"sausage-stuffer-commercial-sv12","status":"publish","type":"product","link":"https:\/\/sausage-stuffer.com\/sl\/manufacturer\/sausage-stuffer-commercial-sv12\/","title":{"rendered":"Polnilec klobas za komercialne namene SV12"},"content":{"rendered":"<h2><strong>Naprava za polnjenje klobas 12L:<\/strong><\/h2>\n<ul>\n<li>Konstrukcija iz nerjave\u010dega jekla.<\/li>\n<li>Dvostopenjska zasnova za hitro spro\u0161\u010danje in po\u010dasno polnjenje.<\/li>\n<li>Na voljo so \u0161tiri \u0161obe iz nerjave\u010dega jekla.<\/li>\n<\/ul>\n<p>&nbsp;<\/p>\n<h2><strong>Klobase Stuffer Komercialne prednosti:<\/strong><\/h2>\n<ul>\n<li><strong>Nadzor<\/strong>: Ro\u010dno upravljanje omogo\u010da natan\u010den nadzor nad postopkom polnjenja.<\/li>\n<li><strong>Cenovna dostopnost<\/strong>: Na splo\u0161no so cenovno ugodnej\u0161i od elektri\u010dnih modelov.<\/li>\n<li><strong>Kompaktna zasnova<\/strong>: V primerjavi z vodoravnimi polnilci zavzame manj prostora na pultu.<\/li>\n<li><strong>Zanesljivost<\/strong>: Manj mehanskih delov pomeni manj mo\u017enosti za okvare<\/li>\n<\/ul>","protected":false},"excerpt":{"rendered":"<h4><strong><span class=\"Y2IQFc\" lang=\"en\">Osnovni parametri<\/span><\/strong><\/h4>\n<p>Vrsta\uff1avertikalni m<span class=\"Y2IQFc\" lang=\"en\">priro\u010dnik s<\/span>ausage stuffer<\/p>\n<p>Dia.xl (mm) valja: \uffe0219*320<\/p>\n<p>Velikost\uff1a370*330*630\uff08mm\uff09<\/p>\n<p>Neto te\u017ea \uff1a13 KG<\/p>\n<p id=\"tw-target-text\" class=\"tw-data-text tw-text-large tw-ta\" dir=\"ltr\" data-placeholder=\"Translation\" aria-label=\"Prevedeno besedilo\" data-ved=\"2ahUKEwikr8X52saHAxV4mq8BHbZ8AHMQ3ewLegQIEhAU\"><span class=\"Y2IQFc\" lang=\"en\">Prostornina \uff1a12 L<\/span><\/p>","protected":false},"featured_media":1557,"template":"","meta":[],"product_brand":[],"product_cat":[47],"product_tag":[],"class_list":{"0":"post-1605","1":"product","2":"type-product","3":"status-publish","4":"has-post-thumbnail","6":"product_cat-vertical-manual-sausage-stuffer","8":"first","9":"instock","10":"shipping-taxable","11":"product-type-simple"},"_links":{"self":[{"href":"https:\/\/sausage-stuffer.com\/sl\/wp-json\/wp\/v2\/product\/1605","targetHints":{"allow":["GET"]}}],"collection":[{"href":"https:\/\/sausage-stuffer.com\/sl\/wp-json\/wp\/v2\/product"}],"about":[{"href":"https:\/\/sausage-stuffer.com\/sl\/wp-json\/wp\/v2\/types\/product"}],"wp:featuredmedia":[{"embeddable":true,"href":"https:\/\/sausage-stuffer.com\/sl\/wp-json\/wp\/v2\/media\/1557"}],"wp:attachment":[{"href":"https:\/\/sausage-stuffer.com\/sl\/wp-json\/wp\/v2\/media?parent=1605"}],"wp:term":[{"taxonomy":"product_brand","embeddable":true,"href":"https:\/\/sausage-stuffer.com\/sl\/wp-json\/wp\/v2\/product_brand?post=1605"},{"taxonomy":"product_cat","embeddable":true,"href":"https:\/\/sausage-stuffer.com\/sl\/wp-json\/wp\/v2\/product_cat?post=1605"},{"taxonomy":"product_tag","embeddable":true,"href":"https:\/\/sausage-stuffer.com\/sl\/wp-json\/wp\/v2\/product_tag?post=1605"}],"curies":[{"name":"wp","href":"https:\/\/api.w.org\/{rel}","templated":true}]}}