{"id":1604,"date":"2024-07-23T14:23:23","date_gmt":"2024-07-23T14:23:23","guid":{"rendered":"https:\/\/sausage-stuffer.com\/?post_type=product&#038;p=1604"},"modified":"2024-08-15T05:50:55","modified_gmt":"2024-08-15T05:50:55","slug":"cast-iron-sausage-stuffer-sv10","status":"publish","type":"product","link":"https:\/\/sausage-stuffer.com\/sl\/manufacturer\/cast-iron-sausage-stuffer-sv10\/","title":{"rendered":"Lito\u017eelezni nastavek za klobase SV10"},"content":{"rendered":"<h2><strong>Lito\u017eelezen nastavek za klobase 10lb:<\/strong><\/h2>\n<ul>\n<li>Konstrukcija iz nerjave\u010dega jekla.<\/li>\n<li>Dvostopenjska zasnova za hitro spro\u0161\u010danje in po\u010dasno polnjenje.<\/li>\n<li>Na voljo so \u0161tiri \u0161obe iz nerjave\u010dega jekla.<\/li>\n<\/ul>\n<p>&nbsp;<\/p>\n<h2><strong>Nasveti za uporabo litega \u017eeleza Sausage Stuffer:<\/strong><\/h2>\n<ol>\n<li><strong>Ohladite meso<\/strong>: Mesno me\u0161anico hranite na hladnem, da se zlahka nadeva in ohrani dobro teksturo.<\/li>\n<li><strong>Namo\u010dite \u010dreva<\/strong>: Naravna \u010dreva pred uporabo namo\u010dite v toplo vodo, da postanejo bolj pro\u017ena in jih je la\u017eje obdelovati.<\/li>\n<li><strong>Dosleden pritisk<\/strong>: Vrtite ro\u010dico enakomerno in enakomerno, da v klobasah ne bi nastali zra\u010dni \u017eepi.<\/li>\n<li><strong>Nama\u017eite \u0161obo<\/strong>: Z malo vode ali jedilnega olja lahko pomagate, da \u010dreva la\u017eje zdrsnejo na \u0161obo.<\/li>\n<li><strong>Temeljito \u010di\u0161\u010denje<\/strong>: Po vsaki uporabi razstavite in o\u010distite vse dele, da ohranite higieno in podalj\u0161ate \u017eivljenjsko dobo stroja.<\/li>\n<\/ol>","protected":false},"excerpt":{"rendered":"<h4><strong>Osnovni parametri<\/strong><\/h4>\n<p>Vrsta\uff1avertikalni ro\u010dni tla\u010dilnik klobas<\/p>\n<p>Dia.xl (mm) cilindra: \uffe0219*70<\/p>\n<p>Velikost\uff1a370*330*580\uff08mm\uff09<\/p>\n<p>Neto te\u017ea \uff1a12 Kg<\/p>\n<p>Prostornina \uff1a10L<\/p>","protected":false},"featured_media":1556,"template":"","meta":[],"product_brand":[],"product_cat":[47],"product_tag":[],"class_list":{"0":"post-1604","1":"product","2":"type-product","3":"status-publish","4":"has-post-thumbnail","6":"product_cat-vertical-manual-sausage-stuffer","8":"first","9":"instock","10":"shipping-taxable","11":"product-type-simple"},"_links":{"self":[{"href":"https:\/\/sausage-stuffer.com\/sl\/wp-json\/wp\/v2\/product\/1604","targetHints":{"allow":["GET"]}}],"collection":[{"href":"https:\/\/sausage-stuffer.com\/sl\/wp-json\/wp\/v2\/product"}],"about":[{"href":"https:\/\/sausage-stuffer.com\/sl\/wp-json\/wp\/v2\/types\/product"}],"wp:featuredmedia":[{"embeddable":true,"href":"https:\/\/sausage-stuffer.com\/sl\/wp-json\/wp\/v2\/media\/1556"}],"wp:attachment":[{"href":"https:\/\/sausage-stuffer.com\/sl\/wp-json\/wp\/v2\/media?parent=1604"}],"wp:term":[{"taxonomy":"product_brand","embeddable":true,"href":"https:\/\/sausage-stuffer.com\/sl\/wp-json\/wp\/v2\/product_brand?post=1604"},{"taxonomy":"product_cat","embeddable":true,"href":"https:\/\/sausage-stuffer.com\/sl\/wp-json\/wp\/v2\/product_cat?post=1604"},{"taxonomy":"product_tag","embeddable":true,"href":"https:\/\/sausage-stuffer.com\/sl\/wp-json\/wp\/v2\/product_tag?post=1604"}],"curies":[{"name":"wp","href":"https:\/\/api.w.org\/{rel}","templated":true}]}}