{"id":1603,"date":"2024-07-23T14:22:30","date_gmt":"2024-07-23T14:22:30","guid":{"rendered":"https:\/\/sausage-stuffer.com\/?post_type=product&#038;p=1603"},"modified":"2024-08-15T05:46:10","modified_gmt":"2024-08-15T05:46:10","slug":"sausage-stuffer-and-meat-grinder","status":"publish","type":"product","link":"https:\/\/sausage-stuffer.com\/sl\/manufacturer\/sausage-stuffer-and-meat-grinder\/","title":{"rendered":"Polnilec klobas in mlin\u010dek za meso SV7"},"content":{"rendered":"<h2><strong>Polnilnik klobas in mlin\u010dek za meso<\/strong><strong>:<\/strong><\/h2>\n<ul>\n<li>Konstrukcija iz nerjave\u010dega jekla.<\/li>\n<li>Dvostopenjska zasnova za hitro spro\u0161\u010danje in po\u010dasno polnjenje.<\/li>\n<li>Na voljo so \u0161tiri \u0161obe iz nerjave\u010dega jekla.<\/li>\n<\/ul>\n<p>&nbsp;<\/p>\n<h2><span style=\"font-size: 100%;\"><strong><strong>Klju\u010dne lastnosti polnilca klobas in mlin\u010dka za meso<\/strong><\/strong>:<\/span><\/h2>\n<div class=\"flex-shrink-0 flex flex-col relative items-end\">\n<div class=\"pt-0\">\n<ol>\n<li><strong>Navpi\u010dni cilinder<\/strong>: Navpi\u010dna zasnova omogo\u010da, da pri polnjenju pomaga gravitacija, kar olaj\u0161a rokovanje z mesno me\u0161anico.<\/li>\n<li><strong>Ro\u010dna ro\u010dica<\/strong>: Upravlja se z ro\u010dno ro\u010dico, ki uporabniku omogo\u010da nadzor nad hitrostjo polnjenja.<\/li>\n<li><strong>Konstrukcija iz nerjave\u010dega jekla<\/strong>: Trajna in enostavna za \u010di\u0161\u010denje, ki prepre\u010duje rjavenje in ohranja higieno.<\/li>\n<li><strong>Ve\u010d \u0161ob<\/strong>: Na voljo so cevi za nadev razli\u010dnih velikosti za pripravo razli\u010dnih vrst klobas.<\/li>\n<li><strong>Zmogljivost<\/strong>: Na voljo so razli\u010dne zmogljivosti, obi\u010dajno od 5 do 15 kilogramov, primerne za razli\u010dne velikosti serij.<\/li>\n<li><strong>Odstranljivi deli<\/strong>: Enostavno razstavljanje za temeljito \u010di\u0161\u010denje<\/li>\n<\/ol>\n<\/div>\n<\/div>","protected":false},"excerpt":{"rendered":"<h4><strong><span class=\"Y2IQFc\" lang=\"en\">Osnovni parametri<\/span><\/strong><\/h4>\n<p>Vrsta\uff1avertikalni m<span class=\"Y2IQFc\" lang=\"en\">priro\u010dnik s<\/span>ausage stuffer<\/p>\n<p>Dia.xl (mm) cilindra: 140 * 460<\/p>\n<p>Velikost\uff1a300*340*830\uff08mm\uff09<\/p>\n<p>Neto te\u017ea \uff1a11,5 kg<\/p>\n<p id=\"tw-target-text\" class=\"tw-data-text tw-text-large tw-ta\" dir=\"ltr\" data-placeholder=\"Translation\" aria-label=\"Prevedeno besedilo\" data-ved=\"2ahUKEwikr8X52saHAxV4mq8BHbZ8AHMQ3ewLegQIEhAU\"><span class=\"Y2IQFc\" lang=\"en\">Prostornina \uff1a7L<\/span><\/p>","protected":false},"featured_media":1555,"template":"","meta":[],"product_brand":[],"product_cat":[47],"product_tag":[],"class_list":{"0":"post-1603","1":"product","2":"type-product","3":"status-publish","4":"has-post-thumbnail","6":"product_cat-vertical-manual-sausage-stuffer","8":"first","9":"instock","10":"shipping-taxable","11":"product-type-simple"},"_links":{"self":[{"href":"https:\/\/sausage-stuffer.com\/sl\/wp-json\/wp\/v2\/product\/1603","targetHints":{"allow":["GET"]}}],"collection":[{"href":"https:\/\/sausage-stuffer.com\/sl\/wp-json\/wp\/v2\/product"}],"about":[{"href":"https:\/\/sausage-stuffer.com\/sl\/wp-json\/wp\/v2\/types\/product"}],"wp:featuredmedia":[{"embeddable":true,"href":"https:\/\/sausage-stuffer.com\/sl\/wp-json\/wp\/v2\/media\/1555"}],"wp:attachment":[{"href":"https:\/\/sausage-stuffer.com\/sl\/wp-json\/wp\/v2\/media?parent=1603"}],"wp:term":[{"taxonomy":"product_brand","embeddable":true,"href":"https:\/\/sausage-stuffer.com\/sl\/wp-json\/wp\/v2\/product_brand?post=1603"},{"taxonomy":"product_cat","embeddable":true,"href":"https:\/\/sausage-stuffer.com\/sl\/wp-json\/wp\/v2\/product_cat?post=1603"},{"taxonomy":"product_tag","embeddable":true,"href":"https:\/\/sausage-stuffer.com\/sl\/wp-json\/wp\/v2\/product_tag?post=1603"}],"curies":[{"name":"wp","href":"https:\/\/api.w.org\/{rel}","templated":true}]}}