{"id":1562,"date":"2024-07-23T12:58:27","date_gmt":"2024-07-23T12:58:27","guid":{"rendered":"https:\/\/sausage-stuffer.com\/?post_type=product&#038;p=1562"},"modified":"2024-08-15T04:06:40","modified_gmt":"2024-08-15T04:06:40","slug":"5lb-sausage-stuffer-sv5","status":"publish","type":"product","link":"https:\/\/sausage-stuffer.com\/sl\/manufacturer\/5lb-sausage-stuffer-sv5\/","title":{"rendered":"5LB polnilec klobas SV5"},"content":{"rendered":"<h2><strong>5LB polnilec klobas:<\/strong><\/h2>\n<ul>\n<li>Konstrukcija iz nerjave\u010dega jekla.<\/li>\n<li>Dvostopenjska zasnova za hitro spro\u0161\u010danje in po\u010dasno polnjenje.<\/li>\n<li>Na voljo so \u0161tiri \u0161obe iz nerjave\u010dega jekla.<\/li>\n<\/ul>\n<p>&nbsp;<\/p>\n<h2><strong>5LB Sausage Stuffer Prednosti:<\/strong><\/h2>\n<ul>\n<li><strong>Nadzor<\/strong>: Ro\u010dno upravljanje omogo\u010da natan\u010den nadzor nad postopkom polnjenja.<\/li>\n<li><strong>Cenovna dostopnost<\/strong>: Na splo\u0161no so cenovno ugodnej\u0161i od elektri\u010dnih modelov.<\/li>\n<li><strong>Kompaktna zasnova<\/strong>: V primerjavi z vodoravnimi polnilci zavzame manj prostora na pultu.<\/li>\n<li><strong>Zanesljivost<\/strong>: Manj mehanskih delov pomeni manj mo\u017enosti za okvare<\/li>\n<\/ul>","protected":false},"excerpt":{"rendered":"<h4><strong><span class=\"Y2IQFc\" lang=\"en\">Osnovni parametri<\/span><\/strong><\/h4>\n<p>Vrsta\uff1avertikalni m<span class=\"Y2IQFc\" lang=\"en\">priro\u010dnik s<\/span>ausage stuffer<\/p>\n<p>Dia.xl (mm) cilindra: 140 * 320<\/p>\n<p>Velikost\uff1a300*340*690\uff08mm\uff09<\/p>\n<p>Neto te\u017ea \uff1a10,5 kg<\/p>\n<p id=\"tw-target-text\" class=\"tw-data-text tw-text-large tw-ta\" dir=\"ltr\" data-placeholder=\"Translation\" aria-label=\"Prevedeno besedilo\" data-ved=\"2ahUKEwikr8X52saHAxV4mq8BHbZ8AHMQ3ewLegQIEhAU\"><span class=\"Y2IQFc\" lang=\"en\">Prostornina \uff1a5 L<\/span><\/p>","protected":false},"featured_media":1554,"template":"","meta":[],"product_brand":[],"product_cat":[47],"product_tag":[],"class_list":{"0":"post-1562","1":"product","2":"type-product","3":"status-publish","4":"has-post-thumbnail","6":"product_cat-vertical-manual-sausage-stuffer","8":"first","9":"instock","10":"shipping-taxable","11":"product-type-simple"},"_links":{"self":[{"href":"https:\/\/sausage-stuffer.com\/sl\/wp-json\/wp\/v2\/product\/1562","targetHints":{"allow":["GET"]}}],"collection":[{"href":"https:\/\/sausage-stuffer.com\/sl\/wp-json\/wp\/v2\/product"}],"about":[{"href":"https:\/\/sausage-stuffer.com\/sl\/wp-json\/wp\/v2\/types\/product"}],"wp:featuredmedia":[{"embeddable":true,"href":"https:\/\/sausage-stuffer.com\/sl\/wp-json\/wp\/v2\/media\/1554"}],"wp:attachment":[{"href":"https:\/\/sausage-stuffer.com\/sl\/wp-json\/wp\/v2\/media?parent=1562"}],"wp:term":[{"taxonomy":"product_brand","embeddable":true,"href":"https:\/\/sausage-stuffer.com\/sl\/wp-json\/wp\/v2\/product_brand?post=1562"},{"taxonomy":"product_cat","embeddable":true,"href":"https:\/\/sausage-stuffer.com\/sl\/wp-json\/wp\/v2\/product_cat?post=1562"},{"taxonomy":"product_tag","embeddable":true,"href":"https:\/\/sausage-stuffer.com\/sl\/wp-json\/wp\/v2\/product_tag?post=1562"}],"curies":[{"name":"wp","href":"https:\/\/api.w.org\/{rel}","templated":true}]}}