{"id":1717,"date":"2024-07-28T14:39:28","date_gmt":"2024-07-28T14:39:28","guid":{"rendered":"https:\/\/sausage-stuffer.com\/?post_type=product&#038;p=1717"},"modified":"2024-08-03T07:20:46","modified_gmt":"2024-08-03T07:20:46","slug":"commercial-bone-cutting-machine-jg210b","status":"publish","type":"product","link":"https:\/\/sausage-stuffer.com\/sk\/manufacturer\/commercial-bone-cutting-machine-jg210b\/","title":{"rendered":"Komer\u010dn\u00fd stroj na rezanie kost\u00ed JG210B"},"content":{"rendered":"<p>Komer\u010dn\u00fd stroj na rezanie kost\u00ed je \u0161pecializovan\u00e9 zariadenie ur\u010den\u00e9 na n\u00e1ro\u010dn\u00e9 \u00falohy spracovania m\u00e4sa, najm\u00e4 na rezanie kost\u00ed, mrazen\u00e9ho m\u00e4sa a in\u00fdch tvrd\u00fdch materi\u00e1lov v komer\u010dn\u00fdch kuchyniach, m\u00e4siarstvach a m\u00e4sokombin\u00e1toch. Tu s\u00fa uveden\u00e9 niektor\u00e9 k\u013e\u00fa\u010dov\u00e9 vlastnosti a aspekty tak\u00fdchto strojov:<\/p>\n<h3><strong>Funkcie<\/strong><\/h3>\n<h4><strong>1.Powerful Motor :<\/strong><\/h4>\n<ul>\n<li>\n<h4><span style=\"color: #333333; font-size: 14.4px;\">Vysoko v\u00fdkonn\u00e9 motory na zabezpe\u010denie hladk\u00e9ho a efekt\u00edvneho rezania tvrd\u00fdch materi\u00e1lov.<\/span><\/h4>\n<\/li>\n<\/ul>\n<h4><strong>2.Durable Construction:<\/strong><\/h4>\n<ul>\n<li>S\u00fa vyroben\u00e9 z robustn\u00fdch materi\u00e1lov, ako je nehrdzavej\u00faca oce\u013e, aby vydr\u017eali n\u00e1ro\u010dn\u00e9 pou\u017e\u00edvanie a zabezpe\u010dili dlh\u00fa \u017eivotnos\u0165.<\/li>\n<li>Odolnos\u0165 vo\u010di kor\u00f3zii je d\u00f4le\u017eit\u00e1 z h\u013eadiska hygieny a trvanlivosti.<\/li>\n<\/ul>\n<h4><strong>3.Bezpe\u010dnostn\u00e9 prvky:<\/strong><\/h4>\n<ul>\n<li>Je vybaven\u00fd bezpe\u010dnostn\u00fdmi krytmi, tla\u010didlami n\u00fadzov\u00e9ho zastavenia a proti\u0161mykov\u00fdmi z\u00e1klad\u0148ami, ktor\u00e9 zais\u0165uj\u00fa bezpe\u010dnos\u0165 pou\u017e\u00edvate\u013ea.<\/li>\n<li>Niektor\u00e9 modely s\u00fa vybaven\u00e9 funkciou automatick\u00e9ho vypnutia no\u017eov, ak sa stroj otvor\u00ed po\u010das prev\u00e1dzky.<\/li>\n<\/ul>\n<h4><strong>4.Adjustable Blade:<\/strong><\/h4>\n<ul>\n<li>Nastavenie \u010depele je mo\u017en\u00e9 prisp\u00f4sobi\u0165 r\u00f4znym hr\u00fabkam a typom rezov.<\/li>\n<li>\u013dahko vymenite\u013en\u00e9 no\u017ee pre r\u00f4zne potreby rezania a \u00fadr\u017eby.<\/li>\n<\/ul>\n<h4><strong>5.Hygienick\u00fd dizajn:<\/strong><\/h4>\n<ul>\n<li>Navrhnut\u00e9 na jednoduch\u00e9 \u010distenie na udr\u017eanie vysok\u00fdch hygienick\u00fdch \u0161tandardov.<\/li>\n<li>Odn\u00edmate\u013en\u00e9 \u010dasti, ktor\u00e9 mo\u017eno um\u00fdva\u0165 v um\u00fdva\u010dke riadu alebo \u013eahko dezinfikova\u0165.<\/li>\n<\/ul>\n<h4><strong>6.Precision Cutting:<\/strong><\/h4>\n<ul>\n<li>Pon\u00faka presn\u00e9 a konzistentn\u00e9 rezy na zabezpe\u010denie rovnomernosti porci\u00ed m\u00e4sa.<\/li>\n<li>Niektor\u00e9 stroje sa dod\u00e1vaj\u00fa s merac\u00edmi vod\u00edtkami na presn\u00e9 rezy.<\/li>\n<\/ul>\n<h3><strong>\u00davahy<\/strong><\/h3>\n<p><strong>1.Kapacita:<\/strong><\/p>\n<ul>\n<li>Stroj by mal zodpoveda\u0165 objemu spracovania, ktor\u00fd je potrebn\u00fd pre va\u0161u firmu.<\/li>\n<li>Zv\u00e1\u017ete ve\u013ekos\u0165 rezacieho stola a maxim\u00e1lnu hr\u00fabku, ktor\u00fa zvl\u00e1dne.<\/li>\n<\/ul>\n<p><strong>2.Jednoduchos\u0165 pou\u017e\u00edvania:<\/strong><\/p>\n<ul>\n<li>Pre efekt\u00edvnu prev\u00e1dzku s\u00fa rozhoduj\u00face u\u017e\u00edvate\u013esky pr\u00edvetiv\u00e9 ovl\u00e1dacie prvky a zrozumite\u013en\u00e9 pokyny.<\/li>\n<li>Mali by sa zv\u00e1\u017ei\u0165 aj po\u017eiadavky na odborn\u00fa pr\u00edpravu zamestnancov.<\/li>\n<\/ul>\n<p><strong>3.\u00dadr\u017eba:<\/strong><\/p>\n<ul>\n<li>H\u013eadajte stroje s \u013eahko dostupn\u00fdmi dielmi na \u00fadr\u017ebu a opravy.<\/li>\n<li>Dostupnos\u0165 n\u00e1hradn\u00fdch dielov a podpory od v\u00fdrobcu.<\/li>\n<\/ul>\n<p><strong>4.Energetick\u00e1 \u00fa\u010dinnos\u0165:<\/strong><\/p>\n<ul>\n<li>Stroje s energeticky \u00fasporn\u00fdmi funkciami m\u00f4\u017eu \u010dasom zn\u00ed\u017ei\u0165 prev\u00e1dzkov\u00e9 n\u00e1klady.<\/li>\n<\/ul>\n<p><strong>5.N\u00e1klady:<\/strong><\/p>\n<ul>\n<li>Vyv\u00e1\u017ete po\u010diato\u010dn\u00fa invest\u00edciu s o\u010dak\u00e1vanou \u017eivotnos\u0165ou a v\u00fdkonom stroja.<\/li>\n<li>Zv\u00e1\u017ete celkov\u00e9 n\u00e1klady na vlastn\u00edctvo vr\u00e1tane n\u00e1kladov na \u00fadr\u017ebu a prev\u00e1dzku.<\/li>\n<\/ul>\n<h3><strong>Komer\u010dn\u00e9 aplik\u00e1cie strojov na rezanie kost\u00ed<\/strong><\/h3>\n<p><strong>M\u00e4siarstva:<\/strong><\/p>\n<ul>\n<li>Na presn\u00e9 a r\u00fdchle rezanie ve\u013ek\u00fdch \u010dast\u00ed m\u00e4sa a kost\u00ed.<\/li>\n<\/ul>\n<p><strong>Z\u00e1vody na spracovanie m\u00e4sa:<\/strong><\/p>\n<ul>\n<li>D\u00f4le\u017eit\u00e9 pre ve\u013ekoobjemov\u00e9 spracovanie m\u00e4sov\u00fdch v\u00fdrobkov.<\/li>\n<\/ul>\n<p><strong>Komer\u010dn\u00e9 kuchyne:<\/strong><\/p>\n<ul>\n<li>U\u017eito\u010dn\u00e9 pre re\u0161taur\u00e1cie a stravovacie slu\u017eby, ktor\u00e9 spracov\u00e1vaj\u00fa ve\u013ek\u00e9 mno\u017estvo m\u00e4sa.<\/li>\n<\/ul>","protected":false},"excerpt":{"rendered":"<h4><strong><span class=\"Y2IQFc\" lang=\"en\">Komer\u010dn\u00fd stroj na rezanie kost\u00ed JG210B Technick\u00e9 parametre\uff1a<\/span><\/strong><\/h4>\n<ul>\n<li class=\"tw-data-text tw-text-large tw-ta\" dir=\"ltr\" data-placeholder=\"Translation\" aria-label=\"Prelo\u017een\u00fd text\" data-ved=\"2ahUKEwj2ucO6-8mHAxXmh68BHRM1GoEQ3ewLegQIEBAU\">Nap\u00e4tie \uff1a110 -220 v<\/li>\n<li class=\"tw-data-text tw-text-large tw-ta\" dir=\"ltr\" data-placeholder=\"Translation\" aria-label=\"Prelo\u017een\u00fd text\" data-ved=\"2ahUKEwj2ucO6-8mHAxXmh68BHRM1GoEQ3ewLegQIEBAU\"><span class=\"Y2IQFc\" lang=\"en\">Frekvencia \uff1a50\/60 Hz<\/span><\/li>\n<li dir=\"ltr\" data-placeholder=\"Translation\" aria-label=\"Prelo\u017een\u00fd text\" data-ved=\"2ahUKEwj2ucO6-8mHAxXmh68BHRM1GoEQ3ewLegQIEBAU\">V\u00fdkon motora :1500 w<\/li>\n<li dir=\"ltr\" data-placeholder=\"Translation\" aria-label=\"Prelo\u017een\u00fd text\" data-ved=\"2ahUKEwj2ucO6-8mHAxXmh68BHRM1GoEQ3ewLegQIEBAU\">D\u013a\u017eka \u010depele: 2400 mm<\/li>\n<li dir=\"ltr\" data-placeholder=\"Translation\" aria-label=\"Prelo\u017een\u00fd text\" data-ved=\"2ahUKEwj2ucO6-8mHAxXmh68BHRM1GoEQ3ewLegQIEBAU\">\u0160pecifik\u00e1cia stola :506*416 mm<\/li>\n<li dir=\"ltr\" data-placeholder=\"Translation\" aria-label=\"Prelo\u017een\u00fd text\" data-ved=\"2ahUKEwj2ucO6-8mHAxXmh68BHRM1GoEQ3ewLegQIEBAU\">Hr\u00fabka rezu: 5-155 mm<\/li>\n<li dir=\"ltr\" data-placeholder=\"Translation\" aria-label=\"Prelo\u017een\u00fd text\" data-ved=\"2ahUKEwj2ucO6-8mHAxXmh68BHRM1GoEQ3ewLegQIEBAU\">HMOTNOS\u0164\/OBJEMOV\u00c1 HMOTNOS\u0164 :61 KG\/51 KG<\/li>\n<li dir=\"ltr\" data-placeholder=\"Translation\" aria-label=\"Prelo\u017een\u00fd text\" data-ved=\"2ahUKEwj2ucO6-8mHAxXmh68BHRM1GoEQ3ewLegQIEBAU\">Ve\u013ekos\u0165 v\u00fdrobku: 52*56*97 cm<\/li>\n<li dir=\"ltr\" data-placeholder=\"Translation\" aria-label=\"Prelo\u017een\u00fd text\" data-ved=\"2ahUKEwj2ucO6-8mHAxXmh68BHRM1GoEQ3ewLegQIEBAU\">Ve\u013ekos\u0165 balenia: 62*66*107 cm<\/li>\n<\/ul>","protected":false},"featured_media":1862,"template":"","meta":[],"product_brand":[],"product_cat":[44],"product_tag":[],"class_list":{"0":"post-1717","1":"product","2":"type-product","3":"status-publish","4":"has-post-thumbnail","6":"product_cat-bone-cutting-machine","8":"first","9":"instock","10":"shipping-taxable","11":"product-type-simple"},"_links":{"self":[{"href":"https:\/\/sausage-stuffer.com\/sk\/wp-json\/wp\/v2\/product\/1717","targetHints":{"allow":["GET"]}}],"collection":[{"href":"https:\/\/sausage-stuffer.com\/sk\/wp-json\/wp\/v2\/product"}],"about":[{"href":"https:\/\/sausage-stuffer.com\/sk\/wp-json\/wp\/v2\/types\/product"}],"wp:featuredmedia":[{"embeddable":true,"href":"https:\/\/sausage-stuffer.com\/sk\/wp-json\/wp\/v2\/media\/1862"}],"wp:attachment":[{"href":"https:\/\/sausage-stuffer.com\/sk\/wp-json\/wp\/v2\/media?parent=1717"}],"wp:term":[{"taxonomy":"product_brand","embeddable":true,"href":"https:\/\/sausage-stuffer.com\/sk\/wp-json\/wp\/v2\/product_brand?post=1717"},{"taxonomy":"product_cat","embeddable":true,"href":"https:\/\/sausage-stuffer.com\/sk\/wp-json\/wp\/v2\/product_cat?post=1717"},{"taxonomy":"product_tag","embeddable":true,"href":"https:\/\/sausage-stuffer.com\/sk\/wp-json\/wp\/v2\/product_tag?post=1717"}],"curies":[{"name":"wp","href":"https:\/\/api.w.org\/{rel}","templated":true}]}}