{"id":1692,"date":"2024-07-26T10:26:16","date_gmt":"2024-07-26T10:26:16","guid":{"rendered":"https:\/\/sausage-stuffer.com\/?post_type=product&#038;p=1692"},"modified":"2024-07-28T15:09:30","modified_gmt":"2024-07-28T15:09:30","slug":"meat-bone-cutting-machine-jg210","status":"publish","type":"product","link":"https:\/\/sausage-stuffer.com\/sk\/manufacturer\/meat-bone-cutting-machine-jg210\/","title":{"rendered":"Stroj na rezanie kost\u00ed z m\u00e4sa JG210"},"content":{"rendered":"<h3><strong>Vlastnosti stroja na rezanie kost\u00ed<\/strong><\/h3>\n<p><strong>1.Dizajn<\/strong>:<\/p>\n<ul>\n<li>Zvy\u010dajne s\u00fa robustn\u00e9 a vyroben\u00e9 z odoln\u00fdch materi\u00e1lov, ako je nehrdzavej\u00faca oce\u013e, aby zvl\u00e1dli n\u00e1ro\u010dn\u00e9 \u00falohy.<\/li>\n<li>Dod\u00e1va sa v r\u00f4znych ve\u013ekostiach, ktor\u00e9 vyhovuj\u00fa r\u00f4znym potreb\u00e1m, od kompaktn\u00fdch modelov pre mal\u00e9 podniky a\u017e po ve\u013ek\u00e9 priemyseln\u00e9 stroje.<\/li>\n<\/ul>\n<p><strong>2.Blade<\/strong>:<\/p>\n<ul>\n<li>Vysokokvalitn\u00e9 ostr\u00e9 \u010depele schopn\u00e9 rozreza\u0165 kosti a mrazen\u00e9 m\u00e4so.<\/li>\n<li>\u010casto s\u00fa vyroben\u00e9 z nehrdzavej\u00facej ocele alebo in\u00fdch materi\u00e1lov odoln\u00fdch vo\u010di kor\u00f3zii.<\/li>\n<li>Niektor\u00e9 modely maj\u00fa nastavite\u013en\u00e9 \u010depele pre r\u00f4zne hr\u00fabky rezov.<\/li>\n<\/ul>\n<p><strong>3.Motor<\/strong>:<\/p>\n<ul>\n<li>Poh\u00e1\u0148a ho siln\u00fd motor, ktor\u00fd poskytuje potrebn\u00fd kr\u00fatiaci moment na rezanie tvrd\u00fdch materi\u00e1lov.<\/li>\n<li>V\u00fdkon motora sa l\u00ed\u0161i v z\u00e1vislosti od ve\u013ekosti stroja a zam\u00fd\u0161\u013ean\u00e9ho pou\u017eitia, pri\u010dom priemyseln\u00e9 modely maj\u00fa v\u00fdkonnej\u0161ie motory.<\/li>\n<\/ul>\n<p><strong>4.Bezpe\u010dnostn\u00e9 prvky<\/strong>:<\/p>\n<ul>\n<li>Je vybaven\u00fd bezpe\u010dnostn\u00fdmi krytmi a tla\u010didlami n\u00fadzov\u00e9ho zastavenia, aby sa zabr\u00e1nilo nehod\u00e1m.<\/li>\n<li>Niektor\u00e9 modely s\u00fa vybaven\u00e9 automatick\u00fdm vypnut\u00edm, ak sa n\u00f4\u017e zasekne alebo prehreje.<\/li>\n<\/ul>\n<p><strong>5.Prev\u00e1dzka<\/strong>:<\/p>\n<ul>\n<li>M\u00f4\u017ee by\u0165 manu\u00e1lny, poloautomatick\u00fd alebo plne automatick\u00fd.<\/li>\n<li>Manu\u00e1lne stroje si vy\u017eaduj\u00fa v\u00e4\u010d\u0161iu fyzick\u00fa n\u00e1mahu, zatia\u013e \u010do automatick\u00e9 stroje pon\u00fakaj\u00fa vy\u0161\u0161iu efektivitu a jednoduchos\u0165 pou\u017e\u00edvania.<\/li>\n<\/ul>\n<p><strong>6.\u010cistenie a \u00fadr\u017eba<\/strong>:<\/p>\n<ul>\n<li>Navrhnut\u00e9 na jednoduch\u00fa demont\u00e1\u017e, ktor\u00e1 u\u013eah\u010duje d\u00f4kladn\u00e9 \u010distenie.<\/li>\n<li>Niektor\u00e9 \u010dasti niektor\u00fdch modelov je mo\u017en\u00e9 um\u00fdva\u0165 v um\u00fdva\u010dke riadu.<\/li>\n<\/ul>\n<h3><strong>V\u00fdhody stroja na rezanie kost\u00ed<\/strong><\/h3>\n<p><strong>1.\u00da\u010dinnos\u0165<\/strong>:<\/p>\n<ul>\n<li>R\u00fdchlo a presne rozre\u017ee kosti a mrazen\u00e9 m\u00e4so, \u010d\u00edm \u0161etr\u00ed \u010das a n\u00e1mahu.<\/li>\n<li>Nevyhnutn\u00e9 pre ve\u013ekoobjemov\u00e9 prev\u00e1dzky na spracovanie m\u00e4sa.<\/li>\n<\/ul>\n<p><strong>2.Consistency<\/strong>:<\/p>\n<ul>\n<li>Zabezpe\u010duje rovnomern\u00e9 rezy, ktor\u00e9 s\u00fa rozhoduj\u00face pre prezent\u00e1ciu a konzistenciu pri varen\u00ed.<\/li>\n<\/ul>\n<p><strong>3.Bezpe\u010dnos\u0165<\/strong>:<\/p>\n<ul>\n<li>Navrhnut\u00e9 s viacer\u00fdmi bezpe\u010dnostn\u00fdmi prvkami na ochranu pou\u017e\u00edvate\u013ea pred zraneniami.<\/li>\n<li>Zni\u017euje riziko neh\u00f4d v porovnan\u00ed s pou\u017e\u00edvan\u00edm ru\u010dn\u00fdch p\u00edl alebo no\u017eov.<\/li>\n<\/ul>\n<p><strong>4.Versatility<\/strong>:<\/p>\n<ul>\n<li>Vhodn\u00e9 na r\u00f4zne druhy m\u00e4sa a kost\u00ed vr\u00e1tane hov\u00e4dzieho, brav\u010dov\u00e9ho, jah\u0148acieho a hydinov\u00e9ho.<\/li>\n<li>Niektor\u00e9 modely dok\u00e1\u017eu spracova\u0165 aj mrazen\u00e9 v\u00fdrobky a ryby.<\/li>\n<\/ul>","protected":false},"excerpt":{"rendered":"<h4><strong><span class=\"Y2IQFc\" lang=\"en\">Stroj na rezanie kost\u00ed JG210 Parametre procesu\uff1a<\/span><\/strong><\/h4>\n<ul>\n<li class=\"tw-data-text tw-text-large tw-ta\" dir=\"ltr\" data-placeholder=\"Translation\" aria-label=\"Prelo\u017een\u00fd text\" data-ved=\"2ahUKEwj2ucO6-8mHAxXmh68BHRM1GoEQ3ewLegQIEBAU\">Nap\u00e4tie \uff1a110 -220 v<\/li>\n<li class=\"tw-data-text tw-text-large tw-ta\" dir=\"ltr\" data-placeholder=\"Translation\" aria-label=\"Prelo\u017een\u00fd text\" data-ved=\"2ahUKEwj2ucO6-8mHAxXmh68BHRM1GoEQ3ewLegQIEBAU\"><span class=\"Y2IQFc\" lang=\"en\">Frekvencia \uff1a50\/60 Hz<\/span><\/li>\n<li dir=\"ltr\" data-placeholder=\"Translation\" aria-label=\"Prelo\u017een\u00fd text\" data-ved=\"2ahUKEwj2ucO6-8mHAxXmh68BHRM1GoEQ3ewLegQIEBAU\">V\u00fdkon motora :750 w<\/li>\n<li dir=\"ltr\" data-placeholder=\"Translation\" aria-label=\"Prelo\u017een\u00fd text\" data-ved=\"2ahUKEwj2ucO6-8mHAxXmh68BHRM1GoEQ3ewLegQIEBAU\">\u0160pecifik\u00e1cia stola: 400*510 mm<\/li>\n<li dir=\"ltr\" data-placeholder=\"Translation\" aria-label=\"Prelo\u017een\u00fd text\" data-ved=\"2ahUKEwj2ucO6-8mHAxXmh68BHRM1GoEQ3ewLegQIEBAU\">Hr\u00fabka rezu: 5-150 mm<\/li>\n<li dir=\"ltr\" data-placeholder=\"Translation\" aria-label=\"Prelo\u017een\u00fd text\" data-ved=\"2ahUKEwj2ucO6-8mHAxXmh68BHRM1GoEQ3ewLegQIEBAU\">V\u00fd\u0161ka rezu :245 mm<\/li>\n<li dir=\"ltr\" data-placeholder=\"Translation\" aria-label=\"Prelo\u017een\u00fd text\" data-ved=\"2ahUKEwj2ucO6-8mHAxXmh68BHRM1GoEQ3ewLegQIEBAU\">HMOTNOS\u0164\/OBJEMOV\u00c1 HMOTNOS\u0164 :46 KG\/36 KG<\/li>\n<li dir=\"ltr\" data-placeholder=\"Translation\" aria-label=\"Prelo\u017een\u00fd text\" data-ved=\"2ahUKEwj2ucO6-8mHAxXmh68BHRM1GoEQ3ewLegQIEBAU\">Ve\u013ekos\u0165 v\u00fdrobku: 51*51*86 cm<\/li>\n<li dir=\"ltr\" data-placeholder=\"Translation\" aria-label=\"Prelo\u017een\u00fd text\" data-ved=\"2ahUKEwj2ucO6-8mHAxXmh68BHRM1GoEQ3ewLegQIEBAU\">Ve\u013ekos\u0165 balenia: 61*61*96 cm<\/li>\n<\/ul>\n<p>&nbsp;<\/p>","protected":false},"featured_media":1716,"template":"","meta":[],"product_brand":[],"product_cat":[44],"product_tag":[],"class_list":{"0":"post-1692","1":"product","2":"type-product","3":"status-publish","4":"has-post-thumbnail","6":"product_cat-bone-cutting-machine","8":"first","9":"instock","10":"shipping-taxable","11":"product-type-simple"},"_links":{"self":[{"href":"https:\/\/sausage-stuffer.com\/sk\/wp-json\/wp\/v2\/product\/1692","targetHints":{"allow":["GET"]}}],"collection":[{"href":"https:\/\/sausage-stuffer.com\/sk\/wp-json\/wp\/v2\/product"}],"about":[{"href":"https:\/\/sausage-stuffer.com\/sk\/wp-json\/wp\/v2\/types\/product"}],"wp:featuredmedia":[{"embeddable":true,"href":"https:\/\/sausage-stuffer.com\/sk\/wp-json\/wp\/v2\/media\/1716"}],"wp:attachment":[{"href":"https:\/\/sausage-stuffer.com\/sk\/wp-json\/wp\/v2\/media?parent=1692"}],"wp:term":[{"taxonomy":"product_brand","embeddable":true,"href":"https:\/\/sausage-stuffer.com\/sk\/wp-json\/wp\/v2\/product_brand?post=1692"},{"taxonomy":"product_cat","embeddable":true,"href":"https:\/\/sausage-stuffer.com\/sk\/wp-json\/wp\/v2\/product_cat?post=1692"},{"taxonomy":"product_tag","embeddable":true,"href":"https:\/\/sausage-stuffer.com\/sk\/wp-json\/wp\/v2\/product_tag?post=1692"}],"curies":[{"name":"wp","href":"https:\/\/api.w.org\/{rel}","templated":true}]}}