{"id":1691,"date":"2024-07-26T10:25:10","date_gmt":"2024-07-26T10:25:10","guid":{"rendered":"https:\/\/sausage-stuffer.com\/?post_type=product&#038;p=1691"},"modified":"2024-08-06T12:03:54","modified_gmt":"2024-08-06T12:03:54","slug":"vegetable-cutter-slicer-qc205b","status":"publish","type":"product","link":"https:\/\/sausage-stuffer.com\/sk\/manufacturer\/vegetable-cutter-slicer-qc205b\/","title":{"rendered":"Kr\u00e1ja\u010d na zeleninu QC205B"},"content":{"rendered":"<h3><strong><b>Ako funguje kr\u00e1ja\u010d na zeleninu<\/b><\/strong><\/h3>\n<p>No\u017enice na pokr\u010denie maj\u00fa zvy\u010dajne \u010depe\u013e z nehrdzavej\u00facej ocele so zvlnen\u00fdm alebo vr\u00fabkovan\u00fdm vzorom. Zelenina sa pretl\u00e1\u010da cez \u010depe\u013e, \u010d\u00edm sa vytv\u00e1ra charakteristick\u00fd vlnit\u00fd rez. Niektor\u00e9 modely m\u00f4\u017eu by\u0165 vybaven\u00e9 rukov\u00e4\u0165ou alebo bezpe\u010dnostn\u00fdm krytom na jednoduch\u0161ie a bezpe\u010dnej\u0161ie ovl\u00e1danie.<\/p>\n<h3><strong><b>V\u00fdhody pou\u017e\u00edvania kr\u00e1ja\u010da na zeleninu<\/b><\/strong><\/h3>\n<ul>\n<li><strong>Zlep\u0161uje prezent\u00e1ciu:<\/strong>Zelenina nakr\u00e1jan\u00e1 na pl\u00e1tky dod\u00e1 \u0161al\u00e1tom, hranol\u010dekom a in\u00fdm jedl\u00e1m vizu\u00e1lnu zauj\u00edmavos\u0165.<\/li>\n<li><strong>Zlep\u0161uje text\u00faru:<\/strong>Zvlnen\u00e9 rezy m\u00f4\u017eu zlep\u0161i\u0165 \u0161trukt\u00faru a chu\u0165 niektor\u00fdch druhov zeleniny.<\/li>\n<li><strong>Jednoduch\u00e9 pou\u017e\u00edvanie:<\/strong>V\u00e4\u010d\u0161ina kr\u00e1ja\u010dov na mrveni\u010dky sa jednoducho ovl\u00e1da, tak\u017ee s\u00fa vhodn\u00e9 pre za\u010d\u00ednaj\u00facich aj sk\u00fasen\u00fdch kuch\u00e1rov.<\/li>\n<li><strong>V\u0161estrannos\u0165:<\/strong>M\u00f4\u017ee sa pou\u017e\u00edva\u0165 na r\u00f4zne druhy zeleniny a ovocia.<\/li>\n<\/ul>\n<h3><strong><b>V\u00fdber spr\u00e1vneho kr\u00e1ja\u010da na zeleninu<\/b><\/strong><\/h3>\n<p>Pri v\u00fdbere reza\u010dky na vlnky zv\u00e1\u017ete nasleduj\u00face faktory:<\/p>\n<ul>\n<li><strong>Vzor \u010depele:<\/strong>R\u00f4zne vzory vytv\u00e1raj\u00fa r\u00f4zne efekty.<\/li>\n<li><strong>Ve\u013ekos\u0165 a tvar:<\/strong>Vyberte si n\u00f4\u017e, ktor\u00fd v\u00e1m pohodlne padne do ruky.<\/li>\n<li><strong>Materi\u00e1l:<\/strong>Nerezov\u00e1 oce\u013e sa uprednost\u0148uje kv\u00f4li trvanlivosti a hygiene.<\/li>\n<li><strong>Bezpe\u010dnostn\u00e9 prvky:<\/strong>H\u013eadajte proti\u0161mykov\u00e9 rukov\u00e4te a kryty no\u017eov.<\/li>\n<\/ul>\n<p>Ak do svojho kuchynsk\u00e9ho arzen\u00e1lu zarad\u00edte kr\u00e1ja\u010d na zeleninu, m\u00f4\u017eete svoje kulin\u00e1rske v\u00fdtvory vylep\u0161i\u0165 a ohromi\u0165 host\u00ed svoj\u00edm kreat\u00edvnym talentom.<\/p>","protected":false},"excerpt":{"rendered":"<h4><strong>Kr\u00e1ja\u010d na zeleninu QC205B Parameter :<\/strong><\/h4>\n<p>Priemer misky na no\u017ee ;\u2205205 mm<\/p>\n<p id=\"tw-target-text\" class=\"tw-data-text tw-text-large tw-ta\" dir=\"ltr\" data-placeholder=\"Translation\" aria-label=\"Prelo\u017een\u00fd text\" data-ved=\"2ahUKEwi8jdCVo9GHAxWHcPUHHXifC8wQ3ewLegQICRAU\"><span class=\"Y2IQFc\" lang=\"en\">Po\u010det no\u017eov \uff1a5<\/span><\/p>\n<p>V\u00fdkon :1000 W<\/p>\n<p>Nap\u00e4tie :220V50Hz-110V60Hz<\/p>\n<p>Ve\u013ekos\u0165 v\u00fdrobku: 580*385*550 (mm)<\/p>\n<p>Ve\u013ekos\u0165 balenia: 675*345*540 (mm)<\/p>\n<p>G.W\/N.W :32(KG)\/27(KG)<\/p>","protected":false},"featured_media":1655,"template":"","meta":[],"product_brand":[],"product_cat":[43],"product_tag":[],"class_list":{"0":"post-1691","1":"product","2":"type-product","3":"status-publish","4":"has-post-thumbnail","6":"product_cat-vegetable-cutter","8":"first","9":"instock","10":"shipping-taxable","11":"product-type-simple"},"_links":{"self":[{"href":"https:\/\/sausage-stuffer.com\/sk\/wp-json\/wp\/v2\/product\/1691","targetHints":{"allow":["GET"]}}],"collection":[{"href":"https:\/\/sausage-stuffer.com\/sk\/wp-json\/wp\/v2\/product"}],"about":[{"href":"https:\/\/sausage-stuffer.com\/sk\/wp-json\/wp\/v2\/types\/product"}],"wp:featuredmedia":[{"embeddable":true,"href":"https:\/\/sausage-stuffer.com\/sk\/wp-json\/wp\/v2\/media\/1655"}],"wp:attachment":[{"href":"https:\/\/sausage-stuffer.com\/sk\/wp-json\/wp\/v2\/media?parent=1691"}],"wp:term":[{"taxonomy":"product_brand","embeddable":true,"href":"https:\/\/sausage-stuffer.com\/sk\/wp-json\/wp\/v2\/product_brand?post=1691"},{"taxonomy":"product_cat","embeddable":true,"href":"https:\/\/sausage-stuffer.com\/sk\/wp-json\/wp\/v2\/product_cat?post=1691"},{"taxonomy":"product_tag","embeddable":true,"href":"https:\/\/sausage-stuffer.com\/sk\/wp-json\/wp\/v2\/product_tag?post=1691"}],"curies":[{"name":"wp","href":"https:\/\/api.w.org\/{rel}","templated":true}]}}