{"id":1678,"date":"2024-07-26T10:09:04","date_gmt":"2024-07-26T10:09:04","guid":{"rendered":"https:\/\/sausage-stuffer.com\/?post_type=product&#038;p=1678"},"modified":"2024-07-29T14:41:49","modified_gmt":"2024-07-29T14:41:49","slug":"meat-slicer-200b","status":"publish","type":"product","link":"https:\/\/sausage-stuffer.com\/sk\/manufacturer\/meat-slicer-200b\/","title":{"rendered":"Kr\u00e1ja\u010d m\u00e4sa 200B"},"content":{"rendered":"<h2 class=\"\" data-sourcepos=\"1:1-1:49\">N\u00e1\u0161 elektrick\u00fd poloautomatick\u00fd kr\u00e1ja\u010d m\u00e4sa<\/h2>\n<p data-sourcepos=\"3:1-3:74\">Zv\u00fd\u0161te svoju produktivitu a presnos\u0165 pomocou n\u00e1\u0161ho elektrick\u00e9ho kr\u00e1ja\u010da m\u00e4sa priemyselnej triedy. Tento stroj je ur\u010den\u00fd pre n\u00e1ro\u010dn\u00e9 komer\u010dn\u00e9 kuchyne a poskytuje v\u00fdnimo\u010dn\u00fd v\u00fdkon a odolnos\u0165.<\/p>\n<p data-sourcepos=\"5:1-5:17\"><strong>K\u013e\u00fa\u010dov\u00e9 vlastnosti:<\/strong><\/p>\n<ul data-sourcepos=\"7:1-7:32\">\n<li data-sourcepos=\"7:1-7:32\"><strong>Vysoko\u00fa\u010dinn\u00fd motor:<\/strong> Pr\u00edkon 210 W na r\u00fdchle a konzistentn\u00e9 kr\u00e1janie.<\/li>\n<li data-sourcepos=\"8:1-8:79\"><strong>Nastavite\u013en\u00e1 hr\u00fabka pl\u00e1tku:<\/strong> Pomocou presn\u00e9ho nastavovacieho gomb\u00edka si \u013eahko prisp\u00f4sob\u00edte hr\u00fabku pl\u00e1tku od 0 do 13 mm.<\/li>\n<li data-sourcepos=\"9:1-9:108\"><strong>Odoln\u00e1 kon\u0161trukcia:<\/strong> Telo z liateho hlin\u00edka a 10-palcov\u00e1 \u010depe\u013e z chr\u00f3movanej ocele na dlhodob\u00e9 pou\u017e\u00edvanie.<\/li>\n<li data-sourcepos=\"10:1-10:1\"><strong>Bezpe\u010dnos\u0165 na prvom mieste:<\/strong> Prieh\u013eadn\u00fd bezpe\u010dnostn\u00fd kryt, proti\u0161mykov\u00e1 z\u00e1klad\u0148a a vodotesn\u00fd vyp\u00edna\u010d na bezpe\u010dn\u00fa prev\u00e1dzku.<\/li>\n<li data-sourcepos=\"11:1-12:0\"><strong>V\u0161estrann\u00e9 kr\u00e1janie:<\/strong> Sprac\u00fava r\u00f4zne potraviny vr\u00e1tane m\u00e4sa, syra, chleba a zeleniny.<\/li>\n<\/ul>","protected":false},"excerpt":{"rendered":"<h3><strong>Parametre poloautomatick\u00e9ho kr\u00e1ja\u010da m\u00e4sa 8\"<\/strong><\/h3>\n<p>Funkcia \uff1a Poloautomatick\u00e1<\/p>\n<p>Odrezanie itiner\u00e1ra: 140 mm<\/p>\n<p>Nastavenie hr\u00fabky: 0 ~ 13 mm<\/p>\n<p>Priemer \u010depele: \u2205220 mm<\/p>\n<p>V\u00fdkon : 210 W<\/p>\n<p>Nap\u00e4tie: 220V 50Hz<\/p>\n<p>Ve\u013ekos\u0165 v\u00fdrobku: 410*400*350 (mm)<\/p>\n<p>Ve\u013ekos\u0165 balenia: 465*355*425 (mm)<\/p>\n<p>G.W\/N.W :16,5\/14,5(KG)<\/p>","protected":false},"featured_media":1630,"template":"","meta":[],"product_brand":[],"product_cat":[42],"product_tag":[],"class_list":{"0":"post-1678","1":"product","2":"type-product","3":"status-publish","4":"has-post-thumbnail","6":"product_cat-meat-slicer","8":"first","9":"instock","10":"shipping-taxable","11":"product-type-simple"},"_links":{"self":[{"href":"https:\/\/sausage-stuffer.com\/sk\/wp-json\/wp\/v2\/product\/1678","targetHints":{"allow":["GET"]}}],"collection":[{"href":"https:\/\/sausage-stuffer.com\/sk\/wp-json\/wp\/v2\/product"}],"about":[{"href":"https:\/\/sausage-stuffer.com\/sk\/wp-json\/wp\/v2\/types\/product"}],"wp:featuredmedia":[{"embeddable":true,"href":"https:\/\/sausage-stuffer.com\/sk\/wp-json\/wp\/v2\/media\/1630"}],"wp:attachment":[{"href":"https:\/\/sausage-stuffer.com\/sk\/wp-json\/wp\/v2\/media?parent=1678"}],"wp:term":[{"taxonomy":"product_brand","embeddable":true,"href":"https:\/\/sausage-stuffer.com\/sk\/wp-json\/wp\/v2\/product_brand?post=1678"},{"taxonomy":"product_cat","embeddable":true,"href":"https:\/\/sausage-stuffer.com\/sk\/wp-json\/wp\/v2\/product_cat?post=1678"},{"taxonomy":"product_tag","embeddable":true,"href":"https:\/\/sausage-stuffer.com\/sk\/wp-json\/wp\/v2\/product_tag?post=1678"}],"curies":[{"name":"wp","href":"https:\/\/api.w.org\/{rel}","templated":true}]}}