{"id":1609,"date":"2024-07-23T14:34:08","date_gmt":"2024-07-23T14:34:08","guid":{"rendered":"https:\/\/sausage-stuffer.com\/?post_type=product&#038;p=1609"},"modified":"2024-08-15T06:09:40","modified_gmt":"2024-08-15T06:09:40","slug":"sausage-maker-stuffer-sh5","status":"publish","type":"product","link":"https:\/\/sausage-stuffer.com\/sk\/manufacturer\/sausage-maker-stuffer-sh5\/","title":{"rendered":"Napichova\u010d klob\u00e1s SH-5"},"content":{"rendered":"<h2><strong>V\u00fdhody zariadenia na v\u00fdrobu klob\u00e1s<\/strong><\/h2>\n<ol>\n<li><strong>Kontrola<\/strong>: Umo\u017e\u0148uje presn\u00fa kontrolu procesu plnenia, \u010do m\u00f4\u017ee vies\u0165 k vy\u0161\u0161ej kvalite hotov\u00e9ho v\u00fdrobku.<\/li>\n<li><strong>Trvanlivos\u0165<\/strong>: V porovnan\u00ed s vertik\u00e1lnymi modelmi s\u00fa zvy\u010dajne robustnej\u0161ie a odolnej\u0161ie.<\/li>\n<li><strong>Jednoduchos\u0165 pou\u017e\u00edvania<\/strong>: \u010casto sa \u013eah\u0161ie pou\u017e\u00edva pre za\u010diato\u010dn\u00edkov v\u010faka horizont\u00e1lnej kon\u0161trukcii, ktor\u00e1 poskytuje lep\u0161\u00ed p\u00e1kov\u00fd efekt.<\/li>\n<\/ol>\n<p>&nbsp;<\/p>\n<h2><strong>Nev\u00fdhody zariadenia na v\u00fdrobu klob\u00e1s<\/strong><\/h2>\n<ol>\n<li><strong>Ve\u013ekos\u0165<\/strong>: V porovnan\u00ed s vertik\u00e1lnymi plni\u010dkami m\u00f4\u017ee zabera\u0165 viac miesta.<\/li>\n<li><strong>Hmotnos\u0165<\/strong>: M\u00f4\u017ee by\u0165 \u0165a\u017ek\u00fd a \u0165a\u017ekop\u00e1dny pri pren\u00e1\u0161an\u00ed alebo skladovan\u00ed.<\/li>\n<\/ol>\n<p>&nbsp;<\/p>\n<h2><strong>Be\u017en\u00e9 pou\u017eitie<\/strong><\/h2>\n<ul>\n<li>V\u00fdroba r\u00f4znych druhov klob\u00e1s, ako s\u00fa klob\u00e1sy, klob\u00e1sy chorizo, talianske klob\u00e1sy a ra\u0148ajkov\u00e9 klob\u00e1sy.<\/li>\n<li>Vhodn\u00e9 na dom\u00e1ce pou\u017eitie aj na mal\u00e9 komer\u010dn\u00e9 vyu\u017eitie.<\/li>\n<\/ul>\n<p>&nbsp;<\/p>\n<h2><strong>\u00dadr\u017eba zariadenia na v\u00fdrobu klob\u00e1s<\/strong><\/h2>\n<ol>\n<li><strong>\u010cistenie<\/strong>: Po ka\u017edom pou\u017eit\u00ed pr\u00edstroj rozoberte a d\u00f4kladne vy\u010distite, aby ste zabr\u00e1nili hromadeniu zvy\u0161kov m\u00e4sa a zaistili bezpe\u010dnos\u0165 potrav\u00edn.<\/li>\n<li><strong>Mazanie<\/strong>: Pr\u00edle\u017eitostne nama\u017ete pohybliv\u00e9 \u010dasti, aby ste zabezpe\u010dili ich bezprobl\u00e9mov\u00fa prev\u00e1dzku.<\/li>\n<\/ol>","protected":false},"excerpt":{"rendered":"<h4><strong><span class=\"Y2IQFc\" lang=\"en\">Z\u00e1kladn\u00e9 parametre<\/span><\/strong><\/h4>\n<p>Typ\uff1ahorizont\u00e1lne m<span class=\"Y2IQFc\" lang=\"en\">anu\u00e1l s<\/span>ausage stuffer<\/p>\n<p>Priemer valca xl (mm)\uff1a\uffe0140*320<\/p>\n<p>Ve\u013ekos\u0165\uff1a288*360*690\uff08mm\uff09<\/p>\n<p>\u010cist\u00e1 hmotnos\u0165 \uff1a10 KG<\/p>\n<p id=\"tw-target-text\" class=\"tw-data-text tw-text-large tw-ta\" dir=\"ltr\" data-placeholder=\"Translation\" aria-label=\"Prelo\u017een\u00fd text\" data-ved=\"2ahUKEwikr8X52saHAxV4mq8BHbZ8AHMQ3ewLegQIEhAU\"><span class=\"Y2IQFc\" lang=\"en\">Objem \uff1a5L<\/span><\/p>","protected":false},"featured_media":1795,"template":"","meta":[],"product_brand":[],"product_cat":[48],"product_tag":[],"class_list":{"0":"post-1609","1":"product","2":"type-product","3":"status-publish","4":"has-post-thumbnail","6":"product_cat-horizontal-manual-sausage-stuffer","8":"first","9":"instock","10":"shipping-taxable","11":"product-type-simple"},"_links":{"self":[{"href":"https:\/\/sausage-stuffer.com\/sk\/wp-json\/wp\/v2\/product\/1609","targetHints":{"allow":["GET"]}}],"collection":[{"href":"https:\/\/sausage-stuffer.com\/sk\/wp-json\/wp\/v2\/product"}],"about":[{"href":"https:\/\/sausage-stuffer.com\/sk\/wp-json\/wp\/v2\/types\/product"}],"wp:featuredmedia":[{"embeddable":true,"href":"https:\/\/sausage-stuffer.com\/sk\/wp-json\/wp\/v2\/media\/1795"}],"wp:attachment":[{"href":"https:\/\/sausage-stuffer.com\/sk\/wp-json\/wp\/v2\/media?parent=1609"}],"wp:term":[{"taxonomy":"product_brand","embeddable":true,"href":"https:\/\/sausage-stuffer.com\/sk\/wp-json\/wp\/v2\/product_brand?post=1609"},{"taxonomy":"product_cat","embeddable":true,"href":"https:\/\/sausage-stuffer.com\/sk\/wp-json\/wp\/v2\/product_cat?post=1609"},{"taxonomy":"product_tag","embeddable":true,"href":"https:\/\/sausage-stuffer.com\/sk\/wp-json\/wp\/v2\/product_tag?post=1609"}],"curies":[{"name":"wp","href":"https:\/\/api.w.org\/{rel}","templated":true}]}}