{"id":1608,"date":"2024-07-23T14:33:33","date_gmt":"2024-07-23T14:33:33","guid":{"rendered":"https:\/\/sausage-stuffer.com\/?post_type=product&#038;p=1608"},"modified":"2024-08-15T06:06:06","modified_gmt":"2024-08-15T06:06:06","slug":"homemade-sausage-stuffer-sh7","status":"publish","type":"product","link":"https:\/\/sausage-stuffer.com\/sk\/manufacturer\/homemade-sausage-stuffer-sh7\/","title":{"rendered":"Dom\u00e1ce vypch\u00e1vanie klob\u00e1s SH-7"},"content":{"rendered":"<h3><span style=\"color: #000000;\"><strong>V\u00fdhody dom\u00e1cej klob\u00e1sy Stuffer<\/strong><\/span><\/h3>\n<p><span style=\"color: #000000;\"><strong>1.Precision Control<\/strong>:<\/span><\/p>\n<ul>\n<li><span style=\"color: #000000;\">Umo\u017e\u0148uje rovnomern\u00e9 plnenie, \u010d\u00edm sa zni\u017euje riziko vzniku vzduchov\u00fdch vreciek a zabezpe\u010duje rovnomern\u00e9 rozlo\u017eenie zmesi klob\u00e1s.<\/span><\/li>\n<\/ul>\n<p><span style=\"color: #000000;\"><strong>2.Durability<\/strong>:<\/span><\/p>\n<ul>\n<li><span style=\"color: #000000;\">Vysokokvalitn\u00e9 materi\u00e1ly, ako je nehrdzavej\u00faca oce\u013e, zaru\u010duj\u00fa dlhodob\u00fd v\u00fdkon a odolnos\u0165 vo\u010di kor\u00f3zii a hrdzi.<\/span><\/li>\n<\/ul>\n<p><span style=\"color: #000000;\"><strong>3.Versatility<\/strong>:<\/span><\/p>\n<ul>\n<li><span style=\"color: #000000;\">Vhodn\u00fd na \u0161irok\u00fa \u0161k\u00e1lu druhov klob\u00e1s vr\u00e1tane klob\u00e1sy bratwurst, choriza, talianskej klob\u00e1sy a \u010fal\u0161\u00edch.<\/span><\/li>\n<li><span style=\"color: #000000;\">M\u00f4\u017ee sa pou\u017ei\u0165 na m\u00e4sov\u00e9 aj vegetari\u00e1nske recepty na klob\u00e1sy.<\/span><\/li>\n<\/ul>\n<p><span style=\"color: #000000;\"><strong>4.Ease of Use<\/strong>:<\/span><\/p>\n<ul>\n<li><span style=\"color: #000000;\">V\u0161eobecne sa jednoducho zostavuje, pou\u017e\u00edva a \u010dist\u00ed, tak\u017ee je dostupn\u00fd pre za\u010diato\u010dn\u00edkov aj sk\u00fasen\u00fdch v\u00fdrobcov klob\u00e1s.<\/span><\/li>\n<\/ul>\n<p>&nbsp;<\/p>\n<h3><span style=\"color: #000000;\"><strong>\u00dadr\u017eba dom\u00e1cej klob\u00e1sy Stuffer<\/strong><\/span><\/h3>\n<p><span style=\"color: #000000;\"><strong>1.Pravideln\u00e9 \u010distenie<\/strong>:<\/span><\/p>\n<ul>\n<li><span style=\"color: #000000;\">Po ka\u017edom pou\u017eit\u00ed stroj rozmontujte a v\u0161etky \u010dasti vy\u010distite teplou mydlovou vodou.<\/span><\/li>\n<li><span style=\"color: #000000;\">Uistite sa, \u017ee s\u00fa odstr\u00e1nen\u00e9 v\u0161etky zvy\u0161ky m\u00e4sa, aby sa zabr\u00e1nilo rastu bakt\u00e9ri\u00ed.<\/span><\/li>\n<\/ul>\n<p><span style=\"color: #000000;\"><strong>2.Lubrication<\/strong>:<\/span><\/p>\n<ul>\n<li><span style=\"color: #000000;\">Pohybliv\u00e9 \u010dasti, ako je k\u013eu\u010dka a piest, ob\u010das nama\u017ete mazivom vhodn\u00fdm na pou\u017eitie v potravin\u00e1rstve, aby ste zaistili hladk\u00fd chod.<\/span><\/li>\n<\/ul>\n<p><span style=\"color: #000000;\"><strong>3.In\u0161pekcia<\/strong>:<\/span><\/p>\n<ul>\n<li><span style=\"color: #000000;\">Pravidelne kontrolujte, \u010di stroj nevykazuje zn\u00e1mky opotrebovania alebo po\u0161kodenia. Opotrebovan\u00e9 diely pod\u013ea potreby vyme\u0148te, aby sa zachoval ich v\u00fdkon.<\/span><\/li>\n<\/ul>","protected":false},"excerpt":{"rendered":"<h4><strong><span class=\"Y2IQFc\" lang=\"en\">Z\u00e1kladn\u00e9 parametre<\/span><\/strong><\/h4>\n<p>Typ\uff1ahorizont\u00e1lne m<span class=\"Y2IQFc\" lang=\"en\">anu\u00e1l s<\/span>ausage stuffer<\/p>\n<p>Priemer valca xl (mm)\uff1a\uffe0140*460<\/p>\n<p>Ve\u013ekos\u0165\uff1a350*360*830\uff08mm\uff09<\/p>\n<p>\u010cist\u00e1 hmotnos\u0165 \uff1a11 KG<\/p>\n<p id=\"tw-target-text\" class=\"tw-data-text tw-text-large tw-ta\" dir=\"ltr\" data-placeholder=\"Translation\" aria-label=\"Prelo\u017een\u00fd text\" data-ved=\"2ahUKEwikr8X52saHAxV4mq8BHbZ8AHMQ3ewLegQIEhAU\"><span class=\"Y2IQFc\" lang=\"en\">Objem \uff1a7L<\/span><\/p>","protected":false},"featured_media":1796,"template":"","meta":[],"product_brand":[],"product_cat":[48],"product_tag":[],"class_list":{"0":"post-1608","1":"product","2":"type-product","3":"status-publish","4":"has-post-thumbnail","6":"product_cat-horizontal-manual-sausage-stuffer","8":"first","9":"instock","10":"shipping-taxable","11":"product-type-simple"},"_links":{"self":[{"href":"https:\/\/sausage-stuffer.com\/sk\/wp-json\/wp\/v2\/product\/1608","targetHints":{"allow":["GET"]}}],"collection":[{"href":"https:\/\/sausage-stuffer.com\/sk\/wp-json\/wp\/v2\/product"}],"about":[{"href":"https:\/\/sausage-stuffer.com\/sk\/wp-json\/wp\/v2\/types\/product"}],"wp:featuredmedia":[{"embeddable":true,"href":"https:\/\/sausage-stuffer.com\/sk\/wp-json\/wp\/v2\/media\/1796"}],"wp:attachment":[{"href":"https:\/\/sausage-stuffer.com\/sk\/wp-json\/wp\/v2\/media?parent=1608"}],"wp:term":[{"taxonomy":"product_brand","embeddable":true,"href":"https:\/\/sausage-stuffer.com\/sk\/wp-json\/wp\/v2\/product_brand?post=1608"},{"taxonomy":"product_cat","embeddable":true,"href":"https:\/\/sausage-stuffer.com\/sk\/wp-json\/wp\/v2\/product_cat?post=1608"},{"taxonomy":"product_tag","embeddable":true,"href":"https:\/\/sausage-stuffer.com\/sk\/wp-json\/wp\/v2\/product_tag?post=1608"}],"curies":[{"name":"wp","href":"https:\/\/api.w.org\/{rel}","templated":true}]}}