{"id":1607,"date":"2024-07-23T14:32:43","date_gmt":"2024-07-23T14:32:43","guid":{"rendered":"https:\/\/sausage-stuffer.com\/?post_type=product&#038;p=1607"},"modified":"2024-08-15T06:11:04","modified_gmt":"2024-08-15T06:11:04","slug":"sausage-stuffer-maker-sh3","status":"publish","type":"product","link":"https:\/\/sausage-stuffer.com\/sk\/manufacturer\/sausage-stuffer-maker-sh3\/","title":{"rendered":"V\u00fdrobn\u00edk na plnenie klob\u00e1s SH-3"},"content":{"rendered":"<h2><strong>Dizajn a funk\u010dnos\u0165 zariadenia na v\u00fdrobu klob\u00e1s<\/strong><\/h2>\n<p>1.Horizont\u00e1lny dizajn: Tento typ plni\u010dky m\u00e1 valec, ktor\u00fd le\u017e\u00ed vodorovne, \u010do umo\u017e\u0148uje konzistentnej\u0161ie a rovnomernej\u0161ie plnenie \u010driev klob\u00e1s. Horizont\u00e1lna kon\u0161trukcia je \u010dasto stabilnej\u0161ia v porovnan\u00ed s vertik\u00e1lnymi plni\u010dkami.<\/p>\n<p>2.Manual Operation: Tieto plni\u010dky sa ovl\u00e1daj\u00fa ru\u010dnou k\u013eukou, ktor\u00e1 umo\u017e\u0148uje pou\u017e\u00edvate\u013eovi kontrolova\u0165 r\u00fdchlos\u0165 a tlak pri plnen\u00ed klob\u00e1s. V\u00fdsledkom tohto ru\u010dn\u00e9ho ovl\u00e1dania m\u00f4\u017ee by\u0165 lep\u0161ia konzistencia a menej vzduchov\u00fdch vreciek v klob\u00e1sach.<\/p>\n<p>3.Kapacita: V z\u00e1vislosti od potrieb pou\u017e\u00edvate\u013ea sa dod\u00e1vaj\u00fa horizont\u00e1lne ru\u010dn\u00e9 plni\u010dky klob\u00e1s s r\u00f4znou kapacitou, zvy\u010dajne v rozmedz\u00ed od 5 kg do 20 kg alebo viac.<\/p>\n<p>4.Materi\u00e1l: Vysokokvalitn\u00e9 horizont\u00e1lne plni\u010de s\u00fa zvy\u010dajne vyroben\u00e9 z nehrdzavej\u00facej ocele alebo in\u00fdch odoln\u00fdch materi\u00e1lov, ktor\u00e9 sa \u013eahko \u010distia a s\u00fa odoln\u00e9 vo\u010di kor\u00f3zii a hrdzi.<\/p>\n<p>5.S\u00fa\u010dasti:<\/p>\n<ul>\n<li><strong>Valec<\/strong>: Miesto, kam sa umiestni zmes klob\u00e1s.<\/li>\n<li><strong>Piest<\/strong>: Premiest\u0148uje zmes cez valec.<\/li>\n<li><strong>K\u013eu\u010dka<\/strong>: Ru\u010dne ovl\u00e1da piest.<\/li>\n<li><strong>D\u00fdzy\/prieduchy<\/strong>: R\u00f4zne ve\u013ekosti pre r\u00f4zne druhy klob\u00e1s.<\/li>\n<\/ul>","protected":false},"excerpt":{"rendered":"<h2><strong><span class=\"Y2IQFc\" lang=\"en\">Z\u00e1kladn\u00e9 parametre zariadenia na v\u00fdrobu klob\u00e1s<\/span><\/strong><\/h2>\n<p>Typ\uff1ahorizont\u00e1lne m<span class=\"Y2IQFc\" lang=\"en\">anu\u00e1l s<\/span>ausage stuffer<\/p>\n<p>Priemer valca xl (mm)\uff1a\uffe0140*200<\/p>\n<p>Ve\u013ekos\u0165\uff1a288*360*570\uff08mm\uff09<\/p>\n<p>\u010cist\u00e1 hmotnos\u0165 \uff1a9 KG<\/p>\n<p id=\"tw-target-text\" class=\"tw-data-text tw-text-large tw-ta\" dir=\"ltr\" data-placeholder=\"Translation\" aria-label=\"Prelo\u017een\u00fd text\" data-ved=\"2ahUKEwikr8X52saHAxV4mq8BHbZ8AHMQ3ewLegQIEhAU\"><span class=\"Y2IQFc\" lang=\"en\">Objem \uff1a3 L<\/span><\/p>","protected":false},"featured_media":1794,"template":"","meta":[],"product_brand":[],"product_cat":[48],"product_tag":[],"class_list":{"0":"post-1607","1":"product","2":"type-product","3":"status-publish","4":"has-post-thumbnail","6":"product_cat-horizontal-manual-sausage-stuffer","8":"first","9":"instock","10":"shipping-taxable","11":"product-type-simple"},"_links":{"self":[{"href":"https:\/\/sausage-stuffer.com\/sk\/wp-json\/wp\/v2\/product\/1607","targetHints":{"allow":["GET"]}}],"collection":[{"href":"https:\/\/sausage-stuffer.com\/sk\/wp-json\/wp\/v2\/product"}],"about":[{"href":"https:\/\/sausage-stuffer.com\/sk\/wp-json\/wp\/v2\/types\/product"}],"wp:featuredmedia":[{"embeddable":true,"href":"https:\/\/sausage-stuffer.com\/sk\/wp-json\/wp\/v2\/media\/1794"}],"wp:attachment":[{"href":"https:\/\/sausage-stuffer.com\/sk\/wp-json\/wp\/v2\/media?parent=1607"}],"wp:term":[{"taxonomy":"product_brand","embeddable":true,"href":"https:\/\/sausage-stuffer.com\/sk\/wp-json\/wp\/v2\/product_brand?post=1607"},{"taxonomy":"product_cat","embeddable":true,"href":"https:\/\/sausage-stuffer.com\/sk\/wp-json\/wp\/v2\/product_cat?post=1607"},{"taxonomy":"product_tag","embeddable":true,"href":"https:\/\/sausage-stuffer.com\/sk\/wp-json\/wp\/v2\/product_tag?post=1607"}],"curies":[{"name":"wp","href":"https:\/\/api.w.org\/{rel}","templated":true}]}}