{"id":1604,"date":"2024-07-23T14:23:23","date_gmt":"2024-07-23T14:23:23","guid":{"rendered":"https:\/\/sausage-stuffer.com\/?post_type=product&#038;p=1604"},"modified":"2024-08-15T05:50:55","modified_gmt":"2024-08-15T05:50:55","slug":"cast-iron-sausage-stuffer-sv10","status":"publish","type":"product","link":"https:\/\/sausage-stuffer.com\/sk\/manufacturer\/cast-iron-sausage-stuffer-sv10\/","title":{"rendered":"Liatinov\u00fd stu\u017eova\u010d klob\u00e1s SV10"},"content":{"rendered":"<h2><strong>Liatinov\u00fd stu\u017eova\u010d klob\u00e1s 10lb:<\/strong><\/h2>\n<ul>\n<li>Kon\u0161trukcia z nehrdzavej\u00facej ocele.<\/li>\n<li>Dvojr\u00fdchlostn\u00e1 kon\u0161trukcia na r\u00fdchle uvo\u013enenie a pomal\u00e9 plnenie.<\/li>\n<li>Dod\u00e1va sa so \u0161tyrmi tryskami z nehrdzavej\u00facej ocele.<\/li>\n<\/ul>\n<p>&nbsp;<\/p>\n<h2><strong>Tipy na pou\u017e\u00edvanie liatinov\u00e9ho stu\u017eova\u010da klob\u00e1s:<\/strong><\/h2>\n<ol>\n<li><strong>Chladenie m\u00e4sa<\/strong>: M\u00e4sov\u00fa zmes udr\u017eiavajte v chlade, aby sa \u013eahko plnila a zachovala si dobr\u00fa \u0161trukt\u00faru.<\/li>\n<li><strong>Nam\u00e1\u010danie \u010driev<\/strong>: Pred pou\u017eit\u00edm namo\u010dte pr\u00edrodn\u00e9 \u010drev\u00e1 do teplej vody, aby boli poddajnej\u0161ie a \u013eah\u0161ie sa s nimi manipulovalo.<\/li>\n<li><strong>D\u00f4sledn\u00fd tlak<\/strong>: Ot\u00e1\u010dajte k\u013eukou rovnomern\u00fdm, st\u00e1lym tempom, aby ste zabr\u00e1nili vzniku vzduchov\u00fdch vreciek v klob\u00e1sach.<\/li>\n<li><strong>Nama\u017ete trysku<\/strong>: Trochu vody alebo potravin\u00e1rskeho oleja m\u00f4\u017ee pom\u00f4c\u0165 hlad\u0161iemu nasadeniu puzdra na trysku.<\/li>\n<li><strong>D\u00f4kladn\u00e9 \u010distenie<\/strong>: Po ka\u017edom pou\u017eit\u00ed rozoberte a vy\u010distite v\u0161etky \u010dasti, aby ste zachovali hygienu a pred\u013a\u017eili \u017eivotnos\u0165 stroja.<\/li>\n<\/ol>","protected":false},"excerpt":{"rendered":"<h4><strong>Z\u00e1kladn\u00e9 parametre<\/strong><\/h4>\n<p>Typ\uff1avertik\u00e1lna ru\u010dn\u00e1 plni\u010dka klob\u00e1s<\/p>\n<p>Priemer valca xl (mm): \uffe0219*70<\/p>\n<p>Ve\u013ekos\u0165\uff1a370*330*580\uff08mm\uff09<\/p>\n<p>\u010cist\u00e1 hmotnos\u0165 \uff1a12 Kg<\/p>\n<p>Objem \uff1a10L<\/p>","protected":false},"featured_media":1556,"template":"","meta":[],"product_brand":[],"product_cat":[47],"product_tag":[],"class_list":{"0":"post-1604","1":"product","2":"type-product","3":"status-publish","4":"has-post-thumbnail","6":"product_cat-vertical-manual-sausage-stuffer","8":"first","9":"instock","10":"shipping-taxable","11":"product-type-simple"},"_links":{"self":[{"href":"https:\/\/sausage-stuffer.com\/sk\/wp-json\/wp\/v2\/product\/1604","targetHints":{"allow":["GET"]}}],"collection":[{"href":"https:\/\/sausage-stuffer.com\/sk\/wp-json\/wp\/v2\/product"}],"about":[{"href":"https:\/\/sausage-stuffer.com\/sk\/wp-json\/wp\/v2\/types\/product"}],"wp:featuredmedia":[{"embeddable":true,"href":"https:\/\/sausage-stuffer.com\/sk\/wp-json\/wp\/v2\/media\/1556"}],"wp:attachment":[{"href":"https:\/\/sausage-stuffer.com\/sk\/wp-json\/wp\/v2\/media?parent=1604"}],"wp:term":[{"taxonomy":"product_brand","embeddable":true,"href":"https:\/\/sausage-stuffer.com\/sk\/wp-json\/wp\/v2\/product_brand?post=1604"},{"taxonomy":"product_cat","embeddable":true,"href":"https:\/\/sausage-stuffer.com\/sk\/wp-json\/wp\/v2\/product_cat?post=1604"},{"taxonomy":"product_tag","embeddable":true,"href":"https:\/\/sausage-stuffer.com\/sk\/wp-json\/wp\/v2\/product_tag?post=1604"}],"curies":[{"name":"wp","href":"https:\/\/api.w.org\/{rel}","templated":true}]}}