{"id":1603,"date":"2024-07-23T14:22:30","date_gmt":"2024-07-23T14:22:30","guid":{"rendered":"https:\/\/sausage-stuffer.com\/?post_type=product&#038;p=1603"},"modified":"2024-08-15T05:46:10","modified_gmt":"2024-08-15T05:46:10","slug":"sausage-stuffer-and-meat-grinder","status":"publish","type":"product","link":"https:\/\/sausage-stuffer.com\/sk\/manufacturer\/sausage-stuffer-and-meat-grinder\/","title":{"rendered":"Mlyn\u010dek na m\u00e4so a plni\u010d klob\u00e1s SV7"},"content":{"rendered":"<h2><strong>Mlyn\u010dek na m\u00e4so a plni\u010d klob\u00e1s<\/strong><strong>:<\/strong><\/h2>\n<ul>\n<li>Kon\u0161trukcia z nehrdzavej\u00facej ocele.<\/li>\n<li>Dvojr\u00fdchlostn\u00e1 kon\u0161trukcia na r\u00fdchle uvo\u013enenie a pomal\u00e9 plnenie.<\/li>\n<li>Dod\u00e1va sa so \u0161tyrmi tryskami z nehrdzavej\u00facej ocele.<\/li>\n<\/ul>\n<p>&nbsp;<\/p>\n<h2><span style=\"font-size: 100%;\"><strong><strong>Mlyn\u010dek na m\u00e4so a na plnenie klob\u00e1s K\u013e\u00fa\u010dov\u00e9 vlastnosti<\/strong><\/strong>:<\/span><\/h2>\n<div class=\"flex-shrink-0 flex flex-col relative items-end\">\n<div class=\"pt-0\">\n<ol>\n<li><strong>Vertik\u00e1lny valec<\/strong>: Vertik\u00e1lna kon\u0161trukcia umo\u017e\u0148uje, aby pri plnen\u00ed pom\u00e1hala gravit\u00e1cia, \u010do u\u013eah\u010duje manipul\u00e1ciu s m\u00e4sovou zmesou.<\/li>\n<li><strong>Manu\u00e1lna k\u013eu\u010dka<\/strong>: Ovl\u00e1da sa ru\u010dnou k\u013eukou, ktor\u00e1 umo\u017e\u0148uje pou\u017e\u00edvate\u013eovi kontrolova\u0165 r\u00fdchlos\u0165 plnenia.<\/li>\n<li><strong>Kon\u0161trukcia z nehrdzavej\u00facej ocele<\/strong>: Odoln\u00e9 a \u013eahko sa \u010distia, zabra\u0148uj\u00fa hrdzaveniu a udr\u017eiavaj\u00fa hygienu.<\/li>\n<li><strong>Viacero trysiek<\/strong>: Dod\u00e1va sa s r\u00f4znymi ve\u013ekos\u0165ami plniacich r\u00farok na pr\u00edpravu r\u00f4znych druhov klob\u00e1s.<\/li>\n<li><strong>Kapacita<\/strong>: K dispoz\u00edcii s\u00fa r\u00f4zne kapacity, zvy\u010dajne od 5 do 15 kg, vhodn\u00e9 pre r\u00f4zne ve\u013ekosti d\u00e1vok.<\/li>\n<li><strong>Odn\u00edmate\u013en\u00e9 \u010dasti<\/strong>: Jednoduch\u00e1 demont\u00e1\u017e na d\u00f4kladn\u00e9 \u010distenie<\/li>\n<\/ol>\n<\/div>\n<\/div>","protected":false},"excerpt":{"rendered":"<h4><strong><span class=\"Y2IQFc\" lang=\"en\">Z\u00e1kladn\u00e9 parametre<\/span><\/strong><\/h4>\n<p>Typ\uff1avertik\u00e1lny m<span class=\"Y2IQFc\" lang=\"en\">anu\u00e1l s<\/span>ausage stuffer<\/p>\n<p>Priemer valca xl (mm): \uffe0140*460<\/p>\n<p>Ve\u013ekos\u0165\uff1a300*340*830\uff08mm\uff09<\/p>\n<p>\u010cist\u00e1 hmotnos\u0165 \uff1a11,5 KG<\/p>\n<p id=\"tw-target-text\" class=\"tw-data-text tw-text-large tw-ta\" dir=\"ltr\" data-placeholder=\"Translation\" aria-label=\"Prelo\u017een\u00fd text\" data-ved=\"2ahUKEwikr8X52saHAxV4mq8BHbZ8AHMQ3ewLegQIEhAU\"><span class=\"Y2IQFc\" lang=\"en\">Objem \uff1a7L<\/span><\/p>","protected":false},"featured_media":1555,"template":"","meta":[],"product_brand":[],"product_cat":[47],"product_tag":[],"class_list":{"0":"post-1603","1":"product","2":"type-product","3":"status-publish","4":"has-post-thumbnail","6":"product_cat-vertical-manual-sausage-stuffer","8":"first","9":"instock","10":"shipping-taxable","11":"product-type-simple"},"_links":{"self":[{"href":"https:\/\/sausage-stuffer.com\/sk\/wp-json\/wp\/v2\/product\/1603","targetHints":{"allow":["GET"]}}],"collection":[{"href":"https:\/\/sausage-stuffer.com\/sk\/wp-json\/wp\/v2\/product"}],"about":[{"href":"https:\/\/sausage-stuffer.com\/sk\/wp-json\/wp\/v2\/types\/product"}],"wp:featuredmedia":[{"embeddable":true,"href":"https:\/\/sausage-stuffer.com\/sk\/wp-json\/wp\/v2\/media\/1555"}],"wp:attachment":[{"href":"https:\/\/sausage-stuffer.com\/sk\/wp-json\/wp\/v2\/media?parent=1603"}],"wp:term":[{"taxonomy":"product_brand","embeddable":true,"href":"https:\/\/sausage-stuffer.com\/sk\/wp-json\/wp\/v2\/product_brand?post=1603"},{"taxonomy":"product_cat","embeddable":true,"href":"https:\/\/sausage-stuffer.com\/sk\/wp-json\/wp\/v2\/product_cat?post=1603"},{"taxonomy":"product_tag","embeddable":true,"href":"https:\/\/sausage-stuffer.com\/sk\/wp-json\/wp\/v2\/product_tag?post=1603"}],"curies":[{"name":"wp","href":"https:\/\/api.w.org\/{rel}","templated":true}]}}