{"id":1562,"date":"2024-07-23T12:58:27","date_gmt":"2024-07-23T12:58:27","guid":{"rendered":"https:\/\/sausage-stuffer.com\/?post_type=product&#038;p=1562"},"modified":"2024-08-15T04:06:40","modified_gmt":"2024-08-15T04:06:40","slug":"5lb-sausage-stuffer-sv5","status":"publish","type":"product","link":"https:\/\/sausage-stuffer.com\/sk\/manufacturer\/5lb-sausage-stuffer-sv5\/","title":{"rendered":"5LB na plnenie klob\u00e1s SV5"},"content":{"rendered":"<h2><strong>5LB na plnenie klob\u00e1s:<\/strong><\/h2>\n<ul>\n<li>Kon\u0161trukcia z nehrdzavej\u00facej ocele.<\/li>\n<li>Dvojr\u00fdchlostn\u00e1 kon\u0161trukcia na r\u00fdchle uvo\u013enenie a pomal\u00e9 plnenie.<\/li>\n<li>Dod\u00e1va sa so \u0161tyrmi tryskami z nehrdzavej\u00facej ocele.<\/li>\n<\/ul>\n<p>&nbsp;<\/p>\n<h2><strong>V\u00fdhody 5LB stu\u017eova\u010da klob\u00e1s:<\/strong><\/h2>\n<ul>\n<li><strong>Kontrola<\/strong>: Manu\u00e1lne ovl\u00e1danie umo\u017e\u0148uje presn\u00fa kontrolu procesu plnenia.<\/li>\n<li><strong>Cenov\u00e1 dostupnos\u0165<\/strong>: V\u0161eobecne s\u00fa cenovo dostupnej\u0161ie ako elektrick\u00e9 modely.<\/li>\n<li><strong>Kompaktn\u00fd dizajn<\/strong>: Zaber\u00e1 menej miesta v porovnan\u00ed s horizont\u00e1lnymi plni\u010dkami.<\/li>\n<li><strong>Spo\u013eahlivos\u0165<\/strong>: Menej mechanick\u00fdch \u010dast\u00ed znamen\u00e1 menej mo\u017enost\u00ed por\u00fach<\/li>\n<\/ul>","protected":false},"excerpt":{"rendered":"<h4><strong><span class=\"Y2IQFc\" lang=\"en\">Z\u00e1kladn\u00e9 parametre<\/span><\/strong><\/h4>\n<p>Typ\uff1avertik\u00e1lny m<span class=\"Y2IQFc\" lang=\"en\">anu\u00e1l s<\/span>ausage stuffer<\/p>\n<p>Priemer valca xl (mm): \uffe0140*320<\/p>\n<p>Ve\u013ekos\u0165\uff1a300*340*690\uff08mm\uff09<\/p>\n<p>\u010cist\u00e1 hmotnos\u0165 \uff1a10,5 KG<\/p>\n<p id=\"tw-target-text\" class=\"tw-data-text tw-text-large tw-ta\" dir=\"ltr\" data-placeholder=\"Translation\" aria-label=\"Prelo\u017een\u00fd text\" data-ved=\"2ahUKEwikr8X52saHAxV4mq8BHbZ8AHMQ3ewLegQIEhAU\"><span class=\"Y2IQFc\" lang=\"en\">Objem \uff1a5 L<\/span><\/p>","protected":false},"featured_media":1554,"template":"","meta":[],"product_brand":[],"product_cat":[47],"product_tag":[],"class_list":{"0":"post-1562","1":"product","2":"type-product","3":"status-publish","4":"has-post-thumbnail","6":"product_cat-vertical-manual-sausage-stuffer","8":"first","9":"instock","10":"shipping-taxable","11":"product-type-simple"},"_links":{"self":[{"href":"https:\/\/sausage-stuffer.com\/sk\/wp-json\/wp\/v2\/product\/1562","targetHints":{"allow":["GET"]}}],"collection":[{"href":"https:\/\/sausage-stuffer.com\/sk\/wp-json\/wp\/v2\/product"}],"about":[{"href":"https:\/\/sausage-stuffer.com\/sk\/wp-json\/wp\/v2\/types\/product"}],"wp:featuredmedia":[{"embeddable":true,"href":"https:\/\/sausage-stuffer.com\/sk\/wp-json\/wp\/v2\/media\/1554"}],"wp:attachment":[{"href":"https:\/\/sausage-stuffer.com\/sk\/wp-json\/wp\/v2\/media?parent=1562"}],"wp:term":[{"taxonomy":"product_brand","embeddable":true,"href":"https:\/\/sausage-stuffer.com\/sk\/wp-json\/wp\/v2\/product_brand?post=1562"},{"taxonomy":"product_cat","embeddable":true,"href":"https:\/\/sausage-stuffer.com\/sk\/wp-json\/wp\/v2\/product_cat?post=1562"},{"taxonomy":"product_tag","embeddable":true,"href":"https:\/\/sausage-stuffer.com\/sk\/wp-json\/wp\/v2\/product_tag?post=1562"}],"curies":[{"name":"wp","href":"https:\/\/api.w.org\/{rel}","templated":true}]}}