{"id":1693,"date":"2024-07-26T10:28:23","date_gmt":"2024-07-26T10:28:23","guid":{"rendered":"https:\/\/sausage-stuffer.com\/?post_type=product&#038;p=1693"},"modified":"2024-08-03T07:19:27","modified_gmt":"2024-08-03T07:19:27","slug":"electric-bone-cutting-machine-jg210a","status":"publish","type":"product","link":"https:\/\/sausage-stuffer.com\/ro\/manufacturer\/electric-bone-cutting-machine-jg210a\/","title":{"rendered":"Ma\u0219in\u0103 electric\u0103 de t\u0103iat os JG210A"},"content":{"rendered":"<p>\u00cen compara\u021bie cu JG210, carcasa JG210A este realizat\u0103 \u00een principal din material de fier, iar aspectul este mai la mod\u0103 prin procesul de vopsire prin pulverizare, p\u0103str\u00e2nd \u00een acela\u0219i timp partea principal\u0103 realizat\u0103 din material din o\u021bel inoxidabil care respect\u0103 standardele de siguran\u021b\u0103 alimentar\u0103. Acest design \u00eembun\u0103t\u0103\u021bit poate spori atractivitatea vizual\u0103 a produsului, asigur\u00e2nd \u00een acela\u0219i timp siguran\u021ba p\u0103r\u021bilor care intr\u0103 \u00een contact cu alimentele.<\/p>\n<h4><strong>Ma\u0219in\u0103 de t\u0103iat oase Aplica\u021bie:<\/strong><\/h4>\n<ul>\n<li>Potrivit pentru fabrica de prelucrare a alimentelor, industria de catering, cantin\u0103, poate t\u0103ia toate tipurile de oase, carne congelat\u0103, pe\u0219te congelat \u0219i t\u0103iere rasorial.<\/li>\n<li>Ma\u0219ina este utilizat\u0103 pentru t\u0103ierea c\u0103rnii congelate \u0219i a c\u0103rnii la temperatur\u0103 normal\u0103, dar nu este bun\u0103 pentru carnea f\u0103r\u0103 oase la temperatur\u0103 normal\u0103.<\/li>\n<\/ul>\n<p>&nbsp;<\/p>\n<p><strong><b>Caracteristici:<\/b><\/strong><\/p>\n<ul>\n<li>Eficien\u021b\u0103 ridicat\u0103, consum redus, siguran\u021b\u0103 \u0219i fiabilitate.<\/li>\n<li>Manipulare u\u0219or de utilizat, curat convenabil, performan\u021b\u0103 stabil\u0103<\/li>\n<li>Corp din aliaj de aluminiu, p\u0103r\u021bile \u00een contact cu alimentele sunt realizate din o\u021bel inoxidabil 304, lam\u0103 de fer\u0103str\u0103u din o\u021bel solid, ferm\u0103 \u0219i durabil\u0103<\/li>\n<li>Dispozitiv de siguran\u021b\u0103 impermeabil \u00eencorporat, atunci c\u00e2nd capacul exterior al ma\u0219inii se deschide, acesta va \u00eenceta s\u0103 func\u021bioneze<\/li>\n<\/ul>","protected":false},"excerpt":{"rendered":"<h4><strong><span class=\"Y2IQFc\" lang=\"en\">Ma\u0219in\u0103 de t\u0103iat os JG210A Parametri tehnici\uff1a<\/span><\/strong><\/h4>\n<ul>\n<li class=\"tw-data-text tw-text-large tw-ta\" dir=\"ltr\" data-placeholder=\"Translation\" aria-label=\"Text tradus\" data-ved=\"2ahUKEwj2ucO6-8mHAxXmh68BHRM1GoEQ3ewLegQIEBAU\">Tensiune \uff1a110 -220 v<\/li>\n<li class=\"tw-data-text tw-text-large tw-ta\" dir=\"ltr\" data-placeholder=\"Translation\" aria-label=\"Text tradus\" data-ved=\"2ahUKEwj2ucO6-8mHAxXmh68BHRM1GoEQ3ewLegQIEBAU\"><span class=\"Y2IQFc\" lang=\"en\">Frecven\u021b\u0103 \uff1a50\/60 Hz<\/span><\/li>\n<li dir=\"ltr\" data-placeholder=\"Translation\" aria-label=\"Text tradus\" data-ved=\"2ahUKEwj2ucO6-8mHAxXmh68BHRM1GoEQ3ewLegQIEBAU\">Puterea motorului :750 w<\/li>\n<li dir=\"ltr\" data-placeholder=\"Translation\" aria-label=\"Text tradus\" data-ved=\"2ahUKEwj2ucO6-8mHAxXmh68BHRM1GoEQ3ewLegQIEBAU\">Specifica\u021biile mesei: 400*510 mm<\/li>\n<li dir=\"ltr\" data-placeholder=\"Translation\" aria-label=\"Text tradus\" data-ved=\"2ahUKEwj2ucO6-8mHAxXmh68BHRM1GoEQ3ewLegQIEBAU\">Grosimea t\u0103ieturii: 5-150 mm<\/li>\n<li dir=\"ltr\" data-placeholder=\"Translation\" aria-label=\"Text tradus\" data-ved=\"2ahUKEwj2ucO6-8mHAxXmh68BHRM1GoEQ3ewLegQIEBAU\">\u00cen\u0103l\u021bimea de t\u0103iere :245 mm<\/li>\n<li dir=\"ltr\" data-placeholder=\"Translation\" aria-label=\"Text tradus\" data-ved=\"2ahUKEwj2ucO6-8mHAxXmh68BHRM1GoEQ3ewLegQIEBAU\">G.W\/N.W :46 KG\/36 KG<\/li>\n<li dir=\"ltr\" data-placeholder=\"Translation\" aria-label=\"Text tradus\" data-ved=\"2ahUKEwj2ucO6-8mHAxXmh68BHRM1GoEQ3ewLegQIEBAU\">Dimensiunea produsului: 51 * 51 * 86 cm<\/li>\n<li dir=\"ltr\" data-placeholder=\"Translation\" aria-label=\"Text tradus\" data-ved=\"2ahUKEwj2ucO6-8mHAxXmh68BHRM1GoEQ3ewLegQIEBAU\">Dimensiunea pachetului: 61 * 61 * 96 cm<\/li>\n<\/ul>","protected":false},"featured_media":1761,"template":"","meta":[],"product_brand":[],"product_cat":[44],"product_tag":[],"class_list":{"0":"post-1693","1":"product","2":"type-product","3":"status-publish","4":"has-post-thumbnail","6":"product_cat-bone-cutting-machine","8":"first","9":"instock","10":"shipping-taxable","11":"product-type-simple"},"_links":{"self":[{"href":"https:\/\/sausage-stuffer.com\/ro\/wp-json\/wp\/v2\/product\/1693","targetHints":{"allow":["GET"]}}],"collection":[{"href":"https:\/\/sausage-stuffer.com\/ro\/wp-json\/wp\/v2\/product"}],"about":[{"href":"https:\/\/sausage-stuffer.com\/ro\/wp-json\/wp\/v2\/types\/product"}],"wp:featuredmedia":[{"embeddable":true,"href":"https:\/\/sausage-stuffer.com\/ro\/wp-json\/wp\/v2\/media\/1761"}],"wp:attachment":[{"href":"https:\/\/sausage-stuffer.com\/ro\/wp-json\/wp\/v2\/media?parent=1693"}],"wp:term":[{"taxonomy":"product_brand","embeddable":true,"href":"https:\/\/sausage-stuffer.com\/ro\/wp-json\/wp\/v2\/product_brand?post=1693"},{"taxonomy":"product_cat","embeddable":true,"href":"https:\/\/sausage-stuffer.com\/ro\/wp-json\/wp\/v2\/product_cat?post=1693"},{"taxonomy":"product_tag","embeddable":true,"href":"https:\/\/sausage-stuffer.com\/ro\/wp-json\/wp\/v2\/product_tag?post=1693"}],"curies":[{"name":"wp","href":"https:\/\/api.w.org\/{rel}","templated":true}]}}